{"id":3700,"date":"2019-01-22T17:34:19","date_gmt":"2019-01-22T16:34:19","guid":{"rendered":"http:\/\/dev.editionsdudauphin.com\/.\/uncategorized\/title-to-provide-106"},"modified":"2019-04-03T15:15:25","modified_gmt":"2019-04-03T13:15:25","slug":"title-to-provide-106","status":"publish","type":"product","link":"https:\/\/editionsdudauphin.com\/en\/livre\/subjects\/society-history-ecology\/history\/title-to-provide-106","title":{"rendered":"L&#8217;Histoire de la chirurgie du silex \u00e0 nos jours"},"content":{"rendered":"<p>Did you know that, not until the successful surgery of Louis the XIV in 1686 by F\u00e9lix de Tassy, for his anal fistula, was surgery finally recognized as a profession? In this illustrated book, Dr Pierre-Louis Choukroun relates numerous anecdotes that led to major discoveries in the art of surgery, from Prehistoric practitioners operating with primal flintstone instruments, to today\u2019s high-tech technicians. This book is a meeting of the obscure with the well-known personalities of the international medical and surgical world, fundamental to the progress of mankind. For example, in the 16th Century, two very significant discoveries were made: Anesthesia (Wells and Morton). and hand disinfection and sterilization (asepsis) (Semmelweis, Pasteur and List). In the 20th Century the fight against infection, blood transfusion, medical imaging, laser surgery and organ transplants became routine. And, thanks to fiber-optics, cameras and computing have become part of today and tomorrow\u2019s surgical environment : The first ten years of this 21st Century has been especially rich in innovations &#8211; robotics surgery, remote surgery, nanotechnology &#8211; and specific discoveries in each surgical discipline. We are on the threshold of revolutionary breakthroughs, tweaking the very core of cells, and even chromosomes.<\/p>\n","protected":false},"excerpt":{"rendered":"<p>Did you know that, not until the successful surgery of  [&#8230;]<\/p>\n","protected":false},"featured_media":3701,"template":"","meta":{"_acf_changed":false,"wpupg_custom_link":[],"wpupg_custom_link_behaviour":[],"wpupg_custom_link_nofollow":[],"wpupg_custom_image":[],"wpupg_custom_image_id":[]},"product_brand":[],"product_cat":[184],"product_tag":[],"class_list":{"0":"post-3700","1":"product","2":"type-product","3":"status-publish","4":"has-post-thumbnail","6":"product_cat-history","8":"first","9":"instock","10":"taxable","11":"shipping-taxable","12":"purchasable","13":"product-type-simple"},"acf":[],"yoast_head":"<!-- This site is optimized with the Yoast SEO plugin v27.3 - https:\/\/yoast.com\/product\/yoast-seo-wordpress\/ -->\n<title>L&#039;Histoire de la chirurgie du silex \u00e0 nos jours - \u00c9ditions du Dauphin<\/title>\n<meta name=\"description\" content=\"Did you know that, not until the successful surgery of Louis the XIV in 1686 by F\u00e9lix de Tassy, for his anal fistula, was surgery finally recognized as a\" \/>\n<meta name=\"robots\" content=\"index, follow, max-snippet:-1, max-image-preview:large, max-video-preview:-1\" \/>\n<link rel=\"canonical\" href=\"https:\/\/editionsdudauphin.com\/en\/livre\/subjects\/society-history-ecology\/history\/title-to-provide-106\" \/>\n<meta property=\"og:locale\" content=\"en_US\" \/>\n<meta property=\"og:type\" content=\"article\" \/>\n<meta property=\"og:title\" content=\"L&#039;Histoire de la chirurgie du silex \u00e0 nos jours - \u00c9ditions du Dauphin\" \/>\n<meta property=\"og:description\" content=\"Did you know that, not until the successful surgery of Louis the XIV in 1686 by F\u00e9lix de Tassy, for his anal fistula, was surgery finally recognized as a\" \/>\n<meta property=\"og:url\" content=\"https:\/\/editionsdudauphin.com\/en\/livre\/subjects\/society-history-ecology\/history\/title-to-provide-106\" \/>\n<meta property=\"og:site_name\" content=\"\u00c9ditions du Dauphin\" \/>\n<meta property=\"article:modified_time\" content=\"2019-04-03T13:15:25+00:00\" \/>\n<meta property=\"og:image\" content=\"https:\/\/editionsdudauphin.com\/wp-content\/uploads\/2019\/01\/9782716316392_Histoire_Chirurgie-1.jpg\" \/>\n\t<meta property=\"og:image:width\" content=\"1624\" \/>\n\t<meta property=\"og:image:height\" content=\"1920\" \/>\n\t<meta property=\"og:image:type\" content=\"image\/jpeg\" \/>\n<meta name=\"twitter:card\" content=\"summary_large_image\" \/>\n<meta name=\"twitter:label1\" content=\"Est. reading time\" \/>\n\t<meta name=\"twitter:data1\" content=\"1 minute\" \/>\n<script type=\"application\/ld+json\" class=\"yoast-schema-graph\">{\"@context\":\"https:\\\/\\\/schema.org\",\"@graph\":[{\"@type\":\"WebPage\",\"@id\":\"https:\\\/\\\/editionsdudauphin.com\\\/en\\\/livre\\\/subjects\\\/society-history-ecology\\\/history\\\/title-to-provide-106\",\"url\":\"https:\\\/\\\/editionsdudauphin.com\\\/en\\\/livre\\\/subjects\\\/society-history-ecology\\\/history\\\/title-to-provide-106\",\"name\":\"L'Histoire de la chirurgie du silex \u00e0 nos jours - \u00c9ditions du Dauphin\",\"isPartOf\":{\"@id\":\"https:\\\/\\\/editionsdudauphin.com\\\/en#website\"},\"primaryImageOfPage\":{\"@id\":\"https:\\\/\\\/editionsdudauphin.com\\\/en\\\/livre\\\/subjects\\\/society-history-ecology\\\/history\\\/title-to-provide-106#primaryimage\"},\"image\":{\"@id\":\"https:\\\/\\\/editionsdudauphin.com\\\/en\\\/livre\\\/subjects\\\/society-history-ecology\\\/history\\\/title-to-provide-106#primaryimage\"},\"thumbnailUrl\":\"https:\\\/\\\/editionsdudauphin.com\\\/wp-content\\\/uploads\\\/2019\\\/01\\\/9782716316392_Histoire_Chirurgie-1.jpg\",\"datePublished\":\"2019-01-22T16:34:19+00:00\",\"dateModified\":\"2019-04-03T13:15:25+00:00\",\"description\":\"Did you know that, not until the successful surgery of Louis the XIV in 1686 by F\u00e9lix de Tassy, for his anal fistula, was surgery finally recognized as a\",\"breadcrumb\":{\"@id\":\"https:\\\/\\\/editionsdudauphin.com\\\/en\\\/livre\\\/subjects\\\/society-history-ecology\\\/history\\\/title-to-provide-106#breadcrumb\"},\"inLanguage\":\"en-US\",\"potentialAction\":[{\"@type\":\"ReadAction\",\"target\":[\"https:\\\/\\\/editionsdudauphin.com\\\/en\\\/livre\\\/subjects\\\/society-history-ecology\\\/history\\\/title-to-provide-106\"]}]},{\"@type\":\"ImageObject\",\"inLanguage\":\"en-US\",\"@id\":\"https:\\\/\\\/editionsdudauphin.com\\\/en\\\/livre\\\/subjects\\\/society-history-ecology\\\/history\\\/title-to-provide-106#primaryimage\",\"url\":\"https:\\\/\\\/editionsdudauphin.com\\\/wp-content\\\/uploads\\\/2019\\\/01\\\/9782716316392_Histoire_Chirurgie-1.jpg\",\"contentUrl\":\"https:\\\/\\\/editionsdudauphin.com\\\/wp-content\\\/uploads\\\/2019\\\/01\\\/9782716316392_Histoire_Chirurgie-1.jpg\",\"width\":1624,\"height\":1920,\"caption\":\"Histoire_Chirurgie\"},{\"@type\":\"BreadcrumbList\",\"@id\":\"https:\\\/\\\/editionsdudauphin.com\\\/en\\\/livre\\\/subjects\\\/society-history-ecology\\\/history\\\/title-to-provide-106#breadcrumb\",\"itemListElement\":[{\"@type\":\"ListItem\",\"position\":1,\"name\":\"Accueil\",\"item\":\"https:\\\/\\\/editionsdudauphin.com\\\/en\"},{\"@type\":\"ListItem\",\"position\":2,\"name\":\"Boutique\",\"item\":\"https:\\\/\\\/editionsdudauphin.com\\\/boutique\"},{\"@type\":\"ListItem\",\"position\":3,\"name\":\"L&#8217;Histoire de la chirurgie du silex \u00e0 nos jours\"}]},{\"@type\":\"WebSite\",\"@id\":\"https:\\\/\\\/editionsdudauphin.com\\\/en#website\",\"url\":\"https:\\\/\\\/editionsdudauphin.com\\\/en\",\"name\":\"\u00c9ditions du Dauphin\",\"description\":\"\",\"potentialAction\":[{\"@type\":\"SearchAction\",\"target\":{\"@type\":\"EntryPoint\",\"urlTemplate\":\"https:\\\/\\\/editionsdudauphin.com\\\/en?s={search_term_string}\"},\"query-input\":{\"@type\":\"PropertyValueSpecification\",\"valueRequired\":true,\"valueName\":\"search_term_string\"}}],\"inLanguage\":\"en-US\"}]}<\/script>\n<!-- \/ Yoast SEO plugin. -->","yoast_head_json":{"title":"L'Histoire de la chirurgie du silex \u00e0 nos jours - \u00c9ditions du Dauphin","description":"Did you know that, not until the successful surgery of Louis the XIV in 1686 by F\u00e9lix de Tassy, for his anal fistula, was surgery finally recognized as a","robots":{"index":"index","follow":"follow","max-snippet":"max-snippet:-1","max-image-preview":"max-image-preview:large","max-video-preview":"max-video-preview:-1"},"canonical":"https:\/\/editionsdudauphin.com\/en\/livre\/subjects\/society-history-ecology\/history\/title-to-provide-106","og_locale":"en_US","og_type":"article","og_title":"L'Histoire de la chirurgie du silex \u00e0 nos jours - \u00c9ditions du Dauphin","og_description":"Did you know that, not until the successful surgery of Louis the XIV in 1686 by F\u00e9lix de Tassy, for his anal fistula, was surgery finally recognized as a","og_url":"https:\/\/editionsdudauphin.com\/en\/livre\/subjects\/society-history-ecology\/history\/title-to-provide-106","og_site_name":"\u00c9ditions du Dauphin","article_modified_time":"2019-04-03T13:15:25+00:00","og_image":[{"width":1624,"height":1920,"url":"https:\/\/editionsdudauphin.com\/wp-content\/uploads\/2019\/01\/9782716316392_Histoire_Chirurgie-1.jpg","type":"image\/jpeg"}],"twitter_card":"summary_large_image","twitter_misc":{"Est. reading time":"1 minute"},"schema":{"@context":"https:\/\/schema.org","@graph":[{"@type":"WebPage","@id":"https:\/\/editionsdudauphin.com\/en\/livre\/subjects\/society-history-ecology\/history\/title-to-provide-106","url":"https:\/\/editionsdudauphin.com\/en\/livre\/subjects\/society-history-ecology\/history\/title-to-provide-106","name":"L'Histoire de la chirurgie du silex \u00e0 nos jours - \u00c9ditions du Dauphin","isPartOf":{"@id":"https:\/\/editionsdudauphin.com\/en#website"},"primaryImageOfPage":{"@id":"https:\/\/editionsdudauphin.com\/en\/livre\/subjects\/society-history-ecology\/history\/title-to-provide-106#primaryimage"},"image":{"@id":"https:\/\/editionsdudauphin.com\/en\/livre\/subjects\/society-history-ecology\/history\/title-to-provide-106#primaryimage"},"thumbnailUrl":"https:\/\/editionsdudauphin.com\/wp-content\/uploads\/2019\/01\/9782716316392_Histoire_Chirurgie-1.jpg","datePublished":"2019-01-22T16:34:19+00:00","dateModified":"2019-04-03T13:15:25+00:00","description":"Did you know that, not until the successful surgery of Louis the XIV in 1686 by F\u00e9lix de Tassy, for his anal fistula, was surgery finally recognized as a","breadcrumb":{"@id":"https:\/\/editionsdudauphin.com\/en\/livre\/subjects\/society-history-ecology\/history\/title-to-provide-106#breadcrumb"},"inLanguage":"en-US","potentialAction":[{"@type":"ReadAction","target":["https:\/\/editionsdudauphin.com\/en\/livre\/subjects\/society-history-ecology\/history\/title-to-provide-106"]}]},{"@type":"ImageObject","inLanguage":"en-US","@id":"https:\/\/editionsdudauphin.com\/en\/livre\/subjects\/society-history-ecology\/history\/title-to-provide-106#primaryimage","url":"https:\/\/editionsdudauphin.com\/wp-content\/uploads\/2019\/01\/9782716316392_Histoire_Chirurgie-1.jpg","contentUrl":"https:\/\/editionsdudauphin.com\/wp-content\/uploads\/2019\/01\/9782716316392_Histoire_Chirurgie-1.jpg","width":1624,"height":1920,"caption":"Histoire_Chirurgie"},{"@type":"BreadcrumbList","@id":"https:\/\/editionsdudauphin.com\/en\/livre\/subjects\/society-history-ecology\/history\/title-to-provide-106#breadcrumb","itemListElement":[{"@type":"ListItem","position":1,"name":"Accueil","item":"https:\/\/editionsdudauphin.com\/en"},{"@type":"ListItem","position":2,"name":"Boutique","item":"https:\/\/editionsdudauphin.com\/boutique"},{"@type":"ListItem","position":3,"name":"L&#8217;Histoire de la chirurgie du silex \u00e0 nos jours"}]},{"@type":"WebSite","@id":"https:\/\/editionsdudauphin.com\/en#website","url":"https:\/\/editionsdudauphin.com\/en","name":"\u00c9ditions du Dauphin","description":"","potentialAction":[{"@type":"SearchAction","target":{"@type":"EntryPoint","urlTemplate":"https:\/\/editionsdudauphin.com\/en?s={search_term_string}"},"query-input":{"@type":"PropertyValueSpecification","valueRequired":true,"valueName":"search_term_string"}}],"inLanguage":"en-US"}]}},"_links":{"self":[{"href":"https:\/\/editionsdudauphin.com\/en\/wp-json\/wp\/v2\/product\/3700","targetHints":{"allow":["GET"]}}],"collection":[{"href":"https:\/\/editionsdudauphin.com\/en\/wp-json\/wp\/v2\/product"}],"about":[{"href":"https:\/\/editionsdudauphin.com\/en\/wp-json\/wp\/v2\/types\/product"}],"wp:featuredmedia":[{"embeddable":true,"href":"https:\/\/editionsdudauphin.com\/en\/wp-json\/wp\/v2\/media\/3701"}],"wp:attachment":[{"href":"https:\/\/editionsdudauphin.com\/en\/wp-json\/wp\/v2\/media?parent=3700"}],"wp:term":[{"taxonomy":"product_brand","embeddable":true,"href":"https:\/\/editionsdudauphin.com\/en\/wp-json\/wp\/v2\/product_brand?post=3700"},{"taxonomy":"product_cat","embeddable":true,"href":"https:\/\/editionsdudauphin.com\/en\/wp-json\/wp\/v2\/product_cat?post=3700"},{"taxonomy":"product_tag","embeddable":true,"href":"https:\/\/editionsdudauphin.com\/en\/wp-json\/wp\/v2\/product_tag?post=3700"}],"curies":[{"name":"wp","href":"https:\/\/api.w.org\/{rel}","templated":true}]}}