{"id":3714,"date":"2010-03-11T17:15:08","date_gmt":"2019-01-23T16:15:08","guid":{"rendered":"http:\/\/dev.editionsdudauphin.com\/.\/uncategorized\/title-to-provide-112"},"modified":"2019-04-03T17:24:11","modified_gmt":"2019-04-03T15:24:11","slug":"savoir-bien-choisir-acheter","status":"publish","type":"product","link":"https:\/\/editionsdudauphin.com\/en\/livre\/subjects\/everyday-life\/how-to\/savoir-bien-choisir-acheter","title":{"rendered":"Savoir BIEN CHOISIR &#038; ACHETER"},"content":{"rendered":"<p>Clothing \/ Decorating items \/ Gastronomy \/ Life-style&#8230; 1000 tips and hints on how to spot quality in what you buy Do you know how to: -Try on a suit? -Decipher the technical jargon used for tiles or textiles? -Recognize the construction of a shoe? &#8211; Recognize a quality carpet? &#8211; Estimate the life-span of a leather settee, a candle? &#8211; Understand what makes the difference between a 5 euro and a 50 euro knife? -Examine a handbag? &#8211; Choose a sturdy umbrella? &#8211; Avoid being conned by a fake \u2018handmade\u2019 pottery? &#8211; Tell the difference between glass and crystal, true and fake gilding? &#8211; Find the best teas, the best coffees, the best chocolates, the best spices? Our grannies used to say \u201cWe can\u2019t afford to buy cheap\u201d And they were so right! Because buying quality is to invest in durability. In the long run, it\u2019s good for the purse, good for the planet and good for the economy because quality products are very often made in our country! The throw-away era is over, here comes the sustainable era. The fruit of dozens of interviews with craftsmen and professionals dedicated to their trade, this guide tells you everything you need to know to buy fifty everyday objects and products we use without really knowing them: shirts, jeans, hats, ties, scarves, glasses, watches, perfume, furniture, frames, bookbinding, pens, musical instruments\u2026\u2026.. Olivier Barrellier is a journalist specialized in sustainable development technology. Ines Peyret is a journalist. She is the author of: Le Dictionnaire \u00e0 tout faire, Vinaigres \u00e0 tout faire, Le Dictionnaire \u00e0 tout faire du jardin, R\u00e9cup\u00e9ration Et Recyclage \u00c0 Tout Faire,.<\/p>\n","protected":false},"excerpt":{"rendered":"<p>Clothing \/ Decorating items \/ Gastronomy \/ Life-style&#8230; 1000 tips  [&#8230;]<\/p>\n","protected":false},"featured_media":3715,"template":"","meta":{"_acf_changed":false,"wpupg_custom_link":[],"wpupg_custom_link_behaviour":[],"wpupg_custom_link_nofollow":[],"wpupg_custom_image":[],"wpupg_custom_image_id":[]},"product_brand":[],"product_cat":[187],"product_tag":[],"class_list":{"0":"post-3714","1":"product","2":"type-product","3":"status-publish","4":"has-post-thumbnail","6":"product_cat-how-to","8":"first","9":"instock","10":"taxable","11":"shipping-taxable","12":"purchasable","13":"product-type-simple"},"acf":[],"yoast_head":"<!-- This site is optimized with the Yoast SEO plugin v27.3 - https:\/\/yoast.com\/product\/yoast-seo-wordpress\/ -->\n<title>Savoir BIEN CHOISIR &amp; ACHETER - \u00c9ditions du Dauphin<\/title>\n<meta name=\"description\" content=\"Clothing \/ Decorating items \/ Gastronomy \/ Life-style... 1000 tips and hints on how to spot quality in what you buy Do you know how to: -Try on a suit?\" \/>\n<meta name=\"robots\" content=\"index, follow, max-snippet:-1, max-image-preview:large, max-video-preview:-1\" \/>\n<link rel=\"canonical\" href=\"https:\/\/editionsdudauphin.com\/en\/livre\/subjects\/everyday-life\/how-to\/savoir-bien-choisir-acheter\" \/>\n<meta property=\"og:locale\" content=\"en_US\" \/>\n<meta property=\"og:type\" content=\"article\" \/>\n<meta property=\"og:title\" content=\"Savoir BIEN CHOISIR &amp; ACHETER - \u00c9ditions du Dauphin\" \/>\n<meta property=\"og:description\" content=\"Clothing \/ Decorating items \/ Gastronomy \/ Life-style... 1000 tips and hints on how to spot quality in what you buy Do you know how to: -Try on a suit?\" \/>\n<meta property=\"og:url\" content=\"https:\/\/editionsdudauphin.com\/en\/livre\/subjects\/everyday-life\/how-to\/savoir-bien-choisir-acheter\" \/>\n<meta property=\"og:site_name\" content=\"\u00c9ditions du Dauphin\" \/>\n<meta property=\"article:modified_time\" content=\"2019-04-03T15:24:11+00:00\" \/>\n<meta property=\"og:image\" content=\"https:\/\/editionsdudauphin.com\/wp-content\/uploads\/2019\/01\/9782716314206_Achat_Raisonne_Qualite_Economie.jpg\" \/>\n\t<meta property=\"og:image:width\" content=\"448\" \/>\n\t<meta property=\"og:image:height\" content=\"662\" \/>\n\t<meta property=\"og:image:type\" content=\"image\/jpeg\" \/>\n<meta name=\"twitter:card\" content=\"summary_large_image\" \/>\n<meta name=\"twitter:label1\" content=\"Est. reading time\" \/>\n\t<meta name=\"twitter:data1\" content=\"1 minute\" \/>\n<script type=\"application\/ld+json\" class=\"yoast-schema-graph\">{\"@context\":\"https:\\\/\\\/schema.org\",\"@graph\":[{\"@type\":\"WebPage\",\"@id\":\"https:\\\/\\\/editionsdudauphin.com\\\/en\\\/livre\\\/subjects\\\/everyday-life\\\/how-to\\\/savoir-bien-choisir-acheter\",\"url\":\"https:\\\/\\\/editionsdudauphin.com\\\/en\\\/livre\\\/subjects\\\/everyday-life\\\/how-to\\\/savoir-bien-choisir-acheter\",\"name\":\"Savoir BIEN CHOISIR & ACHETER - \u00c9ditions du Dauphin\",\"isPartOf\":{\"@id\":\"https:\\\/\\\/editionsdudauphin.com\\\/en#website\"},\"primaryImageOfPage\":{\"@id\":\"https:\\\/\\\/editionsdudauphin.com\\\/en\\\/livre\\\/subjects\\\/everyday-life\\\/how-to\\\/savoir-bien-choisir-acheter#primaryimage\"},\"image\":{\"@id\":\"https:\\\/\\\/editionsdudauphin.com\\\/en\\\/livre\\\/subjects\\\/everyday-life\\\/how-to\\\/savoir-bien-choisir-acheter#primaryimage\"},\"thumbnailUrl\":\"https:\\\/\\\/editionsdudauphin.com\\\/wp-content\\\/uploads\\\/2019\\\/01\\\/9782716314206_Achat_Raisonne_Qualite_Economie.jpg\",\"datePublished\":\"2019-01-23T16:15:08+00:00\",\"dateModified\":\"2019-04-03T15:24:11+00:00\",\"description\":\"Clothing \\\/ Decorating items \\\/ Gastronomy \\\/ Life-style... 1000 tips and hints on how to spot quality in what you buy Do you know how to: -Try on a suit?\",\"breadcrumb\":{\"@id\":\"https:\\\/\\\/editionsdudauphin.com\\\/en\\\/livre\\\/subjects\\\/everyday-life\\\/how-to\\\/savoir-bien-choisir-acheter#breadcrumb\"},\"inLanguage\":\"en-US\",\"potentialAction\":[{\"@type\":\"ReadAction\",\"target\":[\"https:\\\/\\\/editionsdudauphin.com\\\/en\\\/livre\\\/subjects\\\/everyday-life\\\/how-to\\\/savoir-bien-choisir-acheter\"]}]},{\"@type\":\"ImageObject\",\"inLanguage\":\"en-US\",\"@id\":\"https:\\\/\\\/editionsdudauphin.com\\\/en\\\/livre\\\/subjects\\\/everyday-life\\\/how-to\\\/savoir-bien-choisir-acheter#primaryimage\",\"url\":\"https:\\\/\\\/editionsdudauphin.com\\\/wp-content\\\/uploads\\\/2019\\\/01\\\/9782716314206_Achat_Raisonne_Qualite_Economie.jpg\",\"contentUrl\":\"https:\\\/\\\/editionsdudauphin.com\\\/wp-content\\\/uploads\\\/2019\\\/01\\\/9782716314206_Achat_Raisonne_Qualite_Economie.jpg\",\"width\":448,\"height\":662,\"caption\":\"Achat_Raisonne_Qualite_Economie\"},{\"@type\":\"BreadcrumbList\",\"@id\":\"https:\\\/\\\/editionsdudauphin.com\\\/en\\\/livre\\\/subjects\\\/everyday-life\\\/how-to\\\/savoir-bien-choisir-acheter#breadcrumb\",\"itemListElement\":[{\"@type\":\"ListItem\",\"position\":1,\"name\":\"Accueil\",\"item\":\"https:\\\/\\\/editionsdudauphin.com\\\/en\"},{\"@type\":\"ListItem\",\"position\":2,\"name\":\"Boutique\",\"item\":\"https:\\\/\\\/editionsdudauphin.com\\\/boutique\"},{\"@type\":\"ListItem\",\"position\":3,\"name\":\"Savoir BIEN CHOISIR &#038; ACHETER\"}]},{\"@type\":\"WebSite\",\"@id\":\"https:\\\/\\\/editionsdudauphin.com\\\/en#website\",\"url\":\"https:\\\/\\\/editionsdudauphin.com\\\/en\",\"name\":\"\u00c9ditions du Dauphin\",\"description\":\"\",\"potentialAction\":[{\"@type\":\"SearchAction\",\"target\":{\"@type\":\"EntryPoint\",\"urlTemplate\":\"https:\\\/\\\/editionsdudauphin.com\\\/en?s={search_term_string}\"},\"query-input\":{\"@type\":\"PropertyValueSpecification\",\"valueRequired\":true,\"valueName\":\"search_term_string\"}}],\"inLanguage\":\"en-US\"}]}<\/script>\n<!-- \/ Yoast SEO plugin. -->","yoast_head_json":{"title":"Savoir BIEN CHOISIR & ACHETER - \u00c9ditions du Dauphin","description":"Clothing \/ Decorating items \/ Gastronomy \/ Life-style... 1000 tips and hints on how to spot quality in what you buy Do you know how to: -Try on a suit?","robots":{"index":"index","follow":"follow","max-snippet":"max-snippet:-1","max-image-preview":"max-image-preview:large","max-video-preview":"max-video-preview:-1"},"canonical":"https:\/\/editionsdudauphin.com\/en\/livre\/subjects\/everyday-life\/how-to\/savoir-bien-choisir-acheter","og_locale":"en_US","og_type":"article","og_title":"Savoir BIEN CHOISIR & ACHETER - \u00c9ditions du Dauphin","og_description":"Clothing \/ Decorating items \/ Gastronomy \/ Life-style... 1000 tips and hints on how to spot quality in what you buy Do you know how to: -Try on a suit?","og_url":"https:\/\/editionsdudauphin.com\/en\/livre\/subjects\/everyday-life\/how-to\/savoir-bien-choisir-acheter","og_site_name":"\u00c9ditions du Dauphin","article_modified_time":"2019-04-03T15:24:11+00:00","og_image":[{"width":448,"height":662,"url":"https:\/\/editionsdudauphin.com\/wp-content\/uploads\/2019\/01\/9782716314206_Achat_Raisonne_Qualite_Economie.jpg","type":"image\/jpeg"}],"twitter_card":"summary_large_image","twitter_misc":{"Est. reading time":"1 minute"},"schema":{"@context":"https:\/\/schema.org","@graph":[{"@type":"WebPage","@id":"https:\/\/editionsdudauphin.com\/en\/livre\/subjects\/everyday-life\/how-to\/savoir-bien-choisir-acheter","url":"https:\/\/editionsdudauphin.com\/en\/livre\/subjects\/everyday-life\/how-to\/savoir-bien-choisir-acheter","name":"Savoir BIEN CHOISIR & ACHETER - \u00c9ditions du Dauphin","isPartOf":{"@id":"https:\/\/editionsdudauphin.com\/en#website"},"primaryImageOfPage":{"@id":"https:\/\/editionsdudauphin.com\/en\/livre\/subjects\/everyday-life\/how-to\/savoir-bien-choisir-acheter#primaryimage"},"image":{"@id":"https:\/\/editionsdudauphin.com\/en\/livre\/subjects\/everyday-life\/how-to\/savoir-bien-choisir-acheter#primaryimage"},"thumbnailUrl":"https:\/\/editionsdudauphin.com\/wp-content\/uploads\/2019\/01\/9782716314206_Achat_Raisonne_Qualite_Economie.jpg","datePublished":"2019-01-23T16:15:08+00:00","dateModified":"2019-04-03T15:24:11+00:00","description":"Clothing \/ Decorating items \/ Gastronomy \/ Life-style... 1000 tips and hints on how to spot quality in what you buy Do you know how to: -Try on a suit?","breadcrumb":{"@id":"https:\/\/editionsdudauphin.com\/en\/livre\/subjects\/everyday-life\/how-to\/savoir-bien-choisir-acheter#breadcrumb"},"inLanguage":"en-US","potentialAction":[{"@type":"ReadAction","target":["https:\/\/editionsdudauphin.com\/en\/livre\/subjects\/everyday-life\/how-to\/savoir-bien-choisir-acheter"]}]},{"@type":"ImageObject","inLanguage":"en-US","@id":"https:\/\/editionsdudauphin.com\/en\/livre\/subjects\/everyday-life\/how-to\/savoir-bien-choisir-acheter#primaryimage","url":"https:\/\/editionsdudauphin.com\/wp-content\/uploads\/2019\/01\/9782716314206_Achat_Raisonne_Qualite_Economie.jpg","contentUrl":"https:\/\/editionsdudauphin.com\/wp-content\/uploads\/2019\/01\/9782716314206_Achat_Raisonne_Qualite_Economie.jpg","width":448,"height":662,"caption":"Achat_Raisonne_Qualite_Economie"},{"@type":"BreadcrumbList","@id":"https:\/\/editionsdudauphin.com\/en\/livre\/subjects\/everyday-life\/how-to\/savoir-bien-choisir-acheter#breadcrumb","itemListElement":[{"@type":"ListItem","position":1,"name":"Accueil","item":"https:\/\/editionsdudauphin.com\/en"},{"@type":"ListItem","position":2,"name":"Boutique","item":"https:\/\/editionsdudauphin.com\/boutique"},{"@type":"ListItem","position":3,"name":"Savoir BIEN CHOISIR &#038; ACHETER"}]},{"@type":"WebSite","@id":"https:\/\/editionsdudauphin.com\/en#website","url":"https:\/\/editionsdudauphin.com\/en","name":"\u00c9ditions du Dauphin","description":"","potentialAction":[{"@type":"SearchAction","target":{"@type":"EntryPoint","urlTemplate":"https:\/\/editionsdudauphin.com\/en?s={search_term_string}"},"query-input":{"@type":"PropertyValueSpecification","valueRequired":true,"valueName":"search_term_string"}}],"inLanguage":"en-US"}]}},"_links":{"self":[{"href":"https:\/\/editionsdudauphin.com\/en\/wp-json\/wp\/v2\/product\/3714","targetHints":{"allow":["GET"]}}],"collection":[{"href":"https:\/\/editionsdudauphin.com\/en\/wp-json\/wp\/v2\/product"}],"about":[{"href":"https:\/\/editionsdudauphin.com\/en\/wp-json\/wp\/v2\/types\/product"}],"wp:featuredmedia":[{"embeddable":true,"href":"https:\/\/editionsdudauphin.com\/en\/wp-json\/wp\/v2\/media\/3715"}],"wp:attachment":[{"href":"https:\/\/editionsdudauphin.com\/en\/wp-json\/wp\/v2\/media?parent=3714"}],"wp:term":[{"taxonomy":"product_brand","embeddable":true,"href":"https:\/\/editionsdudauphin.com\/en\/wp-json\/wp\/v2\/product_brand?post=3714"},{"taxonomy":"product_cat","embeddable":true,"href":"https:\/\/editionsdudauphin.com\/en\/wp-json\/wp\/v2\/product_cat?post=3714"},{"taxonomy":"product_tag","embeddable":true,"href":"https:\/\/editionsdudauphin.com\/en\/wp-json\/wp\/v2\/product_tag?post=3714"}],"curies":[{"name":"wp","href":"https:\/\/api.w.org\/{rel}","templated":true}]}}