{"id":3722,"date":"2017-06-22T17:19:42","date_gmt":"2019-01-25T16:19:42","guid":{"rendered":"http:\/\/dev.editionsdudauphin.com\/.\/uncategorized\/title-to-provide-115"},"modified":"2019-04-03T15:52:26","modified_gmt":"2019-04-03T13:52:26","slug":"title-to-provide-115","status":"publish","type":"product","link":"https:\/\/editionsdudauphin.com\/en\/livre\/subjects\/health-wellness\/wellness\/yoga-meditation-en\/title-to-provide-115","title":{"rendered":"Guide de m\u00e9ditation &#8211; le silence int\u00e9rieur"},"content":{"rendered":"<p>Being quiet, empty our mind, to rest, to meditate, those are vital exercices to face our daily lives with serenity and to redefine ourselves. This guide is an introduction for all to the buddhist meditation heritated from the &#8220;Ancient&#8221; tradition which is still learned in South Asia.<\/p>\n","protected":false},"excerpt":{"rendered":"<p>Being quiet, empty our mind, to rest, to meditate, those  [&#8230;]<\/p>\n","protected":false},"featured_media":3723,"template":"","meta":{"_acf_changed":false,"wpupg_custom_link":[],"wpupg_custom_link_behaviour":[],"wpupg_custom_link_nofollow":[],"wpupg_custom_image":[],"wpupg_custom_image_id":[]},"product_brand":[],"product_cat":[158],"product_tag":[],"class_list":{"0":"post-3722","1":"product","2":"type-product","3":"status-publish","4":"has-post-thumbnail","6":"product_cat-yoga-meditation-en","8":"first","9":"instock","10":"taxable","11":"shipping-taxable","12":"purchasable","13":"product-type-simple"},"acf":[],"yoast_head":"<!-- This site is optimized with the Yoast SEO plugin v27.3 - https:\/\/yoast.com\/product\/yoast-seo-wordpress\/ -->\n<title>Guide de m\u00e9ditation - le silence int\u00e9rieur - \u00c9ditions du Dauphin<\/title>\n<meta name=\"description\" content=\"Being quiet, empty our mind, to rest, to meditate, those are vital exercices to face our daily lives with serenity and to redefine ourselves. This guide\" \/>\n<meta name=\"robots\" content=\"index, follow, max-snippet:-1, max-image-preview:large, max-video-preview:-1\" \/>\n<link rel=\"canonical\" href=\"https:\/\/editionsdudauphin.com\/en\/livre\/subjects\/health-wellness\/wellness\/yoga-meditation-en\/title-to-provide-115\" \/>\n<meta property=\"og:locale\" content=\"en_US\" \/>\n<meta property=\"og:type\" content=\"article\" \/>\n<meta property=\"og:title\" content=\"Guide de m\u00e9ditation - le silence int\u00e9rieur - \u00c9ditions du Dauphin\" \/>\n<meta property=\"og:description\" content=\"Being quiet, empty our mind, to rest, to meditate, those are vital exercices to face our daily lives with serenity and to redefine ourselves. This guide\" \/>\n<meta property=\"og:url\" content=\"https:\/\/editionsdudauphin.com\/en\/livre\/subjects\/health-wellness\/wellness\/yoga-meditation-en\/title-to-provide-115\" \/>\n<meta property=\"og:site_name\" content=\"\u00c9ditions du Dauphin\" \/>\n<meta property=\"article:modified_time\" content=\"2019-04-03T13:52:26+00:00\" \/>\n<meta property=\"og:image\" content=\"https:\/\/editionsdudauphin.com\/wp-content\/uploads\/2019\/01\/9782716316156_Meditation-scaled.jpg\" \/>\n\t<meta property=\"og:image:width\" content=\"1304\" \/>\n\t<meta property=\"og:image:height\" content=\"1920\" \/>\n\t<meta property=\"og:image:type\" content=\"image\/jpeg\" \/>\n<meta name=\"twitter:card\" content=\"summary_large_image\" \/>\n<script type=\"application\/ld+json\" class=\"yoast-schema-graph\">{\"@context\":\"https:\\\/\\\/schema.org\",\"@graph\":[{\"@type\":\"WebPage\",\"@id\":\"https:\\\/\\\/editionsdudauphin.com\\\/en\\\/livre\\\/subjects\\\/health-wellness\\\/wellness\\\/yoga-meditation-en\\\/title-to-provide-115\",\"url\":\"https:\\\/\\\/editionsdudauphin.com\\\/en\\\/livre\\\/subjects\\\/health-wellness\\\/wellness\\\/yoga-meditation-en\\\/title-to-provide-115\",\"name\":\"Guide de m\u00e9ditation - le silence int\u00e9rieur - \u00c9ditions du Dauphin\",\"isPartOf\":{\"@id\":\"https:\\\/\\\/editionsdudauphin.com\\\/en#website\"},\"primaryImageOfPage\":{\"@id\":\"https:\\\/\\\/editionsdudauphin.com\\\/en\\\/livre\\\/subjects\\\/health-wellness\\\/wellness\\\/yoga-meditation-en\\\/title-to-provide-115#primaryimage\"},\"image\":{\"@id\":\"https:\\\/\\\/editionsdudauphin.com\\\/en\\\/livre\\\/subjects\\\/health-wellness\\\/wellness\\\/yoga-meditation-en\\\/title-to-provide-115#primaryimage\"},\"thumbnailUrl\":\"https:\\\/\\\/editionsdudauphin.com\\\/wp-content\\\/uploads\\\/2019\\\/01\\\/9782716316156_Meditation-scaled.jpg\",\"datePublished\":\"2019-01-25T16:19:42+00:00\",\"dateModified\":\"2019-04-03T13:52:26+00:00\",\"description\":\"Being quiet, empty our mind, to rest, to meditate, those are vital exercices to face our daily lives with serenity and to redefine ourselves. This guide\",\"breadcrumb\":{\"@id\":\"https:\\\/\\\/editionsdudauphin.com\\\/en\\\/livre\\\/subjects\\\/health-wellness\\\/wellness\\\/yoga-meditation-en\\\/title-to-provide-115#breadcrumb\"},\"inLanguage\":\"en-US\",\"potentialAction\":[{\"@type\":\"ReadAction\",\"target\":[\"https:\\\/\\\/editionsdudauphin.com\\\/en\\\/livre\\\/subjects\\\/health-wellness\\\/wellness\\\/yoga-meditation-en\\\/title-to-provide-115\"]}]},{\"@type\":\"ImageObject\",\"inLanguage\":\"en-US\",\"@id\":\"https:\\\/\\\/editionsdudauphin.com\\\/en\\\/livre\\\/subjects\\\/health-wellness\\\/wellness\\\/yoga-meditation-en\\\/title-to-provide-115#primaryimage\",\"url\":\"https:\\\/\\\/editionsdudauphin.com\\\/wp-content\\\/uploads\\\/2019\\\/01\\\/9782716316156_Meditation-scaled.jpg\",\"contentUrl\":\"https:\\\/\\\/editionsdudauphin.com\\\/wp-content\\\/uploads\\\/2019\\\/01\\\/9782716316156_Meditation-scaled.jpg\",\"width\":1304,\"height\":1920,\"caption\":\"Meditation\"},{\"@type\":\"BreadcrumbList\",\"@id\":\"https:\\\/\\\/editionsdudauphin.com\\\/en\\\/livre\\\/subjects\\\/health-wellness\\\/wellness\\\/yoga-meditation-en\\\/title-to-provide-115#breadcrumb\",\"itemListElement\":[{\"@type\":\"ListItem\",\"position\":1,\"name\":\"Accueil\",\"item\":\"https:\\\/\\\/editionsdudauphin.com\\\/en\"},{\"@type\":\"ListItem\",\"position\":2,\"name\":\"Boutique\",\"item\":\"https:\\\/\\\/editionsdudauphin.com\\\/boutique\"},{\"@type\":\"ListItem\",\"position\":3,\"name\":\"Guide de m\u00e9ditation &#8211; le silence int\u00e9rieur\"}]},{\"@type\":\"WebSite\",\"@id\":\"https:\\\/\\\/editionsdudauphin.com\\\/en#website\",\"url\":\"https:\\\/\\\/editionsdudauphin.com\\\/en\",\"name\":\"\u00c9ditions du Dauphin\",\"description\":\"\",\"potentialAction\":[{\"@type\":\"SearchAction\",\"target\":{\"@type\":\"EntryPoint\",\"urlTemplate\":\"https:\\\/\\\/editionsdudauphin.com\\\/en?s={search_term_string}\"},\"query-input\":{\"@type\":\"PropertyValueSpecification\",\"valueRequired\":true,\"valueName\":\"search_term_string\"}}],\"inLanguage\":\"en-US\"}]}<\/script>\n<!-- \/ Yoast SEO plugin. -->","yoast_head_json":{"title":"Guide de m\u00e9ditation - le silence int\u00e9rieur - \u00c9ditions du Dauphin","description":"Being quiet, empty our mind, to rest, to meditate, those are vital exercices to face our daily lives with serenity and to redefine ourselves. This guide","robots":{"index":"index","follow":"follow","max-snippet":"max-snippet:-1","max-image-preview":"max-image-preview:large","max-video-preview":"max-video-preview:-1"},"canonical":"https:\/\/editionsdudauphin.com\/en\/livre\/subjects\/health-wellness\/wellness\/yoga-meditation-en\/title-to-provide-115","og_locale":"en_US","og_type":"article","og_title":"Guide de m\u00e9ditation - le silence int\u00e9rieur - \u00c9ditions du Dauphin","og_description":"Being quiet, empty our mind, to rest, to meditate, those are vital exercices to face our daily lives with serenity and to redefine ourselves. This guide","og_url":"https:\/\/editionsdudauphin.com\/en\/livre\/subjects\/health-wellness\/wellness\/yoga-meditation-en\/title-to-provide-115","og_site_name":"\u00c9ditions du Dauphin","article_modified_time":"2019-04-03T13:52:26+00:00","og_image":[{"width":1304,"height":1920,"url":"https:\/\/editionsdudauphin.com\/wp-content\/uploads\/2019\/01\/9782716316156_Meditation-scaled.jpg","type":"image\/jpeg"}],"twitter_card":"summary_large_image","schema":{"@context":"https:\/\/schema.org","@graph":[{"@type":"WebPage","@id":"https:\/\/editionsdudauphin.com\/en\/livre\/subjects\/health-wellness\/wellness\/yoga-meditation-en\/title-to-provide-115","url":"https:\/\/editionsdudauphin.com\/en\/livre\/subjects\/health-wellness\/wellness\/yoga-meditation-en\/title-to-provide-115","name":"Guide de m\u00e9ditation - le silence int\u00e9rieur - \u00c9ditions du Dauphin","isPartOf":{"@id":"https:\/\/editionsdudauphin.com\/en#website"},"primaryImageOfPage":{"@id":"https:\/\/editionsdudauphin.com\/en\/livre\/subjects\/health-wellness\/wellness\/yoga-meditation-en\/title-to-provide-115#primaryimage"},"image":{"@id":"https:\/\/editionsdudauphin.com\/en\/livre\/subjects\/health-wellness\/wellness\/yoga-meditation-en\/title-to-provide-115#primaryimage"},"thumbnailUrl":"https:\/\/editionsdudauphin.com\/wp-content\/uploads\/2019\/01\/9782716316156_Meditation-scaled.jpg","datePublished":"2019-01-25T16:19:42+00:00","dateModified":"2019-04-03T13:52:26+00:00","description":"Being quiet, empty our mind, to rest, to meditate, those are vital exercices to face our daily lives with serenity and to redefine ourselves. This guide","breadcrumb":{"@id":"https:\/\/editionsdudauphin.com\/en\/livre\/subjects\/health-wellness\/wellness\/yoga-meditation-en\/title-to-provide-115#breadcrumb"},"inLanguage":"en-US","potentialAction":[{"@type":"ReadAction","target":["https:\/\/editionsdudauphin.com\/en\/livre\/subjects\/health-wellness\/wellness\/yoga-meditation-en\/title-to-provide-115"]}]},{"@type":"ImageObject","inLanguage":"en-US","@id":"https:\/\/editionsdudauphin.com\/en\/livre\/subjects\/health-wellness\/wellness\/yoga-meditation-en\/title-to-provide-115#primaryimage","url":"https:\/\/editionsdudauphin.com\/wp-content\/uploads\/2019\/01\/9782716316156_Meditation-scaled.jpg","contentUrl":"https:\/\/editionsdudauphin.com\/wp-content\/uploads\/2019\/01\/9782716316156_Meditation-scaled.jpg","width":1304,"height":1920,"caption":"Meditation"},{"@type":"BreadcrumbList","@id":"https:\/\/editionsdudauphin.com\/en\/livre\/subjects\/health-wellness\/wellness\/yoga-meditation-en\/title-to-provide-115#breadcrumb","itemListElement":[{"@type":"ListItem","position":1,"name":"Accueil","item":"https:\/\/editionsdudauphin.com\/en"},{"@type":"ListItem","position":2,"name":"Boutique","item":"https:\/\/editionsdudauphin.com\/boutique"},{"@type":"ListItem","position":3,"name":"Guide de m\u00e9ditation &#8211; le silence int\u00e9rieur"}]},{"@type":"WebSite","@id":"https:\/\/editionsdudauphin.com\/en#website","url":"https:\/\/editionsdudauphin.com\/en","name":"\u00c9ditions du Dauphin","description":"","potentialAction":[{"@type":"SearchAction","target":{"@type":"EntryPoint","urlTemplate":"https:\/\/editionsdudauphin.com\/en?s={search_term_string}"},"query-input":{"@type":"PropertyValueSpecification","valueRequired":true,"valueName":"search_term_string"}}],"inLanguage":"en-US"}]}},"_links":{"self":[{"href":"https:\/\/editionsdudauphin.com\/en\/wp-json\/wp\/v2\/product\/3722","targetHints":{"allow":["GET"]}}],"collection":[{"href":"https:\/\/editionsdudauphin.com\/en\/wp-json\/wp\/v2\/product"}],"about":[{"href":"https:\/\/editionsdudauphin.com\/en\/wp-json\/wp\/v2\/types\/product"}],"wp:featuredmedia":[{"embeddable":true,"href":"https:\/\/editionsdudauphin.com\/en\/wp-json\/wp\/v2\/media\/3723"}],"wp:attachment":[{"href":"https:\/\/editionsdudauphin.com\/en\/wp-json\/wp\/v2\/media?parent=3722"}],"wp:term":[{"taxonomy":"product_brand","embeddable":true,"href":"https:\/\/editionsdudauphin.com\/en\/wp-json\/wp\/v2\/product_brand?post=3722"},{"taxonomy":"product_cat","embeddable":true,"href":"https:\/\/editionsdudauphin.com\/en\/wp-json\/wp\/v2\/product_cat?post=3722"},{"taxonomy":"product_tag","embeddable":true,"href":"https:\/\/editionsdudauphin.com\/en\/wp-json\/wp\/v2\/product_tag?post=3722"}],"curies":[{"name":"wp","href":"https:\/\/api.w.org\/{rel}","templated":true}]}}