{"id":3736,"date":"2014-04-17T17:07:45","date_gmt":"2019-01-22T16:07:45","guid":{"rendered":"http:\/\/dev.editionsdudauphin.com\/livre\/uncategorized\/title-to-provide-122"},"modified":"2019-04-03T16:35:16","modified_gmt":"2019-04-03T14:35:16","slug":"title-to-provide-122","status":"publish","type":"product","link":"https:\/\/editionsdudauphin.com\/en\/livre\/subjects\/health-wellness\/health\/prevention-en\/title-to-provide-122","title":{"rendered":"La m\u00e9decine pr\u00e9ventive au secours de votre sant\u00e9 &#8211; bilan de sant\u00e9 &#038; conseils au quotidien"},"content":{"rendered":"<p>According to a recent world epidemiological study, current diseases (diabetes, obesity, cancer, cardiovascular, neuro-degenerative disease, allergy) explode since 50 years and continue to increase. And this because of the evolution of technical progress (Wi-Fi), development of industrial food, and stress increasing in our modern society face to instability of economy. The most recent scientific estimations confirm that a better prevention could reduce from 30 to 60 % the risks of these new and existing diseases. That is why a medical check-up is recommanded by the age of 20. As prevention, this book allows the reader to inform himself and to understand his medical analysis. He can find : &#8211; Medical check-ups with a multiple choice questions form &#8211; &#8211; Interests and dangers of food in general on health &#8211; Pollutants in the industrial food &#8211; Interest of diets, and how to know which one can suits you? Their protective and depolluting effect on cardiovascular and cancerous affections. Doctor Rigaill is a general practitioner. He practices since about forty years. He is also the author of several books en health.<\/p>\n","protected":false},"excerpt":{"rendered":"<p>According to a recent world epidemiological study, current diseases (diabetes,  [&#8230;]<\/p>\n","protected":false},"featured_media":3737,"template":"","meta":{"_acf_changed":false,"wpupg_custom_link":[],"wpupg_custom_link_behaviour":[],"wpupg_custom_link_nofollow":[],"wpupg_custom_image":[],"wpupg_custom_image_id":[]},"product_brand":[],"product_cat":[166],"product_tag":[],"class_list":{"0":"post-3736","1":"product","2":"type-product","3":"status-publish","4":"has-post-thumbnail","6":"product_cat-prevention-en","8":"first","9":"instock","10":"taxable","11":"shipping-taxable","12":"purchasable","13":"product-type-simple"},"acf":[],"yoast_head":"<!-- This site is optimized with the Yoast SEO plugin v27.3 - https:\/\/yoast.com\/product\/yoast-seo-wordpress\/ -->\n<title>La m\u00e9decine pr\u00e9ventive au secours de votre sant\u00e9 - bilan de sant\u00e9 &amp; conseils au quotidien - \u00c9ditions du Dauphin<\/title>\n<meta name=\"description\" content=\"According to a recent world epidemiological study, current diseases (diabetes, obesity, cancer, cardiovascular, neuro-degenerative disease, allergy)\" \/>\n<meta name=\"robots\" content=\"index, follow, max-snippet:-1, max-image-preview:large, max-video-preview:-1\" \/>\n<link rel=\"canonical\" href=\"https:\/\/editionsdudauphin.com\/en\/livre\/subjects\/health-wellness\/health\/prevention-en\/title-to-provide-122\" \/>\n<meta property=\"og:locale\" content=\"en_US\" \/>\n<meta property=\"og:type\" content=\"article\" \/>\n<meta property=\"og:title\" content=\"La m\u00e9decine pr\u00e9ventive au secours de votre sant\u00e9 - bilan de sant\u00e9 &amp; conseils au quotidien - \u00c9ditions du Dauphin\" \/>\n<meta property=\"og:description\" content=\"According to a recent world epidemiological study, current diseases (diabetes, obesity, cancer, cardiovascular, neuro-degenerative disease, allergy)\" \/>\n<meta property=\"og:url\" content=\"https:\/\/editionsdudauphin.com\/en\/livre\/subjects\/health-wellness\/health\/prevention-en\/title-to-provide-122\" \/>\n<meta property=\"og:site_name\" content=\"\u00c9ditions du Dauphin\" \/>\n<meta property=\"article:modified_time\" content=\"2019-04-03T14:35:16+00:00\" \/>\n<meta property=\"og:image\" content=\"https:\/\/editionsdudauphin.com\/wp-content\/uploads\/2019\/01\/9782716315159_Medecine_Preventive-scaled.jpg\" \/>\n\t<meta property=\"og:image:width\" content=\"1319\" \/>\n\t<meta property=\"og:image:height\" content=\"1920\" \/>\n\t<meta property=\"og:image:type\" content=\"image\/jpeg\" \/>\n<meta name=\"twitter:card\" content=\"summary_large_image\" \/>\n<meta name=\"twitter:label1\" content=\"Est. reading time\" \/>\n\t<meta name=\"twitter:data1\" content=\"1 minute\" \/>\n<script type=\"application\/ld+json\" class=\"yoast-schema-graph\">{\"@context\":\"https:\\\/\\\/schema.org\",\"@graph\":[{\"@type\":\"WebPage\",\"@id\":\"https:\\\/\\\/editionsdudauphin.com\\\/en\\\/livre\\\/subjects\\\/health-wellness\\\/health\\\/prevention-en\\\/title-to-provide-122\",\"url\":\"https:\\\/\\\/editionsdudauphin.com\\\/en\\\/livre\\\/subjects\\\/health-wellness\\\/health\\\/prevention-en\\\/title-to-provide-122\",\"name\":\"La m\u00e9decine pr\u00e9ventive au secours de votre sant\u00e9 - bilan de sant\u00e9 & conseils au quotidien - \u00c9ditions du Dauphin\",\"isPartOf\":{\"@id\":\"https:\\\/\\\/editionsdudauphin.com\\\/en#website\"},\"primaryImageOfPage\":{\"@id\":\"https:\\\/\\\/editionsdudauphin.com\\\/en\\\/livre\\\/subjects\\\/health-wellness\\\/health\\\/prevention-en\\\/title-to-provide-122#primaryimage\"},\"image\":{\"@id\":\"https:\\\/\\\/editionsdudauphin.com\\\/en\\\/livre\\\/subjects\\\/health-wellness\\\/health\\\/prevention-en\\\/title-to-provide-122#primaryimage\"},\"thumbnailUrl\":\"https:\\\/\\\/editionsdudauphin.com\\\/wp-content\\\/uploads\\\/2019\\\/01\\\/9782716315159_Medecine_Preventive-scaled.jpg\",\"datePublished\":\"2019-01-22T16:07:45+00:00\",\"dateModified\":\"2019-04-03T14:35:16+00:00\",\"description\":\"According to a recent world epidemiological study, current diseases (diabetes, obesity, cancer, cardiovascular, neuro-degenerative disease, allergy)\",\"breadcrumb\":{\"@id\":\"https:\\\/\\\/editionsdudauphin.com\\\/en\\\/livre\\\/subjects\\\/health-wellness\\\/health\\\/prevention-en\\\/title-to-provide-122#breadcrumb\"},\"inLanguage\":\"en-US\",\"potentialAction\":[{\"@type\":\"ReadAction\",\"target\":[\"https:\\\/\\\/editionsdudauphin.com\\\/en\\\/livre\\\/subjects\\\/health-wellness\\\/health\\\/prevention-en\\\/title-to-provide-122\"]}]},{\"@type\":\"ImageObject\",\"inLanguage\":\"en-US\",\"@id\":\"https:\\\/\\\/editionsdudauphin.com\\\/en\\\/livre\\\/subjects\\\/health-wellness\\\/health\\\/prevention-en\\\/title-to-provide-122#primaryimage\",\"url\":\"https:\\\/\\\/editionsdudauphin.com\\\/wp-content\\\/uploads\\\/2019\\\/01\\\/9782716315159_Medecine_Preventive-scaled.jpg\",\"contentUrl\":\"https:\\\/\\\/editionsdudauphin.com\\\/wp-content\\\/uploads\\\/2019\\\/01\\\/9782716315159_Medecine_Preventive-scaled.jpg\",\"width\":1319,\"height\":1920,\"caption\":\"medecine-preventive\"},{\"@type\":\"BreadcrumbList\",\"@id\":\"https:\\\/\\\/editionsdudauphin.com\\\/en\\\/livre\\\/subjects\\\/health-wellness\\\/health\\\/prevention-en\\\/title-to-provide-122#breadcrumb\",\"itemListElement\":[{\"@type\":\"ListItem\",\"position\":1,\"name\":\"Accueil\",\"item\":\"https:\\\/\\\/editionsdudauphin.com\\\/en\"},{\"@type\":\"ListItem\",\"position\":2,\"name\":\"Boutique\",\"item\":\"https:\\\/\\\/editionsdudauphin.com\\\/boutique\"},{\"@type\":\"ListItem\",\"position\":3,\"name\":\"La m\u00e9decine pr\u00e9ventive au secours de votre sant\u00e9 &#8211; bilan de sant\u00e9 &#038; conseils au quotidien\"}]},{\"@type\":\"WebSite\",\"@id\":\"https:\\\/\\\/editionsdudauphin.com\\\/en#website\",\"url\":\"https:\\\/\\\/editionsdudauphin.com\\\/en\",\"name\":\"\u00c9ditions du Dauphin\",\"description\":\"\",\"potentialAction\":[{\"@type\":\"SearchAction\",\"target\":{\"@type\":\"EntryPoint\",\"urlTemplate\":\"https:\\\/\\\/editionsdudauphin.com\\\/en?s={search_term_string}\"},\"query-input\":{\"@type\":\"PropertyValueSpecification\",\"valueRequired\":true,\"valueName\":\"search_term_string\"}}],\"inLanguage\":\"en-US\"}]}<\/script>\n<!-- \/ Yoast SEO plugin. -->","yoast_head_json":{"title":"La m\u00e9decine pr\u00e9ventive au secours de votre sant\u00e9 - bilan de sant\u00e9 & conseils au quotidien - \u00c9ditions du Dauphin","description":"According to a recent world epidemiological study, current diseases (diabetes, obesity, cancer, cardiovascular, neuro-degenerative disease, allergy)","robots":{"index":"index","follow":"follow","max-snippet":"max-snippet:-1","max-image-preview":"max-image-preview:large","max-video-preview":"max-video-preview:-1"},"canonical":"https:\/\/editionsdudauphin.com\/en\/livre\/subjects\/health-wellness\/health\/prevention-en\/title-to-provide-122","og_locale":"en_US","og_type":"article","og_title":"La m\u00e9decine pr\u00e9ventive au secours de votre sant\u00e9 - bilan de sant\u00e9 & conseils au quotidien - \u00c9ditions du Dauphin","og_description":"According to a recent world epidemiological study, current diseases (diabetes, obesity, cancer, cardiovascular, neuro-degenerative disease, allergy)","og_url":"https:\/\/editionsdudauphin.com\/en\/livre\/subjects\/health-wellness\/health\/prevention-en\/title-to-provide-122","og_site_name":"\u00c9ditions du Dauphin","article_modified_time":"2019-04-03T14:35:16+00:00","og_image":[{"width":1319,"height":1920,"url":"https:\/\/editionsdudauphin.com\/wp-content\/uploads\/2019\/01\/9782716315159_Medecine_Preventive-scaled.jpg","type":"image\/jpeg"}],"twitter_card":"summary_large_image","twitter_misc":{"Est. reading time":"1 minute"},"schema":{"@context":"https:\/\/schema.org","@graph":[{"@type":"WebPage","@id":"https:\/\/editionsdudauphin.com\/en\/livre\/subjects\/health-wellness\/health\/prevention-en\/title-to-provide-122","url":"https:\/\/editionsdudauphin.com\/en\/livre\/subjects\/health-wellness\/health\/prevention-en\/title-to-provide-122","name":"La m\u00e9decine pr\u00e9ventive au secours de votre sant\u00e9 - bilan de sant\u00e9 & conseils au quotidien - \u00c9ditions du Dauphin","isPartOf":{"@id":"https:\/\/editionsdudauphin.com\/en#website"},"primaryImageOfPage":{"@id":"https:\/\/editionsdudauphin.com\/en\/livre\/subjects\/health-wellness\/health\/prevention-en\/title-to-provide-122#primaryimage"},"image":{"@id":"https:\/\/editionsdudauphin.com\/en\/livre\/subjects\/health-wellness\/health\/prevention-en\/title-to-provide-122#primaryimage"},"thumbnailUrl":"https:\/\/editionsdudauphin.com\/wp-content\/uploads\/2019\/01\/9782716315159_Medecine_Preventive-scaled.jpg","datePublished":"2019-01-22T16:07:45+00:00","dateModified":"2019-04-03T14:35:16+00:00","description":"According to a recent world epidemiological study, current diseases (diabetes, obesity, cancer, cardiovascular, neuro-degenerative disease, allergy)","breadcrumb":{"@id":"https:\/\/editionsdudauphin.com\/en\/livre\/subjects\/health-wellness\/health\/prevention-en\/title-to-provide-122#breadcrumb"},"inLanguage":"en-US","potentialAction":[{"@type":"ReadAction","target":["https:\/\/editionsdudauphin.com\/en\/livre\/subjects\/health-wellness\/health\/prevention-en\/title-to-provide-122"]}]},{"@type":"ImageObject","inLanguage":"en-US","@id":"https:\/\/editionsdudauphin.com\/en\/livre\/subjects\/health-wellness\/health\/prevention-en\/title-to-provide-122#primaryimage","url":"https:\/\/editionsdudauphin.com\/wp-content\/uploads\/2019\/01\/9782716315159_Medecine_Preventive-scaled.jpg","contentUrl":"https:\/\/editionsdudauphin.com\/wp-content\/uploads\/2019\/01\/9782716315159_Medecine_Preventive-scaled.jpg","width":1319,"height":1920,"caption":"medecine-preventive"},{"@type":"BreadcrumbList","@id":"https:\/\/editionsdudauphin.com\/en\/livre\/subjects\/health-wellness\/health\/prevention-en\/title-to-provide-122#breadcrumb","itemListElement":[{"@type":"ListItem","position":1,"name":"Accueil","item":"https:\/\/editionsdudauphin.com\/en"},{"@type":"ListItem","position":2,"name":"Boutique","item":"https:\/\/editionsdudauphin.com\/boutique"},{"@type":"ListItem","position":3,"name":"La m\u00e9decine pr\u00e9ventive au secours de votre sant\u00e9 &#8211; bilan de sant\u00e9 &#038; conseils au quotidien"}]},{"@type":"WebSite","@id":"https:\/\/editionsdudauphin.com\/en#website","url":"https:\/\/editionsdudauphin.com\/en","name":"\u00c9ditions du Dauphin","description":"","potentialAction":[{"@type":"SearchAction","target":{"@type":"EntryPoint","urlTemplate":"https:\/\/editionsdudauphin.com\/en?s={search_term_string}"},"query-input":{"@type":"PropertyValueSpecification","valueRequired":true,"valueName":"search_term_string"}}],"inLanguage":"en-US"}]}},"_links":{"self":[{"href":"https:\/\/editionsdudauphin.com\/en\/wp-json\/wp\/v2\/product\/3736","targetHints":{"allow":["GET"]}}],"collection":[{"href":"https:\/\/editionsdudauphin.com\/en\/wp-json\/wp\/v2\/product"}],"about":[{"href":"https:\/\/editionsdudauphin.com\/en\/wp-json\/wp\/v2\/types\/product"}],"wp:featuredmedia":[{"embeddable":true,"href":"https:\/\/editionsdudauphin.com\/en\/wp-json\/wp\/v2\/media\/3737"}],"wp:attachment":[{"href":"https:\/\/editionsdudauphin.com\/en\/wp-json\/wp\/v2\/media?parent=3736"}],"wp:term":[{"taxonomy":"product_brand","embeddable":true,"href":"https:\/\/editionsdudauphin.com\/en\/wp-json\/wp\/v2\/product_brand?post=3736"},{"taxonomy":"product_cat","embeddable":true,"href":"https:\/\/editionsdudauphin.com\/en\/wp-json\/wp\/v2\/product_cat?post=3736"},{"taxonomy":"product_tag","embeddable":true,"href":"https:\/\/editionsdudauphin.com\/en\/wp-json\/wp\/v2\/product_tag?post=3736"}],"curies":[{"name":"wp","href":"https:\/\/api.w.org\/{rel}","templated":true}]}}