{"id":3742,"date":"2016-09-15T16:28:29","date_gmt":"2016-09-15T14:28:29","guid":{"rendered":"http:\/\/dev.editionsdudauphin.com\/livre\/uncategorized\/title-to-provide-125"},"modified":"2019-04-03T16:07:09","modified_gmt":"2019-04-03T14:07:09","slug":"title-to-provide-125","status":"publish","type":"product","link":"https:\/\/editionsdudauphin.com\/en\/livre\/subjects\/health-wellness\/health\/dietetic\/title-to-provide-125","title":{"rendered":"AP\u00c9RITIFS et digestifs naturels \u00e0 faire sm &#8211; 180 recettes sant\u00e9 &#8211; NLLE COLLECTION"},"content":{"rendered":"<p>A long seller newly presented with this new edition: 180 cheap and easy recipes to be made with more than 80 fruits and 20 healing plants of the garden (or the market). If too much alcohol is dangerous for health, and to consume with moderation, nothing is better than : &#8211; The cream of raspberry, astringent and against the inflammation of airways, &#8211; The liqueur of cherry which help you to eliminate, and digest meats, &#8211; The ratafia of violet is a wellknown remedy against constipation, &#8211; The syrup of hawthorn is excellent against insomnia.<\/p>\n","protected":false},"excerpt":{"rendered":"<p>A long seller newly presented with this new edition: 180  [&#8230;]<\/p>\n","protected":false},"featured_media":3743,"template":"","meta":{"_acf_changed":false,"wpupg_custom_link":[],"wpupg_custom_link_behaviour":[],"wpupg_custom_link_nofollow":[],"wpupg_custom_image":[],"wpupg_custom_image_id":[]},"product_brand":[],"product_cat":[160],"product_tag":[],"class_list":{"0":"post-3742","1":"product","2":"type-product","3":"status-publish","4":"has-post-thumbnail","6":"product_cat-dietetic","8":"first","9":"instock","10":"taxable","11":"shipping-taxable","12":"purchasable","13":"product-type-simple"},"acf":[],"yoast_head":"<!-- This site is optimized with the Yoast SEO plugin v27.3 - https:\/\/yoast.com\/product\/yoast-seo-wordpress\/ -->\n<title>AP\u00c9RITIFS et digestifs naturels \u00e0 faire sm - 180 recettes sant\u00e9 - NLLE COLLECTION - \u00c9ditions du Dauphin<\/title>\n<meta name=\"description\" content=\"A long seller newly presented with this new edition: 180 cheap and easy recipes to be made with more than 80 fruits and 20 healing plants of the garden\" \/>\n<meta name=\"robots\" content=\"index, follow, max-snippet:-1, max-image-preview:large, max-video-preview:-1\" \/>\n<link rel=\"canonical\" href=\"https:\/\/editionsdudauphin.com\/en\/livre\/subjects\/health-wellness\/health\/dietetic\/title-to-provide-125\" \/>\n<meta property=\"og:locale\" content=\"en_US\" \/>\n<meta property=\"og:type\" content=\"article\" \/>\n<meta property=\"og:title\" content=\"AP\u00c9RITIFS et digestifs naturels \u00e0 faire sm - 180 recettes sant\u00e9 - NLLE COLLECTION - \u00c9ditions du Dauphin\" \/>\n<meta property=\"og:description\" content=\"A long seller newly presented with this new edition: 180 cheap and easy recipes to be made with more than 80 fruits and 20 healing plants of the garden\" \/>\n<meta property=\"og:url\" content=\"https:\/\/editionsdudauphin.com\/en\/livre\/subjects\/health-wellness\/health\/dietetic\/title-to-provide-125\" \/>\n<meta property=\"og:site_name\" content=\"\u00c9ditions du Dauphin\" \/>\n<meta property=\"article:modified_time\" content=\"2019-04-03T14:07:09+00:00\" \/>\n<meta property=\"og:image\" content=\"https:\/\/editionsdudauphin.com\/wp-content\/uploads\/2019\/01\/9782716315906_Aperitifs_Digestifs_Mulot.jpg\" \/>\n\t<meta property=\"og:image:width\" content=\"1417\" \/>\n\t<meta property=\"og:image:height\" content=\"1584\" \/>\n\t<meta property=\"og:image:type\" content=\"image\/jpeg\" \/>\n<meta name=\"twitter:card\" content=\"summary_large_image\" \/>\n<script type=\"application\/ld+json\" class=\"yoast-schema-graph\">{\"@context\":\"https:\\\/\\\/schema.org\",\"@graph\":[{\"@type\":\"WebPage\",\"@id\":\"https:\\\/\\\/editionsdudauphin.com\\\/en\\\/livre\\\/subjects\\\/health-wellness\\\/health\\\/dietetic\\\/title-to-provide-125\",\"url\":\"https:\\\/\\\/editionsdudauphin.com\\\/en\\\/livre\\\/subjects\\\/health-wellness\\\/health\\\/dietetic\\\/title-to-provide-125\",\"name\":\"AP\u00c9RITIFS et digestifs naturels \u00e0 faire sm - 180 recettes sant\u00e9 - NLLE COLLECTION - \u00c9ditions du Dauphin\",\"isPartOf\":{\"@id\":\"https:\\\/\\\/editionsdudauphin.com\\\/en#website\"},\"primaryImageOfPage\":{\"@id\":\"https:\\\/\\\/editionsdudauphin.com\\\/en\\\/livre\\\/subjects\\\/health-wellness\\\/health\\\/dietetic\\\/title-to-provide-125#primaryimage\"},\"image\":{\"@id\":\"https:\\\/\\\/editionsdudauphin.com\\\/en\\\/livre\\\/subjects\\\/health-wellness\\\/health\\\/dietetic\\\/title-to-provide-125#primaryimage\"},\"thumbnailUrl\":\"https:\\\/\\\/editionsdudauphin.com\\\/wp-content\\\/uploads\\\/2019\\\/01\\\/9782716315906_Aperitifs_Digestifs_Mulot.jpg\",\"datePublished\":\"2016-09-15T14:28:29+00:00\",\"dateModified\":\"2019-04-03T14:07:09+00:00\",\"description\":\"A long seller newly presented with this new edition: 180 cheap and easy recipes to be made with more than 80 fruits and 20 healing plants of the garden\",\"breadcrumb\":{\"@id\":\"https:\\\/\\\/editionsdudauphin.com\\\/en\\\/livre\\\/subjects\\\/health-wellness\\\/health\\\/dietetic\\\/title-to-provide-125#breadcrumb\"},\"inLanguage\":\"en-US\",\"potentialAction\":[{\"@type\":\"ReadAction\",\"target\":[\"https:\\\/\\\/editionsdudauphin.com\\\/en\\\/livre\\\/subjects\\\/health-wellness\\\/health\\\/dietetic\\\/title-to-provide-125\"]}]},{\"@type\":\"ImageObject\",\"inLanguage\":\"en-US\",\"@id\":\"https:\\\/\\\/editionsdudauphin.com\\\/en\\\/livre\\\/subjects\\\/health-wellness\\\/health\\\/dietetic\\\/title-to-provide-125#primaryimage\",\"url\":\"https:\\\/\\\/editionsdudauphin.com\\\/wp-content\\\/uploads\\\/2019\\\/01\\\/9782716315906_Aperitifs_Digestifs_Mulot.jpg\",\"contentUrl\":\"https:\\\/\\\/editionsdudauphin.com\\\/wp-content\\\/uploads\\\/2019\\\/01\\\/9782716315906_Aperitifs_Digestifs_Mulot.jpg\",\"width\":1417,\"height\":1584,\"caption\":\"Aperitifs_Digestifs_Mulot\"},{\"@type\":\"BreadcrumbList\",\"@id\":\"https:\\\/\\\/editionsdudauphin.com\\\/en\\\/livre\\\/subjects\\\/health-wellness\\\/health\\\/dietetic\\\/title-to-provide-125#breadcrumb\",\"itemListElement\":[{\"@type\":\"ListItem\",\"position\":1,\"name\":\"Accueil\",\"item\":\"https:\\\/\\\/editionsdudauphin.com\\\/en\"},{\"@type\":\"ListItem\",\"position\":2,\"name\":\"Boutique\",\"item\":\"https:\\\/\\\/editionsdudauphin.com\\\/boutique\"},{\"@type\":\"ListItem\",\"position\":3,\"name\":\"AP\u00c9RITIFS et digestifs naturels \u00e0 faire sm &#8211; 180 recettes sant\u00e9 &#8211; NLLE COLLECTION\"}]},{\"@type\":\"WebSite\",\"@id\":\"https:\\\/\\\/editionsdudauphin.com\\\/en#website\",\"url\":\"https:\\\/\\\/editionsdudauphin.com\\\/en\",\"name\":\"\u00c9ditions du Dauphin\",\"description\":\"\",\"potentialAction\":[{\"@type\":\"SearchAction\",\"target\":{\"@type\":\"EntryPoint\",\"urlTemplate\":\"https:\\\/\\\/editionsdudauphin.com\\\/en?s={search_term_string}\"},\"query-input\":{\"@type\":\"PropertyValueSpecification\",\"valueRequired\":true,\"valueName\":\"search_term_string\"}}],\"inLanguage\":\"en-US\"}]}<\/script>\n<!-- \/ Yoast SEO plugin. -->","yoast_head_json":{"title":"AP\u00c9RITIFS et digestifs naturels \u00e0 faire sm - 180 recettes sant\u00e9 - NLLE COLLECTION - \u00c9ditions du Dauphin","description":"A long seller newly presented with this new edition: 180 cheap and easy recipes to be made with more than 80 fruits and 20 healing plants of the garden","robots":{"index":"index","follow":"follow","max-snippet":"max-snippet:-1","max-image-preview":"max-image-preview:large","max-video-preview":"max-video-preview:-1"},"canonical":"https:\/\/editionsdudauphin.com\/en\/livre\/subjects\/health-wellness\/health\/dietetic\/title-to-provide-125","og_locale":"en_US","og_type":"article","og_title":"AP\u00c9RITIFS et digestifs naturels \u00e0 faire sm - 180 recettes sant\u00e9 - NLLE COLLECTION - \u00c9ditions du Dauphin","og_description":"A long seller newly presented with this new edition: 180 cheap and easy recipes to be made with more than 80 fruits and 20 healing plants of the garden","og_url":"https:\/\/editionsdudauphin.com\/en\/livre\/subjects\/health-wellness\/health\/dietetic\/title-to-provide-125","og_site_name":"\u00c9ditions du Dauphin","article_modified_time":"2019-04-03T14:07:09+00:00","og_image":[{"width":1417,"height":1584,"url":"https:\/\/editionsdudauphin.com\/wp-content\/uploads\/2019\/01\/9782716315906_Aperitifs_Digestifs_Mulot.jpg","type":"image\/jpeg"}],"twitter_card":"summary_large_image","schema":{"@context":"https:\/\/schema.org","@graph":[{"@type":"WebPage","@id":"https:\/\/editionsdudauphin.com\/en\/livre\/subjects\/health-wellness\/health\/dietetic\/title-to-provide-125","url":"https:\/\/editionsdudauphin.com\/en\/livre\/subjects\/health-wellness\/health\/dietetic\/title-to-provide-125","name":"AP\u00c9RITIFS et digestifs naturels \u00e0 faire sm - 180 recettes sant\u00e9 - NLLE COLLECTION - \u00c9ditions du Dauphin","isPartOf":{"@id":"https:\/\/editionsdudauphin.com\/en#website"},"primaryImageOfPage":{"@id":"https:\/\/editionsdudauphin.com\/en\/livre\/subjects\/health-wellness\/health\/dietetic\/title-to-provide-125#primaryimage"},"image":{"@id":"https:\/\/editionsdudauphin.com\/en\/livre\/subjects\/health-wellness\/health\/dietetic\/title-to-provide-125#primaryimage"},"thumbnailUrl":"https:\/\/editionsdudauphin.com\/wp-content\/uploads\/2019\/01\/9782716315906_Aperitifs_Digestifs_Mulot.jpg","datePublished":"2016-09-15T14:28:29+00:00","dateModified":"2019-04-03T14:07:09+00:00","description":"A long seller newly presented with this new edition: 180 cheap and easy recipes to be made with more than 80 fruits and 20 healing plants of the garden","breadcrumb":{"@id":"https:\/\/editionsdudauphin.com\/en\/livre\/subjects\/health-wellness\/health\/dietetic\/title-to-provide-125#breadcrumb"},"inLanguage":"en-US","potentialAction":[{"@type":"ReadAction","target":["https:\/\/editionsdudauphin.com\/en\/livre\/subjects\/health-wellness\/health\/dietetic\/title-to-provide-125"]}]},{"@type":"ImageObject","inLanguage":"en-US","@id":"https:\/\/editionsdudauphin.com\/en\/livre\/subjects\/health-wellness\/health\/dietetic\/title-to-provide-125#primaryimage","url":"https:\/\/editionsdudauphin.com\/wp-content\/uploads\/2019\/01\/9782716315906_Aperitifs_Digestifs_Mulot.jpg","contentUrl":"https:\/\/editionsdudauphin.com\/wp-content\/uploads\/2019\/01\/9782716315906_Aperitifs_Digestifs_Mulot.jpg","width":1417,"height":1584,"caption":"Aperitifs_Digestifs_Mulot"},{"@type":"BreadcrumbList","@id":"https:\/\/editionsdudauphin.com\/en\/livre\/subjects\/health-wellness\/health\/dietetic\/title-to-provide-125#breadcrumb","itemListElement":[{"@type":"ListItem","position":1,"name":"Accueil","item":"https:\/\/editionsdudauphin.com\/en"},{"@type":"ListItem","position":2,"name":"Boutique","item":"https:\/\/editionsdudauphin.com\/boutique"},{"@type":"ListItem","position":3,"name":"AP\u00c9RITIFS et digestifs naturels \u00e0 faire sm &#8211; 180 recettes sant\u00e9 &#8211; NLLE COLLECTION"}]},{"@type":"WebSite","@id":"https:\/\/editionsdudauphin.com\/en#website","url":"https:\/\/editionsdudauphin.com\/en","name":"\u00c9ditions du Dauphin","description":"","potentialAction":[{"@type":"SearchAction","target":{"@type":"EntryPoint","urlTemplate":"https:\/\/editionsdudauphin.com\/en?s={search_term_string}"},"query-input":{"@type":"PropertyValueSpecification","valueRequired":true,"valueName":"search_term_string"}}],"inLanguage":"en-US"}]}},"_links":{"self":[{"href":"https:\/\/editionsdudauphin.com\/en\/wp-json\/wp\/v2\/product\/3742","targetHints":{"allow":["GET"]}}],"collection":[{"href":"https:\/\/editionsdudauphin.com\/en\/wp-json\/wp\/v2\/product"}],"about":[{"href":"https:\/\/editionsdudauphin.com\/en\/wp-json\/wp\/v2\/types\/product"}],"wp:featuredmedia":[{"embeddable":true,"href":"https:\/\/editionsdudauphin.com\/en\/wp-json\/wp\/v2\/media\/3743"}],"wp:attachment":[{"href":"https:\/\/editionsdudauphin.com\/en\/wp-json\/wp\/v2\/media?parent=3742"}],"wp:term":[{"taxonomy":"product_brand","embeddable":true,"href":"https:\/\/editionsdudauphin.com\/en\/wp-json\/wp\/v2\/product_brand?post=3742"},{"taxonomy":"product_cat","embeddable":true,"href":"https:\/\/editionsdudauphin.com\/en\/wp-json\/wp\/v2\/product_cat?post=3742"},{"taxonomy":"product_tag","embeddable":true,"href":"https:\/\/editionsdudauphin.com\/en\/wp-json\/wp\/v2\/product_tag?post=3742"}],"curies":[{"name":"wp","href":"https:\/\/api.w.org\/{rel}","templated":true}]}}