{"id":4041,"date":"2019-04-04T16:24:42","date_gmt":"2019-04-04T14:24:42","guid":{"rendered":"http:\/\/dev.editionsdudauphin.com\/livre\/uncategorized\/votre-detox-pas-a-pas"},"modified":"2019-05-20T11:15:20","modified_gmt":"2019-05-20T09:15:20","slug":"votre-detox-pas-a-pas","status":"publish","type":"product","link":"https:\/\/editionsdudauphin.com\/en\/livre\/subjects\/health-wellness\/health\/dietetic\/votre-detox-pas-a-pas","title":{"rendered":"Votre d\u00e9tox pas \u00e0 pas"},"content":{"rendered":"<p>&nbsp;<\/p>\n<h4><a href=\"https:\/\/fr.calameo.com\/read\/0057846398b5317315c2d\" target=\"_blank\" rel=\"noopener\">Feuilleter un extrait\u00a0<\/a><\/h4>\n","protected":false},"excerpt":{"rendered":"<p>&nbsp; Feuilleter un extrait\u00a0<\/p>\n","protected":false},"featured_media":3878,"template":"","meta":{"_acf_changed":false,"wpupg_custom_link":[],"wpupg_custom_link_behaviour":[],"wpupg_custom_link_nofollow":[],"wpupg_custom_image":[],"wpupg_custom_image_id":[]},"product_brand":[],"product_cat":[160],"product_tag":[],"class_list":{"0":"post-4041","1":"product","2":"type-product","3":"status-publish","4":"has-post-thumbnail","6":"product_cat-dietetic","8":"first","9":"instock","10":"taxable","11":"shipping-taxable","12":"purchasable","13":"product-type-simple"},"acf":[],"yoast_head":"<!-- This site is optimized with the Yoast SEO plugin v27.4 - https:\/\/yoast.com\/product\/yoast-seo-wordpress\/ -->\n<title>Votre d\u00e9tox pas \u00e0 pas - \u00c9ditions du Dauphin<\/title>\n<meta name=\"description\" content=\"&nbsp; Feuilleter un extrait\u00a0\" \/>\n<meta name=\"robots\" content=\"index, follow, max-snippet:-1, max-image-preview:large, max-video-preview:-1\" \/>\n<link rel=\"canonical\" href=\"https:\/\/editionsdudauphin.com\/en\/livre\/subjects\/health-wellness\/health\/dietetic\/votre-detox-pas-a-pas\" \/>\n<meta property=\"og:locale\" content=\"en_US\" \/>\n<meta property=\"og:type\" content=\"article\" \/>\n<meta property=\"og:title\" content=\"Votre d\u00e9tox pas \u00e0 pas - \u00c9ditions du Dauphin\" \/>\n<meta property=\"og:description\" content=\"&nbsp; Feuilleter un extrait\u00a0\" \/>\n<meta property=\"og:url\" content=\"https:\/\/editionsdudauphin.com\/en\/livre\/subjects\/health-wellness\/health\/dietetic\/votre-detox-pas-a-pas\" \/>\n<meta property=\"og:site_name\" content=\"\u00c9ditions du Dauphin\" \/>\n<meta property=\"article:modified_time\" content=\"2019-05-20T09:15:20+00:00\" \/>\n<meta property=\"og:image\" content=\"https:\/\/editionsdudauphin.com\/wp-content\/uploads\/2019\/04\/9782716316767_detox_je\u00fbne_cure_di\u00e8te.jpg\" \/>\n\t<meta property=\"og:image:width\" content=\"1279\" \/>\n\t<meta property=\"og:image:height\" content=\"1920\" \/>\n\t<meta property=\"og:image:type\" content=\"image\/jpeg\" \/>\n<meta name=\"twitter:card\" content=\"summary_large_image\" \/>\n<script type=\"application\/ld+json\" class=\"yoast-schema-graph\">{\"@context\":\"https:\\\/\\\/schema.org\",\"@graph\":[{\"@type\":\"WebPage\",\"@id\":\"https:\\\/\\\/editionsdudauphin.com\\\/en\\\/livre\\\/subjects\\\/health-wellness\\\/health\\\/dietetic\\\/votre-detox-pas-a-pas\",\"url\":\"https:\\\/\\\/editionsdudauphin.com\\\/en\\\/livre\\\/subjects\\\/health-wellness\\\/health\\\/dietetic\\\/votre-detox-pas-a-pas\",\"name\":\"Votre d\u00e9tox pas \u00e0 pas - \u00c9ditions du Dauphin\",\"isPartOf\":{\"@id\":\"https:\\\/\\\/editionsdudauphin.com\\\/en#website\"},\"primaryImageOfPage\":{\"@id\":\"https:\\\/\\\/editionsdudauphin.com\\\/en\\\/livre\\\/subjects\\\/health-wellness\\\/health\\\/dietetic\\\/votre-detox-pas-a-pas#primaryimage\"},\"image\":{\"@id\":\"https:\\\/\\\/editionsdudauphin.com\\\/en\\\/livre\\\/subjects\\\/health-wellness\\\/health\\\/dietetic\\\/votre-detox-pas-a-pas#primaryimage\"},\"thumbnailUrl\":\"https:\\\/\\\/editionsdudauphin.com\\\/wp-content\\\/uploads\\\/2019\\\/04\\\/9782716316767_detox_je\u00fbne_cure_di\u00e8te.jpg\",\"datePublished\":\"2019-04-04T14:24:42+00:00\",\"dateModified\":\"2019-05-20T09:15:20+00:00\",\"description\":\"&nbsp; Feuilleter un extrait\u00a0\",\"breadcrumb\":{\"@id\":\"https:\\\/\\\/editionsdudauphin.com\\\/en\\\/livre\\\/subjects\\\/health-wellness\\\/health\\\/dietetic\\\/votre-detox-pas-a-pas#breadcrumb\"},\"inLanguage\":\"en-US\",\"potentialAction\":[{\"@type\":\"ReadAction\",\"target\":[\"https:\\\/\\\/editionsdudauphin.com\\\/en\\\/livre\\\/subjects\\\/health-wellness\\\/health\\\/dietetic\\\/votre-detox-pas-a-pas\"]}]},{\"@type\":\"ImageObject\",\"inLanguage\":\"en-US\",\"@id\":\"https:\\\/\\\/editionsdudauphin.com\\\/en\\\/livre\\\/subjects\\\/health-wellness\\\/health\\\/dietetic\\\/votre-detox-pas-a-pas#primaryimage\",\"url\":\"https:\\\/\\\/editionsdudauphin.com\\\/wp-content\\\/uploads\\\/2019\\\/04\\\/9782716316767_detox_je\u00fbne_cure_di\u00e8te.jpg\",\"contentUrl\":\"https:\\\/\\\/editionsdudauphin.com\\\/wp-content\\\/uploads\\\/2019\\\/04\\\/9782716316767_detox_je\u00fbne_cure_di\u00e8te.jpg\",\"width\":1279,\"height\":1920,\"caption\":\"detox_je\u00fbne_cure_di\u00e8te\"},{\"@type\":\"BreadcrumbList\",\"@id\":\"https:\\\/\\\/editionsdudauphin.com\\\/en\\\/livre\\\/subjects\\\/health-wellness\\\/health\\\/dietetic\\\/votre-detox-pas-a-pas#breadcrumb\",\"itemListElement\":[{\"@type\":\"ListItem\",\"position\":1,\"name\":\"Accueil\",\"item\":\"https:\\\/\\\/editionsdudauphin.com\\\/en\"},{\"@type\":\"ListItem\",\"position\":2,\"name\":\"Boutique\",\"item\":\"https:\\\/\\\/editionsdudauphin.com\\\/boutique\"},{\"@type\":\"ListItem\",\"position\":3,\"name\":\"Votre d\u00e9tox pas \u00e0 pas\"}]},{\"@type\":\"WebSite\",\"@id\":\"https:\\\/\\\/editionsdudauphin.com\\\/en#website\",\"url\":\"https:\\\/\\\/editionsdudauphin.com\\\/en\",\"name\":\"\u00c9ditions du Dauphin\",\"description\":\"\",\"potentialAction\":[{\"@type\":\"SearchAction\",\"target\":{\"@type\":\"EntryPoint\",\"urlTemplate\":\"https:\\\/\\\/editionsdudauphin.com\\\/en?s={search_term_string}\"},\"query-input\":{\"@type\":\"PropertyValueSpecification\",\"valueRequired\":true,\"valueName\":\"search_term_string\"}}],\"inLanguage\":\"en-US\"}]}<\/script>\n<!-- \/ Yoast SEO plugin. -->","yoast_head_json":{"title":"Votre d\u00e9tox pas \u00e0 pas - \u00c9ditions du Dauphin","description":"&nbsp; Feuilleter un extrait\u00a0","robots":{"index":"index","follow":"follow","max-snippet":"max-snippet:-1","max-image-preview":"max-image-preview:large","max-video-preview":"max-video-preview:-1"},"canonical":"https:\/\/editionsdudauphin.com\/en\/livre\/subjects\/health-wellness\/health\/dietetic\/votre-detox-pas-a-pas","og_locale":"en_US","og_type":"article","og_title":"Votre d\u00e9tox pas \u00e0 pas - \u00c9ditions du Dauphin","og_description":"&nbsp; Feuilleter un extrait\u00a0","og_url":"https:\/\/editionsdudauphin.com\/en\/livre\/subjects\/health-wellness\/health\/dietetic\/votre-detox-pas-a-pas","og_site_name":"\u00c9ditions du Dauphin","article_modified_time":"2019-05-20T09:15:20+00:00","og_image":[{"width":1279,"height":1920,"url":"https:\/\/editionsdudauphin.com\/wp-content\/uploads\/2019\/04\/9782716316767_detox_je\u00fbne_cure_di\u00e8te.jpg","type":"image\/jpeg"}],"twitter_card":"summary_large_image","schema":{"@context":"https:\/\/schema.org","@graph":[{"@type":"WebPage","@id":"https:\/\/editionsdudauphin.com\/en\/livre\/subjects\/health-wellness\/health\/dietetic\/votre-detox-pas-a-pas","url":"https:\/\/editionsdudauphin.com\/en\/livre\/subjects\/health-wellness\/health\/dietetic\/votre-detox-pas-a-pas","name":"Votre d\u00e9tox pas \u00e0 pas - \u00c9ditions du Dauphin","isPartOf":{"@id":"https:\/\/editionsdudauphin.com\/en#website"},"primaryImageOfPage":{"@id":"https:\/\/editionsdudauphin.com\/en\/livre\/subjects\/health-wellness\/health\/dietetic\/votre-detox-pas-a-pas#primaryimage"},"image":{"@id":"https:\/\/editionsdudauphin.com\/en\/livre\/subjects\/health-wellness\/health\/dietetic\/votre-detox-pas-a-pas#primaryimage"},"thumbnailUrl":"https:\/\/editionsdudauphin.com\/wp-content\/uploads\/2019\/04\/9782716316767_detox_je\u00fbne_cure_di\u00e8te.jpg","datePublished":"2019-04-04T14:24:42+00:00","dateModified":"2019-05-20T09:15:20+00:00","description":"&nbsp; Feuilleter un extrait\u00a0","breadcrumb":{"@id":"https:\/\/editionsdudauphin.com\/en\/livre\/subjects\/health-wellness\/health\/dietetic\/votre-detox-pas-a-pas#breadcrumb"},"inLanguage":"en-US","potentialAction":[{"@type":"ReadAction","target":["https:\/\/editionsdudauphin.com\/en\/livre\/subjects\/health-wellness\/health\/dietetic\/votre-detox-pas-a-pas"]}]},{"@type":"ImageObject","inLanguage":"en-US","@id":"https:\/\/editionsdudauphin.com\/en\/livre\/subjects\/health-wellness\/health\/dietetic\/votre-detox-pas-a-pas#primaryimage","url":"https:\/\/editionsdudauphin.com\/wp-content\/uploads\/2019\/04\/9782716316767_detox_je\u00fbne_cure_di\u00e8te.jpg","contentUrl":"https:\/\/editionsdudauphin.com\/wp-content\/uploads\/2019\/04\/9782716316767_detox_je\u00fbne_cure_di\u00e8te.jpg","width":1279,"height":1920,"caption":"detox_je\u00fbne_cure_di\u00e8te"},{"@type":"BreadcrumbList","@id":"https:\/\/editionsdudauphin.com\/en\/livre\/subjects\/health-wellness\/health\/dietetic\/votre-detox-pas-a-pas#breadcrumb","itemListElement":[{"@type":"ListItem","position":1,"name":"Accueil","item":"https:\/\/editionsdudauphin.com\/en"},{"@type":"ListItem","position":2,"name":"Boutique","item":"https:\/\/editionsdudauphin.com\/boutique"},{"@type":"ListItem","position":3,"name":"Votre d\u00e9tox pas \u00e0 pas"}]},{"@type":"WebSite","@id":"https:\/\/editionsdudauphin.com\/en#website","url":"https:\/\/editionsdudauphin.com\/en","name":"\u00c9ditions du Dauphin","description":"","potentialAction":[{"@type":"SearchAction","target":{"@type":"EntryPoint","urlTemplate":"https:\/\/editionsdudauphin.com\/en?s={search_term_string}"},"query-input":{"@type":"PropertyValueSpecification","valueRequired":true,"valueName":"search_term_string"}}],"inLanguage":"en-US"}]}},"_links":{"self":[{"href":"https:\/\/editionsdudauphin.com\/en\/wp-json\/wp\/v2\/product\/4041","targetHints":{"allow":["GET"]}}],"collection":[{"href":"https:\/\/editionsdudauphin.com\/en\/wp-json\/wp\/v2\/product"}],"about":[{"href":"https:\/\/editionsdudauphin.com\/en\/wp-json\/wp\/v2\/types\/product"}],"wp:featuredmedia":[{"embeddable":true,"href":"https:\/\/editionsdudauphin.com\/en\/wp-json\/wp\/v2\/media\/3878"}],"wp:attachment":[{"href":"https:\/\/editionsdudauphin.com\/en\/wp-json\/wp\/v2\/media?parent=4041"}],"wp:term":[{"taxonomy":"product_brand","embeddable":true,"href":"https:\/\/editionsdudauphin.com\/en\/wp-json\/wp\/v2\/product_brand?post=4041"},{"taxonomy":"product_cat","embeddable":true,"href":"https:\/\/editionsdudauphin.com\/en\/wp-json\/wp\/v2\/product_cat?post=4041"},{"taxonomy":"product_tag","embeddable":true,"href":"https:\/\/editionsdudauphin.com\/en\/wp-json\/wp\/v2\/product_tag?post=4041"}],"curies":[{"name":"wp","href":"https:\/\/api.w.org\/{rel}","templated":true}]}}