{"id":4043,"date":"2019-01-24T15:01:43","date_gmt":"2019-01-24T14:01:43","guid":{"rendered":"http:\/\/dev.editionsdudauphin.com\/livre\/uncategorized\/pret-a-realiser-votre-reve"},"modified":"2019-07-09T19:52:39","modified_gmt":"2019-07-09T17:52:39","slug":"pret-a-realiser-votre-reve","status":"publish","type":"product","link":"https:\/\/editionsdudauphin.com\/en\/livre\/subjects\/personal-growth-psycho\/personal-growth\/pret-a-realiser-votre-reve","title":{"rendered":"Pr\u00eat \u00e0 r\u00e9aliser votre r\u00eave ?"},"content":{"rendered":"<p>&#8211; You dream of changing life without daring to take the leap<br \/>\n&#8211; You want to undertake a personal or professional project that suits you better<br \/>\n&#8211; You think that impossible can become possible\u2026<\/p>\n<p>Then this book is for you. It will allow you to project yourself in the future in a confident way, by helping you to ask yourself the right questions and to understand what you really want to get started.<\/p>\n<p>Achieve your dearest dream. Do not wait until the events of life force you to change your habits and question your lifestyle : it is not because a dream seems unattainable to you that it will not be achieved one day. Now is the time to undertake this project and to \u00ab change your life \u00bb!<\/p>\n<p>BONUS: A decoupage card game to answer to all of your questions, and to offer you a real orientation matrix! <\/p>\n<p>Now is your turn!<\/p>\n<p>Rachel Colas is the author.<\/p>\n","protected":false},"excerpt":{"rendered":"<p>&#8211; You dream of changing life without daring to take  [&#8230;]<\/p>\n","protected":false},"featured_media":4044,"template":"","meta":{"_acf_changed":false,"wpupg_custom_link":[],"wpupg_custom_link_behaviour":[],"wpupg_custom_link_nofollow":[],"wpupg_custom_image":[],"wpupg_custom_image_id":[]},"product_brand":[],"product_cat":[168],"product_tag":[],"class_list":{"0":"post-4043","1":"product","2":"type-product","3":"status-publish","4":"has-post-thumbnail","6":"product_cat-personal-growth","8":"first","9":"instock","10":"taxable","11":"shipping-taxable","12":"purchasable","13":"product-type-simple"},"acf":[],"yoast_head":"<!-- This site is optimized with the Yoast SEO plugin v27.3 - https:\/\/yoast.com\/product\/yoast-seo-wordpress\/ -->\n<title>Pr\u00eat \u00e0 r\u00e9aliser votre r\u00eave ? - \u00c9ditions du Dauphin<\/title>\n<meta name=\"description\" content=\"- You dream of changing life without daring to take the leap - You want to undertake a personal or professional project that suits you better - You think\" \/>\n<meta name=\"robots\" content=\"index, follow, max-snippet:-1, max-image-preview:large, max-video-preview:-1\" \/>\n<link rel=\"canonical\" href=\"https:\/\/editionsdudauphin.com\/en\/livre\/subjects\/personal-growth-psycho\/personal-growth\/pret-a-realiser-votre-reve\" \/>\n<meta property=\"og:locale\" content=\"en_US\" \/>\n<meta property=\"og:type\" content=\"article\" \/>\n<meta property=\"og:title\" content=\"Pr\u00eat \u00e0 r\u00e9aliser votre r\u00eave ? - \u00c9ditions du Dauphin\" \/>\n<meta property=\"og:description\" content=\"- You dream of changing life without daring to take the leap - You want to undertake a personal or professional project that suits you better - You think\" \/>\n<meta property=\"og:url\" content=\"https:\/\/editionsdudauphin.com\/en\/livre\/subjects\/personal-growth-psycho\/personal-growth\/pret-a-realiser-votre-reve\" \/>\n<meta property=\"og:site_name\" content=\"\u00c9ditions du Dauphin\" \/>\n<meta property=\"article:modified_time\" content=\"2019-07-09T17:52:39+00:00\" \/>\n<meta property=\"og:image\" content=\"https:\/\/editionsdudauphin.com\/wp-content\/uploads\/2019\/02\/9782716316682_reves-scaled.jpg\" \/>\n\t<meta property=\"og:image:width\" content=\"1309\" \/>\n\t<meta property=\"og:image:height\" content=\"1920\" \/>\n\t<meta property=\"og:image:type\" content=\"image\/jpeg\" \/>\n<meta name=\"twitter:card\" content=\"summary_large_image\" \/>\n<meta name=\"twitter:label1\" content=\"Est. reading time\" \/>\n\t<meta name=\"twitter:data1\" content=\"1 minute\" \/>\n<script type=\"application\/ld+json\" class=\"yoast-schema-graph\">{\"@context\":\"https:\\\/\\\/schema.org\",\"@graph\":[{\"@type\":\"WebPage\",\"@id\":\"https:\\\/\\\/editionsdudauphin.com\\\/en\\\/livre\\\/subjects\\\/personal-growth-psycho\\\/personal-growth\\\/pret-a-realiser-votre-reve\",\"url\":\"https:\\\/\\\/editionsdudauphin.com\\\/en\\\/livre\\\/subjects\\\/personal-growth-psycho\\\/personal-growth\\\/pret-a-realiser-votre-reve\",\"name\":\"Pr\u00eat \u00e0 r\u00e9aliser votre r\u00eave ? - \u00c9ditions du Dauphin\",\"isPartOf\":{\"@id\":\"https:\\\/\\\/editionsdudauphin.com\\\/en#website\"},\"primaryImageOfPage\":{\"@id\":\"https:\\\/\\\/editionsdudauphin.com\\\/en\\\/livre\\\/subjects\\\/personal-growth-psycho\\\/personal-growth\\\/pret-a-realiser-votre-reve#primaryimage\"},\"image\":{\"@id\":\"https:\\\/\\\/editionsdudauphin.com\\\/en\\\/livre\\\/subjects\\\/personal-growth-psycho\\\/personal-growth\\\/pret-a-realiser-votre-reve#primaryimage\"},\"thumbnailUrl\":\"https:\\\/\\\/editionsdudauphin.com\\\/wp-content\\\/uploads\\\/2019\\\/02\\\/9782716316682_reves-scaled.jpg\",\"datePublished\":\"2019-01-24T14:01:43+00:00\",\"dateModified\":\"2019-07-09T17:52:39+00:00\",\"description\":\"- You dream of changing life without daring to take the leap - You want to undertake a personal or professional project that suits you better - You think\",\"breadcrumb\":{\"@id\":\"https:\\\/\\\/editionsdudauphin.com\\\/en\\\/livre\\\/subjects\\\/personal-growth-psycho\\\/personal-growth\\\/pret-a-realiser-votre-reve#breadcrumb\"},\"inLanguage\":\"en-US\",\"potentialAction\":[{\"@type\":\"ReadAction\",\"target\":[\"https:\\\/\\\/editionsdudauphin.com\\\/en\\\/livre\\\/subjects\\\/personal-growth-psycho\\\/personal-growth\\\/pret-a-realiser-votre-reve\"]}]},{\"@type\":\"ImageObject\",\"inLanguage\":\"en-US\",\"@id\":\"https:\\\/\\\/editionsdudauphin.com\\\/en\\\/livre\\\/subjects\\\/personal-growth-psycho\\\/personal-growth\\\/pret-a-realiser-votre-reve#primaryimage\",\"url\":\"https:\\\/\\\/editionsdudauphin.com\\\/wp-content\\\/uploads\\\/2019\\\/02\\\/9782716316682_reves-scaled.jpg\",\"contentUrl\":\"https:\\\/\\\/editionsdudauphin.com\\\/wp-content\\\/uploads\\\/2019\\\/02\\\/9782716316682_reves-scaled.jpg\",\"width\":1309,\"height\":1920,\"caption\":\"reves\"},{\"@type\":\"BreadcrumbList\",\"@id\":\"https:\\\/\\\/editionsdudauphin.com\\\/en\\\/livre\\\/subjects\\\/personal-growth-psycho\\\/personal-growth\\\/pret-a-realiser-votre-reve#breadcrumb\",\"itemListElement\":[{\"@type\":\"ListItem\",\"position\":1,\"name\":\"Accueil\",\"item\":\"https:\\\/\\\/editionsdudauphin.com\\\/en\"},{\"@type\":\"ListItem\",\"position\":2,\"name\":\"Boutique\",\"item\":\"https:\\\/\\\/editionsdudauphin.com\\\/boutique\"},{\"@type\":\"ListItem\",\"position\":3,\"name\":\"Pr\u00eat \u00e0 r\u00e9aliser votre r\u00eave ?\"}]},{\"@type\":\"WebSite\",\"@id\":\"https:\\\/\\\/editionsdudauphin.com\\\/en#website\",\"url\":\"https:\\\/\\\/editionsdudauphin.com\\\/en\",\"name\":\"\u00c9ditions du Dauphin\",\"description\":\"\",\"potentialAction\":[{\"@type\":\"SearchAction\",\"target\":{\"@type\":\"EntryPoint\",\"urlTemplate\":\"https:\\\/\\\/editionsdudauphin.com\\\/en?s={search_term_string}\"},\"query-input\":{\"@type\":\"PropertyValueSpecification\",\"valueRequired\":true,\"valueName\":\"search_term_string\"}}],\"inLanguage\":\"en-US\"}]}<\/script>\n<!-- \/ Yoast SEO plugin. -->","yoast_head_json":{"title":"Pr\u00eat \u00e0 r\u00e9aliser votre r\u00eave ? - \u00c9ditions du Dauphin","description":"- You dream of changing life without daring to take the leap - You want to undertake a personal or professional project that suits you better - You think","robots":{"index":"index","follow":"follow","max-snippet":"max-snippet:-1","max-image-preview":"max-image-preview:large","max-video-preview":"max-video-preview:-1"},"canonical":"https:\/\/editionsdudauphin.com\/en\/livre\/subjects\/personal-growth-psycho\/personal-growth\/pret-a-realiser-votre-reve","og_locale":"en_US","og_type":"article","og_title":"Pr\u00eat \u00e0 r\u00e9aliser votre r\u00eave ? - \u00c9ditions du Dauphin","og_description":"- You dream of changing life without daring to take the leap - You want to undertake a personal or professional project that suits you better - You think","og_url":"https:\/\/editionsdudauphin.com\/en\/livre\/subjects\/personal-growth-psycho\/personal-growth\/pret-a-realiser-votre-reve","og_site_name":"\u00c9ditions du Dauphin","article_modified_time":"2019-07-09T17:52:39+00:00","og_image":[{"width":1309,"height":1920,"url":"https:\/\/editionsdudauphin.com\/wp-content\/uploads\/2019\/02\/9782716316682_reves-scaled.jpg","type":"image\/jpeg"}],"twitter_card":"summary_large_image","twitter_misc":{"Est. reading time":"1 minute"},"schema":{"@context":"https:\/\/schema.org","@graph":[{"@type":"WebPage","@id":"https:\/\/editionsdudauphin.com\/en\/livre\/subjects\/personal-growth-psycho\/personal-growth\/pret-a-realiser-votre-reve","url":"https:\/\/editionsdudauphin.com\/en\/livre\/subjects\/personal-growth-psycho\/personal-growth\/pret-a-realiser-votre-reve","name":"Pr\u00eat \u00e0 r\u00e9aliser votre r\u00eave ? - \u00c9ditions du Dauphin","isPartOf":{"@id":"https:\/\/editionsdudauphin.com\/en#website"},"primaryImageOfPage":{"@id":"https:\/\/editionsdudauphin.com\/en\/livre\/subjects\/personal-growth-psycho\/personal-growth\/pret-a-realiser-votre-reve#primaryimage"},"image":{"@id":"https:\/\/editionsdudauphin.com\/en\/livre\/subjects\/personal-growth-psycho\/personal-growth\/pret-a-realiser-votre-reve#primaryimage"},"thumbnailUrl":"https:\/\/editionsdudauphin.com\/wp-content\/uploads\/2019\/02\/9782716316682_reves-scaled.jpg","datePublished":"2019-01-24T14:01:43+00:00","dateModified":"2019-07-09T17:52:39+00:00","description":"- You dream of changing life without daring to take the leap - You want to undertake a personal or professional project that suits you better - You think","breadcrumb":{"@id":"https:\/\/editionsdudauphin.com\/en\/livre\/subjects\/personal-growth-psycho\/personal-growth\/pret-a-realiser-votre-reve#breadcrumb"},"inLanguage":"en-US","potentialAction":[{"@type":"ReadAction","target":["https:\/\/editionsdudauphin.com\/en\/livre\/subjects\/personal-growth-psycho\/personal-growth\/pret-a-realiser-votre-reve"]}]},{"@type":"ImageObject","inLanguage":"en-US","@id":"https:\/\/editionsdudauphin.com\/en\/livre\/subjects\/personal-growth-psycho\/personal-growth\/pret-a-realiser-votre-reve#primaryimage","url":"https:\/\/editionsdudauphin.com\/wp-content\/uploads\/2019\/02\/9782716316682_reves-scaled.jpg","contentUrl":"https:\/\/editionsdudauphin.com\/wp-content\/uploads\/2019\/02\/9782716316682_reves-scaled.jpg","width":1309,"height":1920,"caption":"reves"},{"@type":"BreadcrumbList","@id":"https:\/\/editionsdudauphin.com\/en\/livre\/subjects\/personal-growth-psycho\/personal-growth\/pret-a-realiser-votre-reve#breadcrumb","itemListElement":[{"@type":"ListItem","position":1,"name":"Accueil","item":"https:\/\/editionsdudauphin.com\/en"},{"@type":"ListItem","position":2,"name":"Boutique","item":"https:\/\/editionsdudauphin.com\/boutique"},{"@type":"ListItem","position":3,"name":"Pr\u00eat \u00e0 r\u00e9aliser votre r\u00eave ?"}]},{"@type":"WebSite","@id":"https:\/\/editionsdudauphin.com\/en#website","url":"https:\/\/editionsdudauphin.com\/en","name":"\u00c9ditions du Dauphin","description":"","potentialAction":[{"@type":"SearchAction","target":{"@type":"EntryPoint","urlTemplate":"https:\/\/editionsdudauphin.com\/en?s={search_term_string}"},"query-input":{"@type":"PropertyValueSpecification","valueRequired":true,"valueName":"search_term_string"}}],"inLanguage":"en-US"}]}},"_links":{"self":[{"href":"https:\/\/editionsdudauphin.com\/en\/wp-json\/wp\/v2\/product\/4043","targetHints":{"allow":["GET"]}}],"collection":[{"href":"https:\/\/editionsdudauphin.com\/en\/wp-json\/wp\/v2\/product"}],"about":[{"href":"https:\/\/editionsdudauphin.com\/en\/wp-json\/wp\/v2\/types\/product"}],"wp:featuredmedia":[{"embeddable":true,"href":"https:\/\/editionsdudauphin.com\/en\/wp-json\/wp\/v2\/media\/4044"}],"wp:attachment":[{"href":"https:\/\/editionsdudauphin.com\/en\/wp-json\/wp\/v2\/media?parent=4043"}],"wp:term":[{"taxonomy":"product_brand","embeddable":true,"href":"https:\/\/editionsdudauphin.com\/en\/wp-json\/wp\/v2\/product_brand?post=4043"},{"taxonomy":"product_cat","embeddable":true,"href":"https:\/\/editionsdudauphin.com\/en\/wp-json\/wp\/v2\/product_cat?post=4043"},{"taxonomy":"product_tag","embeddable":true,"href":"https:\/\/editionsdudauphin.com\/en\/wp-json\/wp\/v2\/product_tag?post=4043"}],"curies":[{"name":"wp","href":"https:\/\/api.w.org\/{rel}","templated":true}]}}