{"id":4045,"date":"2025-04-28T16:31:26","date_gmt":"2019-03-28T15:31:26","guid":{"rendered":"http:\/\/dev.editionsdudauphin.com\/livre\/uncategorized\/tresor-des-plantes-medicinales-par-le-dr-pares-pionniere-du-soin-par-les-plantes"},"modified":"2019-09-20T16:58:33","modified_gmt":"2019-09-20T14:58:33","slug":"tresor-des-plantes-medicinales-par-le-dr-pares-pionniere-du-soin-par-les-plantes","status":"publish","type":"product","link":"https:\/\/editionsdudauphin.com\/en\/livre\/subjects\/health-wellness\/health\/natural-medecine\/medicinal-plants\/tresor-des-plantes-medicinales-par-le-dr-pares-pionniere-du-soin-par-les-plantes","title":{"rendered":"Tr\u00e9sor des plantes m\u00e9dicinales &#8211; par le Dr Par\u00e8s, pionni\u00e8re du soin par les plantes"},"content":{"rendered":"<p>New look on medicinal plants and their innumerable treasures, this practical book is the testimony of Professor Yvette Par\u00e8s, internationally renowned scientist, first in the world to cultivate the bacillus of leprosy. Confronted with the limitations of Western therapies to cure this disease, she discovered the potential of traditional African medicine and was initiated by a master knowing how to associate several plants to ensure their optimal synergy.<br \/>\nIt was after thirty years of medical experience in Senegal that she decided, in 1996, when she returned to Europe, to write a therapeutic work based on the use of European medicinal plants. She gives all her formulas (decoction, infusion, maceration, miraculous waters, medicated oils, medicinal vinegars, alcoholic drinks, etc.) to cure everyday ailments as well as more serious diseases by writing innumerable cards concerning them and their most diverse symptoms.<\/p>\n","protected":false},"excerpt":{"rendered":"<p>New look on medicinal plants and their innumerable treasures, this  [&#8230;]<\/p>\n","protected":false},"featured_media":18498,"template":"","meta":{"_acf_changed":false,"wpupg_custom_link":[],"wpupg_custom_link_behaviour":[],"wpupg_custom_link_nofollow":[],"wpupg_custom_image":[],"wpupg_custom_image_id":[]},"product_brand":[],"product_cat":[151,350],"product_tag":[],"class_list":{"0":"post-4045","1":"product","2":"type-product","3":"status-publish","4":"has-post-thumbnail","6":"product_cat-new-releases","7":"product_cat-medicinal-plants","9":"first","10":"instock","11":"taxable","12":"shipping-taxable","13":"purchasable","14":"product-type-simple"},"acf":[],"yoast_head":"<!-- This site is optimized with the Yoast SEO plugin v27.3 - https:\/\/yoast.com\/product\/yoast-seo-wordpress\/ -->\n<title>Tr\u00e9sor des plantes m\u00e9dicinales - par le Dr Par\u00e8s, pionni\u00e8re du soin par les plantes - \u00c9ditions du Dauphin<\/title>\n<meta name=\"description\" content=\"New look on medicinal plants and their innumerable treasures, this practical book is the testimony of Professor Yvette Par\u00e8s, internationally renowned\" \/>\n<meta name=\"robots\" content=\"index, follow, max-snippet:-1, max-image-preview:large, max-video-preview:-1\" \/>\n<link rel=\"canonical\" href=\"https:\/\/editionsdudauphin.com\/en\/livre\/subjects\/health-wellness\/health\/natural-medecine\/medicinal-plants\/tresor-des-plantes-medicinales-par-le-dr-pares-pionniere-du-soin-par-les-plantes\" \/>\n<meta property=\"og:locale\" content=\"en_US\" \/>\n<meta property=\"og:type\" content=\"article\" \/>\n<meta property=\"og:title\" content=\"Tr\u00e9sor des plantes m\u00e9dicinales - par le Dr Par\u00e8s, pionni\u00e8re du soin par les plantes - \u00c9ditions du Dauphin\" \/>\n<meta property=\"og:description\" content=\"New look on medicinal plants and their innumerable treasures, this practical book is the testimony of Professor Yvette Par\u00e8s, internationally renowned\" \/>\n<meta property=\"og:url\" content=\"https:\/\/editionsdudauphin.com\/en\/livre\/subjects\/health-wellness\/health\/natural-medecine\/medicinal-plants\/tresor-des-plantes-medicinales-par-le-dr-pares-pionniere-du-soin-par-les-plantes\" \/>\n<meta property=\"og:site_name\" content=\"\u00c9ditions du Dauphin\" \/>\n<meta property=\"article:modified_time\" content=\"2019-09-20T14:58:33+00:00\" \/>\n<meta property=\"og:image\" content=\"https:\/\/editionsdudauphin.com\/wp-content\/uploads\/2019\/03\/9782716316736_tresor_plantes.jpg\" \/>\n\t<meta property=\"og:image:width\" content=\"800\" \/>\n\t<meta property=\"og:image:height\" content=\"1041\" \/>\n\t<meta property=\"og:image:type\" content=\"image\/jpeg\" \/>\n<meta name=\"twitter:card\" content=\"summary_large_image\" \/>\n<meta name=\"twitter:label1\" content=\"Est. reading time\" \/>\n\t<meta name=\"twitter:data1\" content=\"1 minute\" \/>\n<script type=\"application\/ld+json\" class=\"yoast-schema-graph\">{\"@context\":\"https:\\\/\\\/schema.org\",\"@graph\":[{\"@type\":\"WebPage\",\"@id\":\"https:\\\/\\\/editionsdudauphin.com\\\/en\\\/livre\\\/subjects\\\/health-wellness\\\/health\\\/natural-medecine\\\/medicinal-plants\\\/tresor-des-plantes-medicinales-par-le-dr-pares-pionniere-du-soin-par-les-plantes\",\"url\":\"https:\\\/\\\/editionsdudauphin.com\\\/en\\\/livre\\\/subjects\\\/health-wellness\\\/health\\\/natural-medecine\\\/medicinal-plants\\\/tresor-des-plantes-medicinales-par-le-dr-pares-pionniere-du-soin-par-les-plantes\",\"name\":\"Tr\u00e9sor des plantes m\u00e9dicinales - par le Dr Par\u00e8s, pionni\u00e8re du soin par les plantes - \u00c9ditions du Dauphin\",\"isPartOf\":{\"@id\":\"https:\\\/\\\/editionsdudauphin.com\\\/en#website\"},\"primaryImageOfPage\":{\"@id\":\"https:\\\/\\\/editionsdudauphin.com\\\/en\\\/livre\\\/subjects\\\/health-wellness\\\/health\\\/natural-medecine\\\/medicinal-plants\\\/tresor-des-plantes-medicinales-par-le-dr-pares-pionniere-du-soin-par-les-plantes#primaryimage\"},\"image\":{\"@id\":\"https:\\\/\\\/editionsdudauphin.com\\\/en\\\/livre\\\/subjects\\\/health-wellness\\\/health\\\/natural-medecine\\\/medicinal-plants\\\/tresor-des-plantes-medicinales-par-le-dr-pares-pionniere-du-soin-par-les-plantes#primaryimage\"},\"thumbnailUrl\":\"https:\\\/\\\/editionsdudauphin.com\\\/wp-content\\\/uploads\\\/2019\\\/03\\\/9782716316736_tresor_plantes.jpg\",\"datePublished\":\"2019-03-28T15:31:26+00:00\",\"dateModified\":\"2019-09-20T14:58:33+00:00\",\"description\":\"New look on medicinal plants and their innumerable treasures, this practical book is the testimony of Professor Yvette Par\u00e8s, internationally renowned\",\"breadcrumb\":{\"@id\":\"https:\\\/\\\/editionsdudauphin.com\\\/en\\\/livre\\\/subjects\\\/health-wellness\\\/health\\\/natural-medecine\\\/medicinal-plants\\\/tresor-des-plantes-medicinales-par-le-dr-pares-pionniere-du-soin-par-les-plantes#breadcrumb\"},\"inLanguage\":\"en-US\",\"potentialAction\":[{\"@type\":\"ReadAction\",\"target\":[\"https:\\\/\\\/editionsdudauphin.com\\\/en\\\/livre\\\/subjects\\\/health-wellness\\\/health\\\/natural-medecine\\\/medicinal-plants\\\/tresor-des-plantes-medicinales-par-le-dr-pares-pionniere-du-soin-par-les-plantes\"]}]},{\"@type\":\"ImageObject\",\"inLanguage\":\"en-US\",\"@id\":\"https:\\\/\\\/editionsdudauphin.com\\\/en\\\/livre\\\/subjects\\\/health-wellness\\\/health\\\/natural-medecine\\\/medicinal-plants\\\/tresor-des-plantes-medicinales-par-le-dr-pares-pionniere-du-soin-par-les-plantes#primaryimage\",\"url\":\"https:\\\/\\\/editionsdudauphin.com\\\/wp-content\\\/uploads\\\/2019\\\/03\\\/9782716316736_tresor_plantes.jpg\",\"contentUrl\":\"https:\\\/\\\/editionsdudauphin.com\\\/wp-content\\\/uploads\\\/2019\\\/03\\\/9782716316736_tresor_plantes.jpg\",\"width\":800,\"height\":1041,\"caption\":\"Tr\u00e9sor des plantes m\u00e9dicinales\"},{\"@type\":\"BreadcrumbList\",\"@id\":\"https:\\\/\\\/editionsdudauphin.com\\\/en\\\/livre\\\/subjects\\\/health-wellness\\\/health\\\/natural-medecine\\\/medicinal-plants\\\/tresor-des-plantes-medicinales-par-le-dr-pares-pionniere-du-soin-par-les-plantes#breadcrumb\",\"itemListElement\":[{\"@type\":\"ListItem\",\"position\":1,\"name\":\"Accueil\",\"item\":\"https:\\\/\\\/editionsdudauphin.com\\\/en\"},{\"@type\":\"ListItem\",\"position\":2,\"name\":\"Boutique\",\"item\":\"https:\\\/\\\/editionsdudauphin.com\\\/boutique\"},{\"@type\":\"ListItem\",\"position\":3,\"name\":\"Tr\u00e9sor des plantes m\u00e9dicinales &#8211; par le Dr Par\u00e8s, pionni\u00e8re du soin par les plantes\"}]},{\"@type\":\"WebSite\",\"@id\":\"https:\\\/\\\/editionsdudauphin.com\\\/en#website\",\"url\":\"https:\\\/\\\/editionsdudauphin.com\\\/en\",\"name\":\"\u00c9ditions du Dauphin\",\"description\":\"\",\"potentialAction\":[{\"@type\":\"SearchAction\",\"target\":{\"@type\":\"EntryPoint\",\"urlTemplate\":\"https:\\\/\\\/editionsdudauphin.com\\\/en?s={search_term_string}\"},\"query-input\":{\"@type\":\"PropertyValueSpecification\",\"valueRequired\":true,\"valueName\":\"search_term_string\"}}],\"inLanguage\":\"en-US\"}]}<\/script>\n<!-- \/ Yoast SEO plugin. -->","yoast_head_json":{"title":"Tr\u00e9sor des plantes m\u00e9dicinales - par le Dr Par\u00e8s, pionni\u00e8re du soin par les plantes - \u00c9ditions du Dauphin","description":"New look on medicinal plants and their innumerable treasures, this practical book is the testimony of Professor Yvette Par\u00e8s, internationally renowned","robots":{"index":"index","follow":"follow","max-snippet":"max-snippet:-1","max-image-preview":"max-image-preview:large","max-video-preview":"max-video-preview:-1"},"canonical":"https:\/\/editionsdudauphin.com\/en\/livre\/subjects\/health-wellness\/health\/natural-medecine\/medicinal-plants\/tresor-des-plantes-medicinales-par-le-dr-pares-pionniere-du-soin-par-les-plantes","og_locale":"en_US","og_type":"article","og_title":"Tr\u00e9sor des plantes m\u00e9dicinales - par le Dr Par\u00e8s, pionni\u00e8re du soin par les plantes - \u00c9ditions du Dauphin","og_description":"New look on medicinal plants and their innumerable treasures, this practical book is the testimony of Professor Yvette Par\u00e8s, internationally renowned","og_url":"https:\/\/editionsdudauphin.com\/en\/livre\/subjects\/health-wellness\/health\/natural-medecine\/medicinal-plants\/tresor-des-plantes-medicinales-par-le-dr-pares-pionniere-du-soin-par-les-plantes","og_site_name":"\u00c9ditions du Dauphin","article_modified_time":"2019-09-20T14:58:33+00:00","og_image":[{"width":800,"height":1041,"url":"https:\/\/editionsdudauphin.com\/wp-content\/uploads\/2019\/03\/9782716316736_tresor_plantes.jpg","type":"image\/jpeg"}],"twitter_card":"summary_large_image","twitter_misc":{"Est. reading time":"1 minute"},"schema":{"@context":"https:\/\/schema.org","@graph":[{"@type":"WebPage","@id":"https:\/\/editionsdudauphin.com\/en\/livre\/subjects\/health-wellness\/health\/natural-medecine\/medicinal-plants\/tresor-des-plantes-medicinales-par-le-dr-pares-pionniere-du-soin-par-les-plantes","url":"https:\/\/editionsdudauphin.com\/en\/livre\/subjects\/health-wellness\/health\/natural-medecine\/medicinal-plants\/tresor-des-plantes-medicinales-par-le-dr-pares-pionniere-du-soin-par-les-plantes","name":"Tr\u00e9sor des plantes m\u00e9dicinales - par le Dr Par\u00e8s, pionni\u00e8re du soin par les plantes - \u00c9ditions du Dauphin","isPartOf":{"@id":"https:\/\/editionsdudauphin.com\/en#website"},"primaryImageOfPage":{"@id":"https:\/\/editionsdudauphin.com\/en\/livre\/subjects\/health-wellness\/health\/natural-medecine\/medicinal-plants\/tresor-des-plantes-medicinales-par-le-dr-pares-pionniere-du-soin-par-les-plantes#primaryimage"},"image":{"@id":"https:\/\/editionsdudauphin.com\/en\/livre\/subjects\/health-wellness\/health\/natural-medecine\/medicinal-plants\/tresor-des-plantes-medicinales-par-le-dr-pares-pionniere-du-soin-par-les-plantes#primaryimage"},"thumbnailUrl":"https:\/\/editionsdudauphin.com\/wp-content\/uploads\/2019\/03\/9782716316736_tresor_plantes.jpg","datePublished":"2019-03-28T15:31:26+00:00","dateModified":"2019-09-20T14:58:33+00:00","description":"New look on medicinal plants and their innumerable treasures, this practical book is the testimony of Professor Yvette Par\u00e8s, internationally renowned","breadcrumb":{"@id":"https:\/\/editionsdudauphin.com\/en\/livre\/subjects\/health-wellness\/health\/natural-medecine\/medicinal-plants\/tresor-des-plantes-medicinales-par-le-dr-pares-pionniere-du-soin-par-les-plantes#breadcrumb"},"inLanguage":"en-US","potentialAction":[{"@type":"ReadAction","target":["https:\/\/editionsdudauphin.com\/en\/livre\/subjects\/health-wellness\/health\/natural-medecine\/medicinal-plants\/tresor-des-plantes-medicinales-par-le-dr-pares-pionniere-du-soin-par-les-plantes"]}]},{"@type":"ImageObject","inLanguage":"en-US","@id":"https:\/\/editionsdudauphin.com\/en\/livre\/subjects\/health-wellness\/health\/natural-medecine\/medicinal-plants\/tresor-des-plantes-medicinales-par-le-dr-pares-pionniere-du-soin-par-les-plantes#primaryimage","url":"https:\/\/editionsdudauphin.com\/wp-content\/uploads\/2019\/03\/9782716316736_tresor_plantes.jpg","contentUrl":"https:\/\/editionsdudauphin.com\/wp-content\/uploads\/2019\/03\/9782716316736_tresor_plantes.jpg","width":800,"height":1041,"caption":"Tr\u00e9sor des plantes m\u00e9dicinales"},{"@type":"BreadcrumbList","@id":"https:\/\/editionsdudauphin.com\/en\/livre\/subjects\/health-wellness\/health\/natural-medecine\/medicinal-plants\/tresor-des-plantes-medicinales-par-le-dr-pares-pionniere-du-soin-par-les-plantes#breadcrumb","itemListElement":[{"@type":"ListItem","position":1,"name":"Accueil","item":"https:\/\/editionsdudauphin.com\/en"},{"@type":"ListItem","position":2,"name":"Boutique","item":"https:\/\/editionsdudauphin.com\/boutique"},{"@type":"ListItem","position":3,"name":"Tr\u00e9sor des plantes m\u00e9dicinales &#8211; par le Dr Par\u00e8s, pionni\u00e8re du soin par les plantes"}]},{"@type":"WebSite","@id":"https:\/\/editionsdudauphin.com\/en#website","url":"https:\/\/editionsdudauphin.com\/en","name":"\u00c9ditions du Dauphin","description":"","potentialAction":[{"@type":"SearchAction","target":{"@type":"EntryPoint","urlTemplate":"https:\/\/editionsdudauphin.com\/en?s={search_term_string}"},"query-input":{"@type":"PropertyValueSpecification","valueRequired":true,"valueName":"search_term_string"}}],"inLanguage":"en-US"}]}},"_links":{"self":[{"href":"https:\/\/editionsdudauphin.com\/en\/wp-json\/wp\/v2\/product\/4045","targetHints":{"allow":["GET"]}}],"collection":[{"href":"https:\/\/editionsdudauphin.com\/en\/wp-json\/wp\/v2\/product"}],"about":[{"href":"https:\/\/editionsdudauphin.com\/en\/wp-json\/wp\/v2\/types\/product"}],"wp:featuredmedia":[{"embeddable":true,"href":"https:\/\/editionsdudauphin.com\/en\/wp-json\/wp\/v2\/media\/18498"}],"wp:attachment":[{"href":"https:\/\/editionsdudauphin.com\/en\/wp-json\/wp\/v2\/media?parent=4045"}],"wp:term":[{"taxonomy":"product_brand","embeddable":true,"href":"https:\/\/editionsdudauphin.com\/en\/wp-json\/wp\/v2\/product_brand?post=4045"},{"taxonomy":"product_cat","embeddable":true,"href":"https:\/\/editionsdudauphin.com\/en\/wp-json\/wp\/v2\/product_cat?post=4045"},{"taxonomy":"product_tag","embeddable":true,"href":"https:\/\/editionsdudauphin.com\/en\/wp-json\/wp\/v2\/product_tag?post=4045"}],"curies":[{"name":"wp","href":"https:\/\/api.w.org\/{rel}","templated":true}]}}