{"id":4046,"date":"2019-03-28T16:28:17","date_gmt":"2019-03-28T15:28:17","guid":{"rendered":"http:\/\/dev.editionsdudauphin.com\/livre\/uncategorized\/votre-guide-des-huiles-essentielles-du-quotidien-80-huiles-essentielles-massages-detox-sante"},"modified":"2024-11-07T15:37:05","modified_gmt":"2024-11-07T14:37:05","slug":"votre-guide-des-huiles-essentielles-au-quotidien-80-huiles-essentielles","status":"publish","type":"product","link":"https:\/\/editionsdudauphin.com\/en\/livre\/subjects\/health-wellness\/health\/natural-medecine\/essential-oils-en\/votre-guide-des-huiles-essentielles-au-quotidien-80-huiles-essentielles","title":{"rendered":"Votre guide des Huiles Essentielles au quotidien &#8211; 80 Huiles Essentielles"},"content":{"rendered":"<p>Un livre pour toute la famille.<br \/>\nCet ouvrage s\u2019adresse \u00e0 tous, y compris \u00e0 toute la famille, qui souhaitent se soigner de fa\u00e7on naturelle et rapide et qui veulent am\u00e9liorer leur quotidien, pr\u00e9venir et gu\u00e9rir des maux du quotidien.<\/p>\n<p>On y d\u00e9couvre les qualit\u00e9s des Huiles Essentielles les plus courantes, savoir les choisir et les utiliser avec toutes les pr\u00e9cautions d\u2019usage, ainsi que de multiples formules efficaces pour gu\u00e9rir le plus rapidement possible.<\/p>\n<p>L\u2019auteur propose aussi l\u2019association de ces derni\u00e8res avec les hydrolats et les huiles v\u00e9g\u00e9tales pour permettre de les utiliser quand il le faut et comme il le faut.<br \/>\nCet ouvrage n\u2019oublie pas les Huiles Essentielles de base \u00e0 avoir toujours dans sa trousse de voyage en toutes circonstances !<\/p>\n","protected":false},"excerpt":{"rendered":"<p>Un livre pour toute la famille. Cet ouvrage s\u2019adresse \u00e0  [&#8230;]<\/p>\n","protected":false},"featured_media":3882,"template":"","meta":{"_acf_changed":false,"wpupg_custom_link":[],"wpupg_custom_link_behaviour":[],"wpupg_custom_link_nofollow":[],"wpupg_custom_image":[],"wpupg_custom_image_id":[]},"product_brand":[],"product_cat":[352,165],"product_tag":[],"class_list":{"0":"post-4046","1":"product","2":"type-product","3":"status-publish","4":"has-post-thumbnail","6":"product_cat-essential-oils-en","7":"product_cat-natural-medecine","9":"first","10":"instock","11":"taxable","12":"shipping-taxable","13":"purchasable","14":"product-type-simple"},"acf":[],"yoast_head":"<!-- This site is optimized with the Yoast SEO plugin v27.3 - https:\/\/yoast.com\/product\/yoast-seo-wordpress\/ -->\n<title>Votre guide des Huiles Essentielles au quotidien - 80 Huiles Essentielles - \u00c9ditions du Dauphin<\/title>\n<meta name=\"description\" content=\"Un livre pour toute la famille. Cet ouvrage s\u2019adresse \u00e0 tous, y compris \u00e0 toute la famille, qui souhaitent se soigner de fa\u00e7on naturelle et rapide et qui\" \/>\n<meta name=\"robots\" content=\"index, follow, max-snippet:-1, max-image-preview:large, max-video-preview:-1\" \/>\n<link rel=\"canonical\" href=\"https:\/\/editionsdudauphin.com\/en\/livre\/subjects\/health-wellness\/health\/natural-medecine\/essential-oils-en\/votre-guide-des-huiles-essentielles-au-quotidien-80-huiles-essentielles\" \/>\n<meta property=\"og:locale\" content=\"en_US\" \/>\n<meta property=\"og:type\" content=\"article\" \/>\n<meta property=\"og:title\" content=\"Votre guide des Huiles Essentielles au quotidien - 80 Huiles Essentielles - \u00c9ditions du Dauphin\" \/>\n<meta property=\"og:description\" content=\"Un livre pour toute la famille. Cet ouvrage s\u2019adresse \u00e0 tous, y compris \u00e0 toute la famille, qui souhaitent se soigner de fa\u00e7on naturelle et rapide et qui\" \/>\n<meta property=\"og:url\" content=\"https:\/\/editionsdudauphin.com\/en\/livre\/subjects\/health-wellness\/health\/natural-medecine\/essential-oils-en\/votre-guide-des-huiles-essentielles-au-quotidien-80-huiles-essentielles\" \/>\n<meta property=\"og:site_name\" content=\"\u00c9ditions du Dauphin\" \/>\n<meta property=\"article:modified_time\" content=\"2024-11-07T14:37:05+00:00\" \/>\n<meta property=\"og:image\" content=\"https:\/\/editionsdudauphin.com\/wp-content\/uploads\/2019\/04\/9782716316750_Huiles_essentielles_famille_quotidien.jpg\" \/>\n\t<meta property=\"og:image:width\" content=\"1271\" \/>\n\t<meta property=\"og:image:height\" content=\"1920\" \/>\n\t<meta property=\"og:image:type\" content=\"image\/jpeg\" \/>\n<meta name=\"twitter:card\" content=\"summary_large_image\" \/>\n<meta name=\"twitter:label1\" content=\"Est. reading time\" \/>\n\t<meta name=\"twitter:data1\" content=\"1 minute\" \/>\n<script type=\"application\/ld+json\" class=\"yoast-schema-graph\">{\"@context\":\"https:\\\/\\\/schema.org\",\"@graph\":[{\"@type\":\"WebPage\",\"@id\":\"https:\\\/\\\/editionsdudauphin.com\\\/en\\\/livre\\\/subjects\\\/health-wellness\\\/health\\\/natural-medecine\\\/essential-oils-en\\\/votre-guide-des-huiles-essentielles-au-quotidien-80-huiles-essentielles\",\"url\":\"https:\\\/\\\/editionsdudauphin.com\\\/en\\\/livre\\\/subjects\\\/health-wellness\\\/health\\\/natural-medecine\\\/essential-oils-en\\\/votre-guide-des-huiles-essentielles-au-quotidien-80-huiles-essentielles\",\"name\":\"Votre guide des Huiles Essentielles au quotidien - 80 Huiles Essentielles - \u00c9ditions du Dauphin\",\"isPartOf\":{\"@id\":\"https:\\\/\\\/editionsdudauphin.com\\\/en#website\"},\"primaryImageOfPage\":{\"@id\":\"https:\\\/\\\/editionsdudauphin.com\\\/en\\\/livre\\\/subjects\\\/health-wellness\\\/health\\\/natural-medecine\\\/essential-oils-en\\\/votre-guide-des-huiles-essentielles-au-quotidien-80-huiles-essentielles#primaryimage\"},\"image\":{\"@id\":\"https:\\\/\\\/editionsdudauphin.com\\\/en\\\/livre\\\/subjects\\\/health-wellness\\\/health\\\/natural-medecine\\\/essential-oils-en\\\/votre-guide-des-huiles-essentielles-au-quotidien-80-huiles-essentielles#primaryimage\"},\"thumbnailUrl\":\"https:\\\/\\\/editionsdudauphin.com\\\/wp-content\\\/uploads\\\/2019\\\/04\\\/9782716316750_Huiles_essentielles_famille_quotidien.jpg\",\"datePublished\":\"2019-03-28T15:28:17+00:00\",\"dateModified\":\"2024-11-07T14:37:05+00:00\",\"description\":\"Un livre pour toute la famille. Cet ouvrage s\u2019adresse \u00e0 tous, y compris \u00e0 toute la famille, qui souhaitent se soigner de fa\u00e7on naturelle et rapide et qui\",\"breadcrumb\":{\"@id\":\"https:\\\/\\\/editionsdudauphin.com\\\/en\\\/livre\\\/subjects\\\/health-wellness\\\/health\\\/natural-medecine\\\/essential-oils-en\\\/votre-guide-des-huiles-essentielles-au-quotidien-80-huiles-essentielles#breadcrumb\"},\"inLanguage\":\"en-US\",\"potentialAction\":[{\"@type\":\"ReadAction\",\"target\":[\"https:\\\/\\\/editionsdudauphin.com\\\/en\\\/livre\\\/subjects\\\/health-wellness\\\/health\\\/natural-medecine\\\/essential-oils-en\\\/votre-guide-des-huiles-essentielles-au-quotidien-80-huiles-essentielles\"]}]},{\"@type\":\"ImageObject\",\"inLanguage\":\"en-US\",\"@id\":\"https:\\\/\\\/editionsdudauphin.com\\\/en\\\/livre\\\/subjects\\\/health-wellness\\\/health\\\/natural-medecine\\\/essential-oils-en\\\/votre-guide-des-huiles-essentielles-au-quotidien-80-huiles-essentielles#primaryimage\",\"url\":\"https:\\\/\\\/editionsdudauphin.com\\\/wp-content\\\/uploads\\\/2019\\\/04\\\/9782716316750_Huiles_essentielles_famille_quotidien.jpg\",\"contentUrl\":\"https:\\\/\\\/editionsdudauphin.com\\\/wp-content\\\/uploads\\\/2019\\\/04\\\/9782716316750_Huiles_essentielles_famille_quotidien.jpg\",\"width\":1271,\"height\":1920,\"caption\":\"Huiles_essentielles_famille_quotidien\"},{\"@type\":\"BreadcrumbList\",\"@id\":\"https:\\\/\\\/editionsdudauphin.com\\\/en\\\/livre\\\/subjects\\\/health-wellness\\\/health\\\/natural-medecine\\\/essential-oils-en\\\/votre-guide-des-huiles-essentielles-au-quotidien-80-huiles-essentielles#breadcrumb\",\"itemListElement\":[{\"@type\":\"ListItem\",\"position\":1,\"name\":\"Accueil\",\"item\":\"https:\\\/\\\/editionsdudauphin.com\\\/en\"},{\"@type\":\"ListItem\",\"position\":2,\"name\":\"Boutique\",\"item\":\"https:\\\/\\\/editionsdudauphin.com\\\/boutique\"},{\"@type\":\"ListItem\",\"position\":3,\"name\":\"Votre guide des Huiles Essentielles au quotidien &#8211; 80 Huiles Essentielles\"}]},{\"@type\":\"WebSite\",\"@id\":\"https:\\\/\\\/editionsdudauphin.com\\\/en#website\",\"url\":\"https:\\\/\\\/editionsdudauphin.com\\\/en\",\"name\":\"\u00c9ditions du Dauphin\",\"description\":\"\",\"potentialAction\":[{\"@type\":\"SearchAction\",\"target\":{\"@type\":\"EntryPoint\",\"urlTemplate\":\"https:\\\/\\\/editionsdudauphin.com\\\/en?s={search_term_string}\"},\"query-input\":{\"@type\":\"PropertyValueSpecification\",\"valueRequired\":true,\"valueName\":\"search_term_string\"}}],\"inLanguage\":\"en-US\"}]}<\/script>\n<!-- \/ Yoast SEO plugin. -->","yoast_head_json":{"title":"Votre guide des Huiles Essentielles au quotidien - 80 Huiles Essentielles - \u00c9ditions du Dauphin","description":"Un livre pour toute la famille. Cet ouvrage s\u2019adresse \u00e0 tous, y compris \u00e0 toute la famille, qui souhaitent se soigner de fa\u00e7on naturelle et rapide et qui","robots":{"index":"index","follow":"follow","max-snippet":"max-snippet:-1","max-image-preview":"max-image-preview:large","max-video-preview":"max-video-preview:-1"},"canonical":"https:\/\/editionsdudauphin.com\/en\/livre\/subjects\/health-wellness\/health\/natural-medecine\/essential-oils-en\/votre-guide-des-huiles-essentielles-au-quotidien-80-huiles-essentielles","og_locale":"en_US","og_type":"article","og_title":"Votre guide des Huiles Essentielles au quotidien - 80 Huiles Essentielles - \u00c9ditions du Dauphin","og_description":"Un livre pour toute la famille. Cet ouvrage s\u2019adresse \u00e0 tous, y compris \u00e0 toute la famille, qui souhaitent se soigner de fa\u00e7on naturelle et rapide et qui","og_url":"https:\/\/editionsdudauphin.com\/en\/livre\/subjects\/health-wellness\/health\/natural-medecine\/essential-oils-en\/votre-guide-des-huiles-essentielles-au-quotidien-80-huiles-essentielles","og_site_name":"\u00c9ditions du Dauphin","article_modified_time":"2024-11-07T14:37:05+00:00","og_image":[{"width":1271,"height":1920,"url":"https:\/\/editionsdudauphin.com\/wp-content\/uploads\/2019\/04\/9782716316750_Huiles_essentielles_famille_quotidien.jpg","type":"image\/jpeg"}],"twitter_card":"summary_large_image","twitter_misc":{"Est. reading time":"1 minute"},"schema":{"@context":"https:\/\/schema.org","@graph":[{"@type":"WebPage","@id":"https:\/\/editionsdudauphin.com\/en\/livre\/subjects\/health-wellness\/health\/natural-medecine\/essential-oils-en\/votre-guide-des-huiles-essentielles-au-quotidien-80-huiles-essentielles","url":"https:\/\/editionsdudauphin.com\/en\/livre\/subjects\/health-wellness\/health\/natural-medecine\/essential-oils-en\/votre-guide-des-huiles-essentielles-au-quotidien-80-huiles-essentielles","name":"Votre guide des Huiles Essentielles au quotidien - 80 Huiles Essentielles - \u00c9ditions du Dauphin","isPartOf":{"@id":"https:\/\/editionsdudauphin.com\/en#website"},"primaryImageOfPage":{"@id":"https:\/\/editionsdudauphin.com\/en\/livre\/subjects\/health-wellness\/health\/natural-medecine\/essential-oils-en\/votre-guide-des-huiles-essentielles-au-quotidien-80-huiles-essentielles#primaryimage"},"image":{"@id":"https:\/\/editionsdudauphin.com\/en\/livre\/subjects\/health-wellness\/health\/natural-medecine\/essential-oils-en\/votre-guide-des-huiles-essentielles-au-quotidien-80-huiles-essentielles#primaryimage"},"thumbnailUrl":"https:\/\/editionsdudauphin.com\/wp-content\/uploads\/2019\/04\/9782716316750_Huiles_essentielles_famille_quotidien.jpg","datePublished":"2019-03-28T15:28:17+00:00","dateModified":"2024-11-07T14:37:05+00:00","description":"Un livre pour toute la famille. Cet ouvrage s\u2019adresse \u00e0 tous, y compris \u00e0 toute la famille, qui souhaitent se soigner de fa\u00e7on naturelle et rapide et qui","breadcrumb":{"@id":"https:\/\/editionsdudauphin.com\/en\/livre\/subjects\/health-wellness\/health\/natural-medecine\/essential-oils-en\/votre-guide-des-huiles-essentielles-au-quotidien-80-huiles-essentielles#breadcrumb"},"inLanguage":"en-US","potentialAction":[{"@type":"ReadAction","target":["https:\/\/editionsdudauphin.com\/en\/livre\/subjects\/health-wellness\/health\/natural-medecine\/essential-oils-en\/votre-guide-des-huiles-essentielles-au-quotidien-80-huiles-essentielles"]}]},{"@type":"ImageObject","inLanguage":"en-US","@id":"https:\/\/editionsdudauphin.com\/en\/livre\/subjects\/health-wellness\/health\/natural-medecine\/essential-oils-en\/votre-guide-des-huiles-essentielles-au-quotidien-80-huiles-essentielles#primaryimage","url":"https:\/\/editionsdudauphin.com\/wp-content\/uploads\/2019\/04\/9782716316750_Huiles_essentielles_famille_quotidien.jpg","contentUrl":"https:\/\/editionsdudauphin.com\/wp-content\/uploads\/2019\/04\/9782716316750_Huiles_essentielles_famille_quotidien.jpg","width":1271,"height":1920,"caption":"Huiles_essentielles_famille_quotidien"},{"@type":"BreadcrumbList","@id":"https:\/\/editionsdudauphin.com\/en\/livre\/subjects\/health-wellness\/health\/natural-medecine\/essential-oils-en\/votre-guide-des-huiles-essentielles-au-quotidien-80-huiles-essentielles#breadcrumb","itemListElement":[{"@type":"ListItem","position":1,"name":"Accueil","item":"https:\/\/editionsdudauphin.com\/en"},{"@type":"ListItem","position":2,"name":"Boutique","item":"https:\/\/editionsdudauphin.com\/boutique"},{"@type":"ListItem","position":3,"name":"Votre guide des Huiles Essentielles au quotidien &#8211; 80 Huiles Essentielles"}]},{"@type":"WebSite","@id":"https:\/\/editionsdudauphin.com\/en#website","url":"https:\/\/editionsdudauphin.com\/en","name":"\u00c9ditions du Dauphin","description":"","potentialAction":[{"@type":"SearchAction","target":{"@type":"EntryPoint","urlTemplate":"https:\/\/editionsdudauphin.com\/en?s={search_term_string}"},"query-input":{"@type":"PropertyValueSpecification","valueRequired":true,"valueName":"search_term_string"}}],"inLanguage":"en-US"}]}},"_links":{"self":[{"href":"https:\/\/editionsdudauphin.com\/en\/wp-json\/wp\/v2\/product\/4046","targetHints":{"allow":["GET"]}}],"collection":[{"href":"https:\/\/editionsdudauphin.com\/en\/wp-json\/wp\/v2\/product"}],"about":[{"href":"https:\/\/editionsdudauphin.com\/en\/wp-json\/wp\/v2\/types\/product"}],"wp:featuredmedia":[{"embeddable":true,"href":"https:\/\/editionsdudauphin.com\/en\/wp-json\/wp\/v2\/media\/3882"}],"wp:attachment":[{"href":"https:\/\/editionsdudauphin.com\/en\/wp-json\/wp\/v2\/media?parent=4046"}],"wp:term":[{"taxonomy":"product_brand","embeddable":true,"href":"https:\/\/editionsdudauphin.com\/en\/wp-json\/wp\/v2\/product_brand?post=4046"},{"taxonomy":"product_cat","embeddable":true,"href":"https:\/\/editionsdudauphin.com\/en\/wp-json\/wp\/v2\/product_cat?post=4046"},{"taxonomy":"product_tag","embeddable":true,"href":"https:\/\/editionsdudauphin.com\/en\/wp-json\/wp\/v2\/product_tag?post=4046"}],"curies":[{"name":"wp","href":"https:\/\/api.w.org\/{rel}","templated":true}]}}