{"id":4061,"date":"2017-03-30T16:31:02","date_gmt":"2017-03-30T14:31:02","guid":{"rendered":"http:\/\/dev.editionsdudauphin.com\/livre\/uncategorized\/les-huiles-essentielles-medecine-davenir"},"modified":"2024-11-04T12:07:47","modified_gmt":"2024-11-04T11:07:47","slug":"les-huiles-essentielles-medecine-davenir","status":"publish","type":"product","link":"https:\/\/editionsdudauphin.com\/en\/livre\/subjects\/health-wellness\/health\/natural-medecine\/essential-oils-en\/les-huiles-essentielles-medecine-davenir","title":{"rendered":"Les huiles essentielles m\u00e9decine d&#8217;avenir"},"content":{"rendered":"<p>Nowadays, we can observe the return of major epidemics and the lack of efficacy of antibiotics.<\/p>\n<p>At the same time, we have at our disposal a wide range of aromatic molecules capable of\u00a0stopping bacterial and viral infections, boosting the natural defenses (immune), relieve the small\u00a0pains of everyday life and be useful for body care. Their field of activity is very vast, from medicine\u00a0to cosmetics.<\/p>\n<p><iframe src=\"https:\/\/www.youtube.com\/embed\/RiLraEyQIQU\" width=\"460\" height=\"315\" frameborder=\"0\" allowfullscreen=\"allowfullscreen\"><\/iframe><\/p>\n","protected":false},"excerpt":{"rendered":"<p>Nowadays, we can observe the return of major epidemics and  [&#8230;]<\/p>\n","protected":false},"featured_media":8397,"template":"","meta":{"_acf_changed":false,"wpupg_custom_link":[],"wpupg_custom_link_behaviour":[],"wpupg_custom_link_nofollow":[],"wpupg_custom_image":[],"wpupg_custom_image_id":[]},"product_brand":[],"product_cat":[165,352,150],"product_tag":[],"class_list":{"0":"post-4061","1":"product","2":"type-product","3":"status-publish","4":"has-post-thumbnail","6":"product_cat-natural-medecine","7":"product_cat-essential-oils-en","8":"product_cat-long-sellers-en","10":"first","11":"instock","12":"taxable","13":"shipping-taxable","14":"purchasable","15":"product-type-simple"},"acf":[],"yoast_head":"<!-- This site is optimized with the Yoast SEO plugin v27.3 - https:\/\/yoast.com\/product\/yoast-seo-wordpress\/ -->\n<title>Les huiles essentielles m\u00e9decine d&#039;avenir - \u00c9ditions du Dauphin<\/title>\n<meta name=\"description\" content=\"Face \u00e0 la faible efficacit\u00e9 des antibiotiques, le Dr Willem d\u00e9voile dans ce livre 48 huiles essentielles indispensables pour soulager les maux du quotidien.\" \/>\n<meta name=\"robots\" content=\"index, follow, max-snippet:-1, max-image-preview:large, max-video-preview:-1\" \/>\n<link rel=\"canonical\" href=\"https:\/\/editionsdudauphin.com\/en\/livre\/subjects\/health-wellness\/health\/natural-medecine\/essential-oils-en\/les-huiles-essentielles-medecine-davenir\" \/>\n<meta property=\"og:locale\" content=\"en_US\" \/>\n<meta property=\"og:type\" content=\"article\" \/>\n<meta property=\"og:title\" content=\"Les huiles essentielles m\u00e9decine d&#039;avenir - \u00c9ditions du Dauphin\" \/>\n<meta property=\"og:description\" content=\"Face \u00e0 la faible efficacit\u00e9 des antibiotiques, le Dr Willem d\u00e9voile dans ce livre 48 huiles essentielles indispensables pour soulager les maux du quotidien.\" \/>\n<meta property=\"og:url\" content=\"https:\/\/editionsdudauphin.com\/en\/livre\/subjects\/health-wellness\/health\/natural-medecine\/essential-oils-en\/les-huiles-essentielles-medecine-davenir\" \/>\n<meta property=\"og:site_name\" content=\"\u00c9ditions du Dauphin\" \/>\n<meta property=\"article:modified_time\" content=\"2024-11-04T11:07:47+00:00\" \/>\n<meta property=\"og:image\" content=\"https:\/\/editionsdudauphin.com\/wp-content\/uploads\/2017\/03\/9782716316835_huiles-essentielles_willem.png\" \/>\n\t<meta property=\"og:image:width\" content=\"800\" \/>\n\t<meta property=\"og:image:height\" content=\"1196\" \/>\n\t<meta property=\"og:image:type\" content=\"image\/png\" \/>\n<meta name=\"twitter:card\" content=\"summary_large_image\" \/>\n<meta name=\"twitter:label1\" content=\"Est. reading time\" \/>\n\t<meta name=\"twitter:data1\" content=\"1 minute\" \/>\n<script type=\"application\/ld+json\" class=\"yoast-schema-graph\">{\"@context\":\"https:\\\/\\\/schema.org\",\"@graph\":[{\"@type\":\"WebPage\",\"@id\":\"https:\\\/\\\/editionsdudauphin.com\\\/en\\\/livre\\\/subjects\\\/health-wellness\\\/health\\\/natural-medecine\\\/essential-oils-en\\\/les-huiles-essentielles-medecine-davenir\",\"url\":\"https:\\\/\\\/editionsdudauphin.com\\\/en\\\/livre\\\/subjects\\\/health-wellness\\\/health\\\/natural-medecine\\\/essential-oils-en\\\/les-huiles-essentielles-medecine-davenir\",\"name\":\"Les huiles essentielles m\u00e9decine d'avenir - \u00c9ditions du Dauphin\",\"isPartOf\":{\"@id\":\"https:\\\/\\\/editionsdudauphin.com\\\/en#website\"},\"primaryImageOfPage\":{\"@id\":\"https:\\\/\\\/editionsdudauphin.com\\\/en\\\/livre\\\/subjects\\\/health-wellness\\\/health\\\/natural-medecine\\\/essential-oils-en\\\/les-huiles-essentielles-medecine-davenir#primaryimage\"},\"image\":{\"@id\":\"https:\\\/\\\/editionsdudauphin.com\\\/en\\\/livre\\\/subjects\\\/health-wellness\\\/health\\\/natural-medecine\\\/essential-oils-en\\\/les-huiles-essentielles-medecine-davenir#primaryimage\"},\"thumbnailUrl\":\"https:\\\/\\\/editionsdudauphin.com\\\/wp-content\\\/uploads\\\/2017\\\/03\\\/9782716316835_huiles-essentielles_willem.png\",\"datePublished\":\"2017-03-30T14:31:02+00:00\",\"dateModified\":\"2024-11-04T11:07:47+00:00\",\"description\":\"Face \u00e0 la faible efficacit\u00e9 des antibiotiques, le Dr Willem d\u00e9voile dans ce livre 48 huiles essentielles indispensables pour soulager les maux du quotidien.\",\"breadcrumb\":{\"@id\":\"https:\\\/\\\/editionsdudauphin.com\\\/en\\\/livre\\\/subjects\\\/health-wellness\\\/health\\\/natural-medecine\\\/essential-oils-en\\\/les-huiles-essentielles-medecine-davenir#breadcrumb\"},\"inLanguage\":\"en-US\",\"potentialAction\":[{\"@type\":\"ReadAction\",\"target\":[\"https:\\\/\\\/editionsdudauphin.com\\\/en\\\/livre\\\/subjects\\\/health-wellness\\\/health\\\/natural-medecine\\\/essential-oils-en\\\/les-huiles-essentielles-medecine-davenir\"]}]},{\"@type\":\"ImageObject\",\"inLanguage\":\"en-US\",\"@id\":\"https:\\\/\\\/editionsdudauphin.com\\\/en\\\/livre\\\/subjects\\\/health-wellness\\\/health\\\/natural-medecine\\\/essential-oils-en\\\/les-huiles-essentielles-medecine-davenir#primaryimage\",\"url\":\"https:\\\/\\\/editionsdudauphin.com\\\/wp-content\\\/uploads\\\/2017\\\/03\\\/9782716316835_huiles-essentielles_willem.png\",\"contentUrl\":\"https:\\\/\\\/editionsdudauphin.com\\\/wp-content\\\/uploads\\\/2017\\\/03\\\/9782716316835_huiles-essentielles_willem.png\",\"width\":800,\"height\":1196,\"caption\":\"Huiles Essentielles M\u00e9decine d'avenir\"},{\"@type\":\"BreadcrumbList\",\"@id\":\"https:\\\/\\\/editionsdudauphin.com\\\/en\\\/livre\\\/subjects\\\/health-wellness\\\/health\\\/natural-medecine\\\/essential-oils-en\\\/les-huiles-essentielles-medecine-davenir#breadcrumb\",\"itemListElement\":[{\"@type\":\"ListItem\",\"position\":1,\"name\":\"Accueil\",\"item\":\"https:\\\/\\\/editionsdudauphin.com\\\/en\"},{\"@type\":\"ListItem\",\"position\":2,\"name\":\"Boutique\",\"item\":\"https:\\\/\\\/editionsdudauphin.com\\\/boutique\"},{\"@type\":\"ListItem\",\"position\":3,\"name\":\"Les huiles essentielles m\u00e9decine d&#8217;avenir\"}]},{\"@type\":\"WebSite\",\"@id\":\"https:\\\/\\\/editionsdudauphin.com\\\/en#website\",\"url\":\"https:\\\/\\\/editionsdudauphin.com\\\/en\",\"name\":\"\u00c9ditions du Dauphin\",\"description\":\"\",\"potentialAction\":[{\"@type\":\"SearchAction\",\"target\":{\"@type\":\"EntryPoint\",\"urlTemplate\":\"https:\\\/\\\/editionsdudauphin.com\\\/en?s={search_term_string}\"},\"query-input\":{\"@type\":\"PropertyValueSpecification\",\"valueRequired\":true,\"valueName\":\"search_term_string\"}}],\"inLanguage\":\"en-US\"}]}<\/script>\n<!-- \/ Yoast SEO plugin. -->","yoast_head_json":{"title":"Les huiles essentielles m\u00e9decine d'avenir - \u00c9ditions du Dauphin","description":"Face \u00e0 la faible efficacit\u00e9 des antibiotiques, le Dr Willem d\u00e9voile dans ce livre 48 huiles essentielles indispensables pour soulager les maux du quotidien.","robots":{"index":"index","follow":"follow","max-snippet":"max-snippet:-1","max-image-preview":"max-image-preview:large","max-video-preview":"max-video-preview:-1"},"canonical":"https:\/\/editionsdudauphin.com\/en\/livre\/subjects\/health-wellness\/health\/natural-medecine\/essential-oils-en\/les-huiles-essentielles-medecine-davenir","og_locale":"en_US","og_type":"article","og_title":"Les huiles essentielles m\u00e9decine d'avenir - \u00c9ditions du Dauphin","og_description":"Face \u00e0 la faible efficacit\u00e9 des antibiotiques, le Dr Willem d\u00e9voile dans ce livre 48 huiles essentielles indispensables pour soulager les maux du quotidien.","og_url":"https:\/\/editionsdudauphin.com\/en\/livre\/subjects\/health-wellness\/health\/natural-medecine\/essential-oils-en\/les-huiles-essentielles-medecine-davenir","og_site_name":"\u00c9ditions du Dauphin","article_modified_time":"2024-11-04T11:07:47+00:00","og_image":[{"width":800,"height":1196,"url":"https:\/\/editionsdudauphin.com\/wp-content\/uploads\/2017\/03\/9782716316835_huiles-essentielles_willem.png","type":"image\/png"}],"twitter_card":"summary_large_image","twitter_misc":{"Est. reading time":"1 minute"},"schema":{"@context":"https:\/\/schema.org","@graph":[{"@type":"WebPage","@id":"https:\/\/editionsdudauphin.com\/en\/livre\/subjects\/health-wellness\/health\/natural-medecine\/essential-oils-en\/les-huiles-essentielles-medecine-davenir","url":"https:\/\/editionsdudauphin.com\/en\/livre\/subjects\/health-wellness\/health\/natural-medecine\/essential-oils-en\/les-huiles-essentielles-medecine-davenir","name":"Les huiles essentielles m\u00e9decine d'avenir - \u00c9ditions du Dauphin","isPartOf":{"@id":"https:\/\/editionsdudauphin.com\/en#website"},"primaryImageOfPage":{"@id":"https:\/\/editionsdudauphin.com\/en\/livre\/subjects\/health-wellness\/health\/natural-medecine\/essential-oils-en\/les-huiles-essentielles-medecine-davenir#primaryimage"},"image":{"@id":"https:\/\/editionsdudauphin.com\/en\/livre\/subjects\/health-wellness\/health\/natural-medecine\/essential-oils-en\/les-huiles-essentielles-medecine-davenir#primaryimage"},"thumbnailUrl":"https:\/\/editionsdudauphin.com\/wp-content\/uploads\/2017\/03\/9782716316835_huiles-essentielles_willem.png","datePublished":"2017-03-30T14:31:02+00:00","dateModified":"2024-11-04T11:07:47+00:00","description":"Face \u00e0 la faible efficacit\u00e9 des antibiotiques, le Dr Willem d\u00e9voile dans ce livre 48 huiles essentielles indispensables pour soulager les maux du quotidien.","breadcrumb":{"@id":"https:\/\/editionsdudauphin.com\/en\/livre\/subjects\/health-wellness\/health\/natural-medecine\/essential-oils-en\/les-huiles-essentielles-medecine-davenir#breadcrumb"},"inLanguage":"en-US","potentialAction":[{"@type":"ReadAction","target":["https:\/\/editionsdudauphin.com\/en\/livre\/subjects\/health-wellness\/health\/natural-medecine\/essential-oils-en\/les-huiles-essentielles-medecine-davenir"]}]},{"@type":"ImageObject","inLanguage":"en-US","@id":"https:\/\/editionsdudauphin.com\/en\/livre\/subjects\/health-wellness\/health\/natural-medecine\/essential-oils-en\/les-huiles-essentielles-medecine-davenir#primaryimage","url":"https:\/\/editionsdudauphin.com\/wp-content\/uploads\/2017\/03\/9782716316835_huiles-essentielles_willem.png","contentUrl":"https:\/\/editionsdudauphin.com\/wp-content\/uploads\/2017\/03\/9782716316835_huiles-essentielles_willem.png","width":800,"height":1196,"caption":"Huiles Essentielles M\u00e9decine d'avenir"},{"@type":"BreadcrumbList","@id":"https:\/\/editionsdudauphin.com\/en\/livre\/subjects\/health-wellness\/health\/natural-medecine\/essential-oils-en\/les-huiles-essentielles-medecine-davenir#breadcrumb","itemListElement":[{"@type":"ListItem","position":1,"name":"Accueil","item":"https:\/\/editionsdudauphin.com\/en"},{"@type":"ListItem","position":2,"name":"Boutique","item":"https:\/\/editionsdudauphin.com\/boutique"},{"@type":"ListItem","position":3,"name":"Les huiles essentielles m\u00e9decine d&#8217;avenir"}]},{"@type":"WebSite","@id":"https:\/\/editionsdudauphin.com\/en#website","url":"https:\/\/editionsdudauphin.com\/en","name":"\u00c9ditions du Dauphin","description":"","potentialAction":[{"@type":"SearchAction","target":{"@type":"EntryPoint","urlTemplate":"https:\/\/editionsdudauphin.com\/en?s={search_term_string}"},"query-input":{"@type":"PropertyValueSpecification","valueRequired":true,"valueName":"search_term_string"}}],"inLanguage":"en-US"}]}},"_links":{"self":[{"href":"https:\/\/editionsdudauphin.com\/en\/wp-json\/wp\/v2\/product\/4061","targetHints":{"allow":["GET"]}}],"collection":[{"href":"https:\/\/editionsdudauphin.com\/en\/wp-json\/wp\/v2\/product"}],"about":[{"href":"https:\/\/editionsdudauphin.com\/en\/wp-json\/wp\/v2\/types\/product"}],"wp:featuredmedia":[{"embeddable":true,"href":"https:\/\/editionsdudauphin.com\/en\/wp-json\/wp\/v2\/media\/8397"}],"wp:attachment":[{"href":"https:\/\/editionsdudauphin.com\/en\/wp-json\/wp\/v2\/media?parent=4061"}],"wp:term":[{"taxonomy":"product_brand","embeddable":true,"href":"https:\/\/editionsdudauphin.com\/en\/wp-json\/wp\/v2\/product_brand?post=4061"},{"taxonomy":"product_cat","embeddable":true,"href":"https:\/\/editionsdudauphin.com\/en\/wp-json\/wp\/v2\/product_cat?post=4061"},{"taxonomy":"product_tag","embeddable":true,"href":"https:\/\/editionsdudauphin.com\/en\/wp-json\/wp\/v2\/product_tag?post=4061"}],"curies":[{"name":"wp","href":"https:\/\/api.w.org\/{rel}","templated":true}]}}