{"id":4064,"date":"2015-05-12T11:19:29","date_gmt":"2015-05-12T09:19:29","guid":{"rendered":"http:\/\/dev.editionsdudauphin.com\/livre\/uncategorized\/secrets-dune-herboriste"},"modified":"2024-12-23T11:15:23","modified_gmt":"2024-12-23T10:15:23","slug":"secrets-dune-herboriste","status":"publish","type":"product","link":"https:\/\/editionsdudauphin.com\/en\/livre\/subjects\/health-wellness\/health\/natural-medecine\/medicinal-plants\/secrets-dune-herboriste","title":{"rendered":"Secrets d&#8217;une herboriste"},"content":{"rendered":"<p>\u201cSecrets d\u2019une herboriste\u201d est le t\u00e9moignage de<a href=\"https:\/\/editionsdudauphin.com\/author-book\/marie-antoinette-mulot\" target=\"_blank\" rel=\"noopener\"> Marie-Antoinette MULOT<\/a>, herboriste dipl\u00f4m\u00e9e de la facult\u00e9 de Pharmacie de Montpellier, et le testament d\u2019une femme qui a consacr\u00e9 sa vie aux plantes.<\/p>\n<p>Forte de 315 plantes m\u00e9dicinales pour 115 maladies courantes, cette bible des plantes reste un document exceptionnel : soixante ann\u00e9es de passion et d\u2019exp\u00e9riences quotidiennes d\u2019abord dans son herboristerie de la r\u00e9gion parisienne, au Raincy, puis dans sa petite boutique de Saint-Gilles du Gard, en Camargue. Marie-Antoinette MULOT s\u2019est \u00e9teinte le 8 novembre 1999.<\/p>\n<p>Aujourd\u2019hui plus que jamais son livre est d\u2019actualit\u00e9, le renouveau d\u2019int\u00e9r\u00eat que nous portons \u00e0 la connaissance des plantes, \u00e0 leur utilisation pour notre confort de vie, ainsi que pour soulager ou m\u00eame gu\u00e9rir quantit\u00e9 de petits maux, en font une vedette en la mati\u00e8re.<\/p>\n<p>\u201cUn livre exceptionnel, aussi magique et fascinant que son auteur\u201d.<br \/>\nMichel Drucker (Europe 1).<\/p>\n<p>\u201cLe livre le plus authentique \u00e9crit sur ce sujet par la plus authentique des herboristes\u201d.<br \/>\nG. Aziz (lib\u00e9ration).<\/p>\n<p><span style=\"color: #ffffff;\">\u00a0Vid\u00e9o sur <a style=\"color: #ffffff;\" href=\"https:\/\/www.youtube.com\/watch?v=eGPqEKukrFQ&amp;t=45s\" target=\"_blank\" rel=\"noopener\">Youtube\u00a0<\/a><\/span><\/p>\n<p><iframe title=\"YouTube video player\" src=\"https:\/\/www.youtube.com\/embed\/eGPqEKukrFQ\" width=\"460\" height=\"315\" frameborder=\"0\" allowfullscreen=\"allowfullscreen\"><\/iframe><\/p>\n","protected":false},"excerpt":{"rendered":"<p>\u201cSecrets d\u2019une herboriste\u201d est le t\u00e9moignage de Marie-Antoinette MULOT, herboriste  [&#8230;]<\/p>\n","protected":false},"featured_media":4066,"template":"","meta":{"_acf_changed":false,"wpupg_custom_link":[],"wpupg_custom_link_behaviour":[],"wpupg_custom_link_nofollow":[],"wpupg_custom_image":[],"wpupg_custom_image_id":[]},"product_brand":[],"product_cat":[150,159,350,360],"product_tag":[],"class_list":{"0":"post-4064","1":"product","2":"type-product","3":"status-publish","4":"has-post-thumbnail","6":"product_cat-long-sellers-en","7":"product_cat-health","8":"product_cat-medicinal-plants","9":"product_cat-naturopathy-en","11":"first","12":"instock","13":"taxable","14":"shipping-taxable","15":"purchasable","16":"product-type-simple"},"acf":[],"yoast_head":"<!-- This site is optimized with the Yoast SEO plugin v27.3 - https:\/\/yoast.com\/product\/yoast-seo-wordpress\/ -->\n<title>Secrets d&#039;une herboriste - La Bible des plantes - \u00c9ditions du Dauphin<\/title>\n<meta name=\"description\" content=\"Les secrets d&#039;une herboriste est la bible de Marie Antoinette Mulot. Avec 315 plantes m\u00e9dicinales et 115 maladies courantes : une r\u00e9f\u00e9rence\" \/>\n<meta name=\"robots\" content=\"index, follow, max-snippet:-1, max-image-preview:large, max-video-preview:-1\" \/>\n<link rel=\"canonical\" href=\"https:\/\/editionsdudauphin.com\/en\/livre\/subjects\/health-wellness\/health\/natural-medecine\/medicinal-plants\/secrets-dune-herboriste\" \/>\n<meta property=\"og:locale\" content=\"en_US\" \/>\n<meta property=\"og:type\" content=\"article\" \/>\n<meta property=\"og:title\" content=\"Secrets d&#039;une herboriste - La Bible des plantes - \u00c9ditions du Dauphin\" \/>\n<meta property=\"og:description\" content=\"Les secrets d&#039;une herboriste est la bible de Marie Antoinette Mulot. Avec 315 plantes m\u00e9dicinales et 115 maladies courantes : une r\u00e9f\u00e9rence\" \/>\n<meta property=\"og:url\" content=\"https:\/\/editionsdudauphin.com\/en\/livre\/subjects\/health-wellness\/health\/natural-medecine\/medicinal-plants\/secrets-dune-herboriste\" \/>\n<meta property=\"og:site_name\" content=\"\u00c9ditions du Dauphin\" \/>\n<meta property=\"article:modified_time\" content=\"2024-12-23T10:15:23+00:00\" \/>\n<meta property=\"og:image\" content=\"https:\/\/editionsdudauphin.com\/wp-content\/uploads\/2019\/01\/9782716315579_herboriste_secrets-scaled.jpg\" \/>\n\t<meta property=\"og:image:width\" content=\"1283\" \/>\n\t<meta property=\"og:image:height\" content=\"1920\" \/>\n\t<meta property=\"og:image:type\" content=\"image\/jpeg\" \/>\n<meta name=\"twitter:card\" content=\"summary_large_image\" \/>\n<meta name=\"twitter:label1\" content=\"Est. reading time\" \/>\n\t<meta name=\"twitter:data1\" content=\"1 minute\" \/>\n<script type=\"application\/ld+json\" class=\"yoast-schema-graph\">{\"@context\":\"https:\\\/\\\/schema.org\",\"@graph\":[{\"@type\":\"WebPage\",\"@id\":\"https:\\\/\\\/editionsdudauphin.com\\\/en\\\/livre\\\/subjects\\\/health-wellness\\\/health\\\/natural-medecine\\\/medicinal-plants\\\/secrets-dune-herboriste\",\"url\":\"https:\\\/\\\/editionsdudauphin.com\\\/en\\\/livre\\\/subjects\\\/health-wellness\\\/health\\\/natural-medecine\\\/medicinal-plants\\\/secrets-dune-herboriste\",\"name\":\"Secrets d'une herboriste - La Bible des plantes - \u00c9ditions du Dauphin\",\"isPartOf\":{\"@id\":\"https:\\\/\\\/editionsdudauphin.com\\\/en#website\"},\"primaryImageOfPage\":{\"@id\":\"https:\\\/\\\/editionsdudauphin.com\\\/en\\\/livre\\\/subjects\\\/health-wellness\\\/health\\\/natural-medecine\\\/medicinal-plants\\\/secrets-dune-herboriste#primaryimage\"},\"image\":{\"@id\":\"https:\\\/\\\/editionsdudauphin.com\\\/en\\\/livre\\\/subjects\\\/health-wellness\\\/health\\\/natural-medecine\\\/medicinal-plants\\\/secrets-dune-herboriste#primaryimage\"},\"thumbnailUrl\":\"https:\\\/\\\/editionsdudauphin.com\\\/wp-content\\\/uploads\\\/2019\\\/01\\\/9782716315579_herboriste_secrets-scaled.jpg\",\"datePublished\":\"2015-05-12T09:19:29+00:00\",\"dateModified\":\"2024-12-23T10:15:23+00:00\",\"description\":\"Les secrets d'une herboriste est la bible de Marie Antoinette Mulot. Avec 315 plantes m\u00e9dicinales et 115 maladies courantes : une r\u00e9f\u00e9rence\",\"breadcrumb\":{\"@id\":\"https:\\\/\\\/editionsdudauphin.com\\\/en\\\/livre\\\/subjects\\\/health-wellness\\\/health\\\/natural-medecine\\\/medicinal-plants\\\/secrets-dune-herboriste#breadcrumb\"},\"inLanguage\":\"en-US\",\"potentialAction\":[{\"@type\":\"ReadAction\",\"target\":[\"https:\\\/\\\/editionsdudauphin.com\\\/en\\\/livre\\\/subjects\\\/health-wellness\\\/health\\\/natural-medecine\\\/medicinal-plants\\\/secrets-dune-herboriste\"]}]},{\"@type\":\"ImageObject\",\"inLanguage\":\"en-US\",\"@id\":\"https:\\\/\\\/editionsdudauphin.com\\\/en\\\/livre\\\/subjects\\\/health-wellness\\\/health\\\/natural-medecine\\\/medicinal-plants\\\/secrets-dune-herboriste#primaryimage\",\"url\":\"https:\\\/\\\/editionsdudauphin.com\\\/wp-content\\\/uploads\\\/2019\\\/01\\\/9782716315579_herboriste_secrets-scaled.jpg\",\"contentUrl\":\"https:\\\/\\\/editionsdudauphin.com\\\/wp-content\\\/uploads\\\/2019\\\/01\\\/9782716315579_herboriste_secrets-scaled.jpg\",\"width\":1283,\"height\":1920,\"caption\":\"herboriste_secrets\"},{\"@type\":\"BreadcrumbList\",\"@id\":\"https:\\\/\\\/editionsdudauphin.com\\\/en\\\/livre\\\/subjects\\\/health-wellness\\\/health\\\/natural-medecine\\\/medicinal-plants\\\/secrets-dune-herboriste#breadcrumb\",\"itemListElement\":[{\"@type\":\"ListItem\",\"position\":1,\"name\":\"Accueil\",\"item\":\"https:\\\/\\\/editionsdudauphin.com\\\/en\"},{\"@type\":\"ListItem\",\"position\":2,\"name\":\"Boutique\",\"item\":\"https:\\\/\\\/editionsdudauphin.com\\\/boutique\"},{\"@type\":\"ListItem\",\"position\":3,\"name\":\"Secrets d&#8217;une herboriste\"}]},{\"@type\":\"WebSite\",\"@id\":\"https:\\\/\\\/editionsdudauphin.com\\\/en#website\",\"url\":\"https:\\\/\\\/editionsdudauphin.com\\\/en\",\"name\":\"\u00c9ditions du Dauphin\",\"description\":\"\",\"potentialAction\":[{\"@type\":\"SearchAction\",\"target\":{\"@type\":\"EntryPoint\",\"urlTemplate\":\"https:\\\/\\\/editionsdudauphin.com\\\/en?s={search_term_string}\"},\"query-input\":{\"@type\":\"PropertyValueSpecification\",\"valueRequired\":true,\"valueName\":\"search_term_string\"}}],\"inLanguage\":\"en-US\"}]}<\/script>\n<!-- \/ Yoast SEO plugin. -->","yoast_head_json":{"title":"Secrets d'une herboriste - La Bible des plantes - \u00c9ditions du Dauphin","description":"Les secrets d'une herboriste est la bible de Marie Antoinette Mulot. Avec 315 plantes m\u00e9dicinales et 115 maladies courantes : une r\u00e9f\u00e9rence","robots":{"index":"index","follow":"follow","max-snippet":"max-snippet:-1","max-image-preview":"max-image-preview:large","max-video-preview":"max-video-preview:-1"},"canonical":"https:\/\/editionsdudauphin.com\/en\/livre\/subjects\/health-wellness\/health\/natural-medecine\/medicinal-plants\/secrets-dune-herboriste","og_locale":"en_US","og_type":"article","og_title":"Secrets d'une herboriste - La Bible des plantes - \u00c9ditions du Dauphin","og_description":"Les secrets d'une herboriste est la bible de Marie Antoinette Mulot. Avec 315 plantes m\u00e9dicinales et 115 maladies courantes : une r\u00e9f\u00e9rence","og_url":"https:\/\/editionsdudauphin.com\/en\/livre\/subjects\/health-wellness\/health\/natural-medecine\/medicinal-plants\/secrets-dune-herboriste","og_site_name":"\u00c9ditions du Dauphin","article_modified_time":"2024-12-23T10:15:23+00:00","og_image":[{"width":1283,"height":1920,"url":"https:\/\/editionsdudauphin.com\/wp-content\/uploads\/2019\/01\/9782716315579_herboriste_secrets-scaled.jpg","type":"image\/jpeg"}],"twitter_card":"summary_large_image","twitter_misc":{"Est. reading time":"1 minute"},"schema":{"@context":"https:\/\/schema.org","@graph":[{"@type":"WebPage","@id":"https:\/\/editionsdudauphin.com\/en\/livre\/subjects\/health-wellness\/health\/natural-medecine\/medicinal-plants\/secrets-dune-herboriste","url":"https:\/\/editionsdudauphin.com\/en\/livre\/subjects\/health-wellness\/health\/natural-medecine\/medicinal-plants\/secrets-dune-herboriste","name":"Secrets d'une herboriste - La Bible des plantes - \u00c9ditions du Dauphin","isPartOf":{"@id":"https:\/\/editionsdudauphin.com\/en#website"},"primaryImageOfPage":{"@id":"https:\/\/editionsdudauphin.com\/en\/livre\/subjects\/health-wellness\/health\/natural-medecine\/medicinal-plants\/secrets-dune-herboriste#primaryimage"},"image":{"@id":"https:\/\/editionsdudauphin.com\/en\/livre\/subjects\/health-wellness\/health\/natural-medecine\/medicinal-plants\/secrets-dune-herboriste#primaryimage"},"thumbnailUrl":"https:\/\/editionsdudauphin.com\/wp-content\/uploads\/2019\/01\/9782716315579_herboriste_secrets-scaled.jpg","datePublished":"2015-05-12T09:19:29+00:00","dateModified":"2024-12-23T10:15:23+00:00","description":"Les secrets d'une herboriste est la bible de Marie Antoinette Mulot. Avec 315 plantes m\u00e9dicinales et 115 maladies courantes : une r\u00e9f\u00e9rence","breadcrumb":{"@id":"https:\/\/editionsdudauphin.com\/en\/livre\/subjects\/health-wellness\/health\/natural-medecine\/medicinal-plants\/secrets-dune-herboriste#breadcrumb"},"inLanguage":"en-US","potentialAction":[{"@type":"ReadAction","target":["https:\/\/editionsdudauphin.com\/en\/livre\/subjects\/health-wellness\/health\/natural-medecine\/medicinal-plants\/secrets-dune-herboriste"]}]},{"@type":"ImageObject","inLanguage":"en-US","@id":"https:\/\/editionsdudauphin.com\/en\/livre\/subjects\/health-wellness\/health\/natural-medecine\/medicinal-plants\/secrets-dune-herboriste#primaryimage","url":"https:\/\/editionsdudauphin.com\/wp-content\/uploads\/2019\/01\/9782716315579_herboriste_secrets-scaled.jpg","contentUrl":"https:\/\/editionsdudauphin.com\/wp-content\/uploads\/2019\/01\/9782716315579_herboriste_secrets-scaled.jpg","width":1283,"height":1920,"caption":"herboriste_secrets"},{"@type":"BreadcrumbList","@id":"https:\/\/editionsdudauphin.com\/en\/livre\/subjects\/health-wellness\/health\/natural-medecine\/medicinal-plants\/secrets-dune-herboriste#breadcrumb","itemListElement":[{"@type":"ListItem","position":1,"name":"Accueil","item":"https:\/\/editionsdudauphin.com\/en"},{"@type":"ListItem","position":2,"name":"Boutique","item":"https:\/\/editionsdudauphin.com\/boutique"},{"@type":"ListItem","position":3,"name":"Secrets d&#8217;une herboriste"}]},{"@type":"WebSite","@id":"https:\/\/editionsdudauphin.com\/en#website","url":"https:\/\/editionsdudauphin.com\/en","name":"\u00c9ditions du Dauphin","description":"","potentialAction":[{"@type":"SearchAction","target":{"@type":"EntryPoint","urlTemplate":"https:\/\/editionsdudauphin.com\/en?s={search_term_string}"},"query-input":{"@type":"PropertyValueSpecification","valueRequired":true,"valueName":"search_term_string"}}],"inLanguage":"en-US"}]}},"_links":{"self":[{"href":"https:\/\/editionsdudauphin.com\/en\/wp-json\/wp\/v2\/product\/4064","targetHints":{"allow":["GET"]}}],"collection":[{"href":"https:\/\/editionsdudauphin.com\/en\/wp-json\/wp\/v2\/product"}],"about":[{"href":"https:\/\/editionsdudauphin.com\/en\/wp-json\/wp\/v2\/types\/product"}],"wp:featuredmedia":[{"embeddable":true,"href":"https:\/\/editionsdudauphin.com\/en\/wp-json\/wp\/v2\/media\/4066"}],"wp:attachment":[{"href":"https:\/\/editionsdudauphin.com\/en\/wp-json\/wp\/v2\/media?parent=4064"}],"wp:term":[{"taxonomy":"product_brand","embeddable":true,"href":"https:\/\/editionsdudauphin.com\/en\/wp-json\/wp\/v2\/product_brand?post=4064"},{"taxonomy":"product_cat","embeddable":true,"href":"https:\/\/editionsdudauphin.com\/en\/wp-json\/wp\/v2\/product_cat?post=4064"},{"taxonomy":"product_tag","embeddable":true,"href":"https:\/\/editionsdudauphin.com\/en\/wp-json\/wp\/v2\/product_tag?post=4064"}],"curies":[{"name":"wp","href":"https:\/\/api.w.org\/{rel}","templated":true}]}}