{"id":4069,"date":"2020-02-25T15:38:24","date_gmt":"2020-02-25T14:38:24","guid":{"rendered":"http:\/\/dev.editionsdudauphin.com\/livre\/uncategorized\/oracle-belline-divination-avec-2-cartes"},"modified":"2024-05-17T11:32:50","modified_gmt":"2024-05-17T09:32:50","slug":"oracle-belline-2756-conseils-pour-gerer-votre-quotidien","status":"publish","type":"product","link":"https:\/\/editionsdudauphin.com\/en\/livre\/subjects\/spirituality-esoterism\/esoterism\/divination\/oracle-belline-2756-conseils-pour-gerer-votre-quotidien","title":{"rendered":"Oracle Belline &#8211; Guider votre quotidien &#8211; 2 756 conseils"},"content":{"rendered":"<p>The Oracle Belline has 53 cards (52 + 1 blue). It was unused for a century and was made public by Belline 50 years ago. The rich symbolism of its 53 cards, their simplicity of use, make it a practical tool in everyday life and a subtle advisor for ALL.<span class=\"Apple-converted-space\">\u00a0<\/span><\/p>\n<p>For beginners, as for experienced people, the 2756 possible cups or combinations of 2 cards are identified as daily tips. They give you elements of answers, allowing you to make more informed choices and more satisfactory decisions WHATEVER the PROBLEM of the moment WHICH CONCERNS YOU (a move, a union, a job, a concern for health, etc.) or which worries the person who consults you. Each cup is given with a useful tip to get you out of the situation or to highlight a good prediction. <span class=\"Apple-converted-space\">\u00a0<\/span><\/p>\n","protected":false},"excerpt":{"rendered":"<p>The Oracle Belline has 53 cards (52 + 1 blue).  [&#8230;]<\/p>\n","protected":false},"featured_media":7772,"template":"","meta":{"_acf_changed":false,"wpupg_custom_link":[],"wpupg_custom_link_behaviour":[],"wpupg_custom_link_nofollow":[],"wpupg_custom_image":[],"wpupg_custom_image_id":[]},"product_brand":[],"product_cat":[150,179],"product_tag":[],"class_list":{"0":"post-4069","1":"product","2":"type-product","3":"status-publish","4":"has-post-thumbnail","6":"product_cat-long-sellers-en","7":"product_cat-divination","9":"first","10":"instock","11":"taxable","12":"shipping-taxable","13":"purchasable","14":"product-type-simple"},"acf":[],"yoast_head":"<!-- This site is optimized with the Yoast SEO plugin v27.3 - https:\/\/yoast.com\/product\/yoast-seo-wordpress\/ -->\n<title>Oracle Belline - Guider votre quotidien - 2 756 conseils<\/title>\n<meta name=\"description\" content=\"Aidez vous de l&#039;Oracle et tirer les cartes pour g\u00e9rer votre quotidien ! D\u00e9couvrez dans ce livre 53 conseils pour faire face \u00e0 des situation quotidiennes.\" \/>\n<meta name=\"robots\" content=\"index, follow, max-snippet:-1, max-image-preview:large, max-video-preview:-1\" \/>\n<link rel=\"canonical\" href=\"https:\/\/editionsdudauphin.com\/en\/livre\/subjects\/spirituality-esoterism\/esoterism\/divination\/oracle-belline-2756-conseils-pour-gerer-votre-quotidien\" \/>\n<meta property=\"og:locale\" content=\"en_US\" \/>\n<meta property=\"og:type\" content=\"article\" \/>\n<meta property=\"og:title\" content=\"Oracle Belline - Guider votre quotidien - 2 756 conseils\" \/>\n<meta property=\"og:description\" content=\"Aidez vous de l&#039;Oracle et tirer les cartes pour g\u00e9rer votre quotidien ! D\u00e9couvrez dans ce livre 53 conseils pour faire face \u00e0 des situation quotidiennes.\" \/>\n<meta property=\"og:url\" content=\"https:\/\/editionsdudauphin.com\/en\/livre\/subjects\/spirituality-esoterism\/esoterism\/divination\/oracle-belline-2756-conseils-pour-gerer-votre-quotidien\" \/>\n<meta property=\"og:site_name\" content=\"\u00c9ditions du Dauphin\" \/>\n<meta property=\"article:modified_time\" content=\"2024-05-17T09:32:50+00:00\" \/>\n<meta property=\"og:image\" content=\"https:\/\/editionsdudauphin.com\/wp-content\/uploads\/2016\/01\/9782716315616_oracle_belline_cartes.png\" \/>\n\t<meta property=\"og:image:width\" content=\"800\" \/>\n\t<meta property=\"og:image:height\" content=\"1206\" \/>\n\t<meta property=\"og:image:type\" content=\"image\/png\" \/>\n<meta name=\"twitter:card\" content=\"summary_large_image\" \/>\n<meta name=\"twitter:label1\" content=\"Est. reading time\" \/>\n\t<meta name=\"twitter:data1\" content=\"1 minute\" \/>\n<script type=\"application\/ld+json\" class=\"yoast-schema-graph\">{\"@context\":\"https:\\\/\\\/schema.org\",\"@graph\":[{\"@type\":\"WebPage\",\"@id\":\"https:\\\/\\\/editionsdudauphin.com\\\/en\\\/livre\\\/subjects\\\/spirituality-esoterism\\\/esoterism\\\/divination\\\/oracle-belline-2756-conseils-pour-gerer-votre-quotidien\",\"url\":\"https:\\\/\\\/editionsdudauphin.com\\\/en\\\/livre\\\/subjects\\\/spirituality-esoterism\\\/esoterism\\\/divination\\\/oracle-belline-2756-conseils-pour-gerer-votre-quotidien\",\"name\":\"Oracle Belline - Guider votre quotidien - 2 756 conseils\",\"isPartOf\":{\"@id\":\"https:\\\/\\\/editionsdudauphin.com\\\/en#website\"},\"primaryImageOfPage\":{\"@id\":\"https:\\\/\\\/editionsdudauphin.com\\\/en\\\/livre\\\/subjects\\\/spirituality-esoterism\\\/esoterism\\\/divination\\\/oracle-belline-2756-conseils-pour-gerer-votre-quotidien#primaryimage\"},\"image\":{\"@id\":\"https:\\\/\\\/editionsdudauphin.com\\\/en\\\/livre\\\/subjects\\\/spirituality-esoterism\\\/esoterism\\\/divination\\\/oracle-belline-2756-conseils-pour-gerer-votre-quotidien#primaryimage\"},\"thumbnailUrl\":\"https:\\\/\\\/editionsdudauphin.com\\\/wp-content\\\/uploads\\\/2016\\\/01\\\/9782716315616_oracle_belline_cartes.png\",\"datePublished\":\"2020-02-25T14:38:24+00:00\",\"dateModified\":\"2024-05-17T09:32:50+00:00\",\"description\":\"Aidez vous de l'Oracle et tirer les cartes pour g\u00e9rer votre quotidien ! D\u00e9couvrez dans ce livre 53 conseils pour faire face \u00e0 des situation quotidiennes.\",\"breadcrumb\":{\"@id\":\"https:\\\/\\\/editionsdudauphin.com\\\/en\\\/livre\\\/subjects\\\/spirituality-esoterism\\\/esoterism\\\/divination\\\/oracle-belline-2756-conseils-pour-gerer-votre-quotidien#breadcrumb\"},\"inLanguage\":\"en-US\",\"potentialAction\":[{\"@type\":\"ReadAction\",\"target\":[\"https:\\\/\\\/editionsdudauphin.com\\\/en\\\/livre\\\/subjects\\\/spirituality-esoterism\\\/esoterism\\\/divination\\\/oracle-belline-2756-conseils-pour-gerer-votre-quotidien\"]}]},{\"@type\":\"ImageObject\",\"inLanguage\":\"en-US\",\"@id\":\"https:\\\/\\\/editionsdudauphin.com\\\/en\\\/livre\\\/subjects\\\/spirituality-esoterism\\\/esoterism\\\/divination\\\/oracle-belline-2756-conseils-pour-gerer-votre-quotidien#primaryimage\",\"url\":\"https:\\\/\\\/editionsdudauphin.com\\\/wp-content\\\/uploads\\\/2016\\\/01\\\/9782716315616_oracle_belline_cartes.png\",\"contentUrl\":\"https:\\\/\\\/editionsdudauphin.com\\\/wp-content\\\/uploads\\\/2016\\\/01\\\/9782716315616_oracle_belline_cartes.png\",\"width\":800,\"height\":1206,\"caption\":\"oracle berline cartes guider votre quotidien\"},{\"@type\":\"BreadcrumbList\",\"@id\":\"https:\\\/\\\/editionsdudauphin.com\\\/en\\\/livre\\\/subjects\\\/spirituality-esoterism\\\/esoterism\\\/divination\\\/oracle-belline-2756-conseils-pour-gerer-votre-quotidien#breadcrumb\",\"itemListElement\":[{\"@type\":\"ListItem\",\"position\":1,\"name\":\"Accueil\",\"item\":\"https:\\\/\\\/editionsdudauphin.com\\\/en\"},{\"@type\":\"ListItem\",\"position\":2,\"name\":\"Boutique\",\"item\":\"https:\\\/\\\/editionsdudauphin.com\\\/boutique\"},{\"@type\":\"ListItem\",\"position\":3,\"name\":\"Oracle Belline &#8211; Guider votre quotidien &#8211; 2 756 conseils\"}]},{\"@type\":\"WebSite\",\"@id\":\"https:\\\/\\\/editionsdudauphin.com\\\/en#website\",\"url\":\"https:\\\/\\\/editionsdudauphin.com\\\/en\",\"name\":\"\u00c9ditions du Dauphin\",\"description\":\"\",\"potentialAction\":[{\"@type\":\"SearchAction\",\"target\":{\"@type\":\"EntryPoint\",\"urlTemplate\":\"https:\\\/\\\/editionsdudauphin.com\\\/en?s={search_term_string}\"},\"query-input\":{\"@type\":\"PropertyValueSpecification\",\"valueRequired\":true,\"valueName\":\"search_term_string\"}}],\"inLanguage\":\"en-US\"}]}<\/script>\n<!-- \/ Yoast SEO plugin. -->","yoast_head_json":{"title":"Oracle Belline - Guider votre quotidien - 2 756 conseils","description":"Aidez vous de l'Oracle et tirer les cartes pour g\u00e9rer votre quotidien ! D\u00e9couvrez dans ce livre 53 conseils pour faire face \u00e0 des situation quotidiennes.","robots":{"index":"index","follow":"follow","max-snippet":"max-snippet:-1","max-image-preview":"max-image-preview:large","max-video-preview":"max-video-preview:-1"},"canonical":"https:\/\/editionsdudauphin.com\/en\/livre\/subjects\/spirituality-esoterism\/esoterism\/divination\/oracle-belline-2756-conseils-pour-gerer-votre-quotidien","og_locale":"en_US","og_type":"article","og_title":"Oracle Belline - Guider votre quotidien - 2 756 conseils","og_description":"Aidez vous de l'Oracle et tirer les cartes pour g\u00e9rer votre quotidien ! D\u00e9couvrez dans ce livre 53 conseils pour faire face \u00e0 des situation quotidiennes.","og_url":"https:\/\/editionsdudauphin.com\/en\/livre\/subjects\/spirituality-esoterism\/esoterism\/divination\/oracle-belline-2756-conseils-pour-gerer-votre-quotidien","og_site_name":"\u00c9ditions du Dauphin","article_modified_time":"2024-05-17T09:32:50+00:00","og_image":[{"width":800,"height":1206,"url":"https:\/\/editionsdudauphin.com\/wp-content\/uploads\/2016\/01\/9782716315616_oracle_belline_cartes.png","type":"image\/png"}],"twitter_card":"summary_large_image","twitter_misc":{"Est. reading time":"1 minute"},"schema":{"@context":"https:\/\/schema.org","@graph":[{"@type":"WebPage","@id":"https:\/\/editionsdudauphin.com\/en\/livre\/subjects\/spirituality-esoterism\/esoterism\/divination\/oracle-belline-2756-conseils-pour-gerer-votre-quotidien","url":"https:\/\/editionsdudauphin.com\/en\/livre\/subjects\/spirituality-esoterism\/esoterism\/divination\/oracle-belline-2756-conseils-pour-gerer-votre-quotidien","name":"Oracle Belline - Guider votre quotidien - 2 756 conseils","isPartOf":{"@id":"https:\/\/editionsdudauphin.com\/en#website"},"primaryImageOfPage":{"@id":"https:\/\/editionsdudauphin.com\/en\/livre\/subjects\/spirituality-esoterism\/esoterism\/divination\/oracle-belline-2756-conseils-pour-gerer-votre-quotidien#primaryimage"},"image":{"@id":"https:\/\/editionsdudauphin.com\/en\/livre\/subjects\/spirituality-esoterism\/esoterism\/divination\/oracle-belline-2756-conseils-pour-gerer-votre-quotidien#primaryimage"},"thumbnailUrl":"https:\/\/editionsdudauphin.com\/wp-content\/uploads\/2016\/01\/9782716315616_oracle_belline_cartes.png","datePublished":"2020-02-25T14:38:24+00:00","dateModified":"2024-05-17T09:32:50+00:00","description":"Aidez vous de l'Oracle et tirer les cartes pour g\u00e9rer votre quotidien ! D\u00e9couvrez dans ce livre 53 conseils pour faire face \u00e0 des situation quotidiennes.","breadcrumb":{"@id":"https:\/\/editionsdudauphin.com\/en\/livre\/subjects\/spirituality-esoterism\/esoterism\/divination\/oracle-belline-2756-conseils-pour-gerer-votre-quotidien#breadcrumb"},"inLanguage":"en-US","potentialAction":[{"@type":"ReadAction","target":["https:\/\/editionsdudauphin.com\/en\/livre\/subjects\/spirituality-esoterism\/esoterism\/divination\/oracle-belline-2756-conseils-pour-gerer-votre-quotidien"]}]},{"@type":"ImageObject","inLanguage":"en-US","@id":"https:\/\/editionsdudauphin.com\/en\/livre\/subjects\/spirituality-esoterism\/esoterism\/divination\/oracle-belline-2756-conseils-pour-gerer-votre-quotidien#primaryimage","url":"https:\/\/editionsdudauphin.com\/wp-content\/uploads\/2016\/01\/9782716315616_oracle_belline_cartes.png","contentUrl":"https:\/\/editionsdudauphin.com\/wp-content\/uploads\/2016\/01\/9782716315616_oracle_belline_cartes.png","width":800,"height":1206,"caption":"oracle berline cartes guider votre quotidien"},{"@type":"BreadcrumbList","@id":"https:\/\/editionsdudauphin.com\/en\/livre\/subjects\/spirituality-esoterism\/esoterism\/divination\/oracle-belline-2756-conseils-pour-gerer-votre-quotidien#breadcrumb","itemListElement":[{"@type":"ListItem","position":1,"name":"Accueil","item":"https:\/\/editionsdudauphin.com\/en"},{"@type":"ListItem","position":2,"name":"Boutique","item":"https:\/\/editionsdudauphin.com\/boutique"},{"@type":"ListItem","position":3,"name":"Oracle Belline &#8211; Guider votre quotidien &#8211; 2 756 conseils"}]},{"@type":"WebSite","@id":"https:\/\/editionsdudauphin.com\/en#website","url":"https:\/\/editionsdudauphin.com\/en","name":"\u00c9ditions du Dauphin","description":"","potentialAction":[{"@type":"SearchAction","target":{"@type":"EntryPoint","urlTemplate":"https:\/\/editionsdudauphin.com\/en?s={search_term_string}"},"query-input":{"@type":"PropertyValueSpecification","valueRequired":true,"valueName":"search_term_string"}}],"inLanguage":"en-US"}]}},"_links":{"self":[{"href":"https:\/\/editionsdudauphin.com\/en\/wp-json\/wp\/v2\/product\/4069","targetHints":{"allow":["GET"]}}],"collection":[{"href":"https:\/\/editionsdudauphin.com\/en\/wp-json\/wp\/v2\/product"}],"about":[{"href":"https:\/\/editionsdudauphin.com\/en\/wp-json\/wp\/v2\/types\/product"}],"wp:featuredmedia":[{"embeddable":true,"href":"https:\/\/editionsdudauphin.com\/en\/wp-json\/wp\/v2\/media\/7772"}],"wp:attachment":[{"href":"https:\/\/editionsdudauphin.com\/en\/wp-json\/wp\/v2\/media?parent=4069"}],"wp:term":[{"taxonomy":"product_brand","embeddable":true,"href":"https:\/\/editionsdudauphin.com\/en\/wp-json\/wp\/v2\/product_brand?post=4069"},{"taxonomy":"product_cat","embeddable":true,"href":"https:\/\/editionsdudauphin.com\/en\/wp-json\/wp\/v2\/product_cat?post=4069"},{"taxonomy":"product_tag","embeddable":true,"href":"https:\/\/editionsdudauphin.com\/en\/wp-json\/wp\/v2\/product_tag?post=4069"}],"curies":[{"name":"wp","href":"https:\/\/api.w.org\/{rel}","templated":true}]}}