{"id":4072,"date":"2020-08-27T15:16:28","date_gmt":"2020-08-27T13:16:28","guid":{"rendered":"http:\/\/dev.editionsdudauphin.com\/livre\/uncategorized\/les-elixirs-floraux-de-viviane-a-faire-soi-meme"},"modified":"2024-11-25T17:52:42","modified_gmt":"2024-11-25T16:52:42","slug":"elixirs-floraux-de-viviane-a-faire-soi-meme","status":"publish","type":"product","link":"https:\/\/editionsdudauphin.com\/en\/livre\/subjects\/health-wellness\/health\/natural-medecine\/elixirs-floraux-de-viviane-a-faire-soi-meme","title":{"rendered":"\u00c9lixirs floraux de Viviane \u00e0 faire soi-m\u00eame"},"content":{"rendered":"<p>Ce livre pratique s\u2019adresse \u00e0 toutes les personnes qui d\u00e9sirent r\u00e9aliser des \u00e9lixirs floraux et qui aiment les plantes, mais ne connaissent pas leurs multiples bienfaits.<\/p>\n<p>C\u2019est aussi un livre pour les amoureux des jardins pour qu\u2019ils d\u00e9couvrent une toute autre fa\u00e7on de voir les plantes.<br \/>\nParce qu\u2019elles sont nos amies depuis toujours, qu\u2019elles font partie de notre univers de vie, nous devons les prot\u00e9ger comme elles l\u2019ont toujours fait pour nous dans de multiples domaines :<\/p>\n<p>\u2022 L\u2019HOM\u00c9OPATHIE en sait quelque chose puisque la plupart de ses rem\u00e8des sont issus du r\u00e8gne v\u00e9g\u00e9tal.<br \/>\n\u2022 L\u2019HERBORISTERIE est une vivante illustration du bien qu\u2019elles peuvent nous faire.<\/p>\n<p>L\u2019alchimie des plantes est un savoir magique et ancestral, utilis\u00e9e par toutes les civilisations depuis la nuit des temps.<\/p>\n<p>Aujourd\u2019hui, r\u00e9aliser des \u00e9lixirs floraux est rentr\u00e9 dans notre vie quotidienne et l\u2019on trouve sur le march\u00e9 de nombreuses marques. Le Rescue, con\u00e7u originalement par le Dr Bach, aussi appel\u00e9 rem\u00e8de d\u2019urgence, est l\u2019un des \u00e9lixirs les plus connus. Il comprend 5 essences florales sous forme liquide ou en cr\u00e8me. On l\u2019utilise en cas de stress intense, de choc ou de blessure.<\/p>\n<p>De plus en plus reconnus et utilis\u00e9s par les professionnels de la sant\u00e9, les elixirs aident leurs patients \u00e0 traiter un probl\u00e8me ponctuel.<br \/>\nDe l\u2019Absinthe \u00e0 la Vigne, 84 plantes sont ici pr\u00e9sent\u00e9es. L\u2019auteure, <a href=\"https:\/\/editionsdudauphin.com\/en\/author-book\/viviane-le-moullec\" target=\"_blank\" rel=\"noopener\">Viviane LeMoullec<\/a>, nous livre, pour chacune d\u2019elles, leurs secrets, leurs caract\u00e9ristiques et l\u2019aide qu\u2019elles peuvent nous apporter.<\/p>\n<p>Visiter le site de l&#8217;auteure :\u00a0<a href=\"http:\/\/pistar.chez.com\/\" target=\"_blank\" rel=\"noopener\">http:\/\/pistar.chez.com\/<\/a><\/p>\n","protected":false},"excerpt":{"rendered":"<p>Ce livre pratique s\u2019adresse \u00e0 toutes les personnes qui d\u00e9sirent  [&#8230;]<\/p>\n","protected":false},"featured_media":6982,"template":"","meta":{"_acf_changed":false,"wpupg_custom_link":[],"wpupg_custom_link_behaviour":[],"wpupg_custom_link_nofollow":[],"wpupg_custom_image":[],"wpupg_custom_image_id":[]},"product_brand":[],"product_cat":[165],"product_tag":[],"class_list":{"0":"post-4072","1":"product","2":"type-product","3":"status-publish","4":"has-post-thumbnail","6":"product_cat-natural-medecine","8":"first","9":"instock","10":"taxable","11":"shipping-taxable","12":"purchasable","13":"product-type-simple"},"acf":[],"yoast_head":"<!-- This site is optimized with the Yoast SEO plugin v27.4 - https:\/\/yoast.com\/product\/yoast-seo-wordpress\/ -->\n<title>\u00c9lixirs floraux de Viviane \u00e0 faire soi-m\u00eame - \u00c9ditions du Dauphin<\/title>\n<meta name=\"description\" content=\"Ce livre pratique s\u2019adresse \u00e0 toutes les personnes qui d\u00e9sirent r\u00e9aliser leurs propres elixirs floraux et qui aiment les plantes.\" \/>\n<meta name=\"robots\" content=\"index, follow, max-snippet:-1, max-image-preview:large, max-video-preview:-1\" \/>\n<link rel=\"canonical\" href=\"https:\/\/editionsdudauphin.com\/en\/livre\/subjects\/health-wellness\/health\/natural-medecine\/elixirs-floraux-de-viviane-a-faire-soi-meme\" \/>\n<meta property=\"og:locale\" content=\"en_US\" \/>\n<meta property=\"og:type\" content=\"article\" \/>\n<meta property=\"og:title\" content=\"\u00c9lixirs floraux de Viviane \u00e0 faire soi-m\u00eame - \u00c9ditions du Dauphin\" \/>\n<meta property=\"og:description\" content=\"Ce livre pratique s\u2019adresse \u00e0 toutes les personnes qui d\u00e9sirent r\u00e9aliser leurs propres elixirs floraux et qui aiment les plantes.\" \/>\n<meta property=\"og:url\" content=\"https:\/\/editionsdudauphin.com\/en\/livre\/subjects\/health-wellness\/health\/natural-medecine\/elixirs-floraux-de-viviane-a-faire-soi-meme\" \/>\n<meta property=\"og:site_name\" content=\"\u00c9ditions du Dauphin\" \/>\n<meta property=\"article:modified_time\" content=\"2024-11-25T16:52:42+00:00\" \/>\n<meta property=\"og:image\" content=\"https:\/\/editionsdudauphin.com\/wp-content\/uploads\/2013\/05\/9782716317504_elixirs_floraux.jpeg\" \/>\n\t<meta property=\"og:image:width\" content=\"572\" \/>\n\t<meta property=\"og:image:height\" content=\"863\" \/>\n\t<meta property=\"og:image:type\" content=\"image\/jpeg\" \/>\n<meta name=\"twitter:card\" content=\"summary_large_image\" \/>\n<meta name=\"twitter:label1\" content=\"Est. reading time\" \/>\n\t<meta name=\"twitter:data1\" content=\"1 minute\" \/>\n<script type=\"application\/ld+json\" class=\"yoast-schema-graph\">{\"@context\":\"https:\\\/\\\/schema.org\",\"@graph\":[{\"@type\":\"WebPage\",\"@id\":\"https:\\\/\\\/editionsdudauphin.com\\\/en\\\/livre\\\/subjects\\\/health-wellness\\\/health\\\/natural-medecine\\\/elixirs-floraux-de-viviane-a-faire-soi-meme\",\"url\":\"https:\\\/\\\/editionsdudauphin.com\\\/en\\\/livre\\\/subjects\\\/health-wellness\\\/health\\\/natural-medecine\\\/elixirs-floraux-de-viviane-a-faire-soi-meme\",\"name\":\"\u00c9lixirs floraux de Viviane \u00e0 faire soi-m\u00eame - \u00c9ditions du Dauphin\",\"isPartOf\":{\"@id\":\"https:\\\/\\\/editionsdudauphin.com\\\/en#website\"},\"primaryImageOfPage\":{\"@id\":\"https:\\\/\\\/editionsdudauphin.com\\\/en\\\/livre\\\/subjects\\\/health-wellness\\\/health\\\/natural-medecine\\\/elixirs-floraux-de-viviane-a-faire-soi-meme#primaryimage\"},\"image\":{\"@id\":\"https:\\\/\\\/editionsdudauphin.com\\\/en\\\/livre\\\/subjects\\\/health-wellness\\\/health\\\/natural-medecine\\\/elixirs-floraux-de-viviane-a-faire-soi-meme#primaryimage\"},\"thumbnailUrl\":\"https:\\\/\\\/editionsdudauphin.com\\\/wp-content\\\/uploads\\\/2013\\\/05\\\/9782716317504_elixirs_floraux.jpeg\",\"datePublished\":\"2020-08-27T13:16:28+00:00\",\"dateModified\":\"2024-11-25T16:52:42+00:00\",\"description\":\"Ce livre pratique s\u2019adresse \u00e0 toutes les personnes qui d\u00e9sirent r\u00e9aliser leurs propres elixirs floraux et qui aiment les plantes.\",\"breadcrumb\":{\"@id\":\"https:\\\/\\\/editionsdudauphin.com\\\/en\\\/livre\\\/subjects\\\/health-wellness\\\/health\\\/natural-medecine\\\/elixirs-floraux-de-viviane-a-faire-soi-meme#breadcrumb\"},\"inLanguage\":\"en-US\",\"potentialAction\":[{\"@type\":\"ReadAction\",\"target\":[\"https:\\\/\\\/editionsdudauphin.com\\\/en\\\/livre\\\/subjects\\\/health-wellness\\\/health\\\/natural-medecine\\\/elixirs-floraux-de-viviane-a-faire-soi-meme\"]}]},{\"@type\":\"ImageObject\",\"inLanguage\":\"en-US\",\"@id\":\"https:\\\/\\\/editionsdudauphin.com\\\/en\\\/livre\\\/subjects\\\/health-wellness\\\/health\\\/natural-medecine\\\/elixirs-floraux-de-viviane-a-faire-soi-meme#primaryimage\",\"url\":\"https:\\\/\\\/editionsdudauphin.com\\\/wp-content\\\/uploads\\\/2013\\\/05\\\/9782716317504_elixirs_floraux.jpeg\",\"contentUrl\":\"https:\\\/\\\/editionsdudauphin.com\\\/wp-content\\\/uploads\\\/2013\\\/05\\\/9782716317504_elixirs_floraux.jpeg\",\"width\":572,\"height\":863,\"caption\":\"Livre sur les \u00e9lixirs floraux de Viviane\"},{\"@type\":\"BreadcrumbList\",\"@id\":\"https:\\\/\\\/editionsdudauphin.com\\\/en\\\/livre\\\/subjects\\\/health-wellness\\\/health\\\/natural-medecine\\\/elixirs-floraux-de-viviane-a-faire-soi-meme#breadcrumb\",\"itemListElement\":[{\"@type\":\"ListItem\",\"position\":1,\"name\":\"Accueil\",\"item\":\"https:\\\/\\\/editionsdudauphin.com\\\/en\"},{\"@type\":\"ListItem\",\"position\":2,\"name\":\"Boutique\",\"item\":\"https:\\\/\\\/editionsdudauphin.com\\\/boutique\"},{\"@type\":\"ListItem\",\"position\":3,\"name\":\"\u00c9lixirs floraux de Viviane \u00e0 faire soi-m\u00eame\"}]},{\"@type\":\"WebSite\",\"@id\":\"https:\\\/\\\/editionsdudauphin.com\\\/en#website\",\"url\":\"https:\\\/\\\/editionsdudauphin.com\\\/en\",\"name\":\"\u00c9ditions du Dauphin\",\"description\":\"\",\"potentialAction\":[{\"@type\":\"SearchAction\",\"target\":{\"@type\":\"EntryPoint\",\"urlTemplate\":\"https:\\\/\\\/editionsdudauphin.com\\\/en?s={search_term_string}\"},\"query-input\":{\"@type\":\"PropertyValueSpecification\",\"valueRequired\":true,\"valueName\":\"search_term_string\"}}],\"inLanguage\":\"en-US\"}]}<\/script>\n<!-- \/ Yoast SEO plugin. -->","yoast_head_json":{"title":"\u00c9lixirs floraux de Viviane \u00e0 faire soi-m\u00eame - \u00c9ditions du Dauphin","description":"Ce livre pratique s\u2019adresse \u00e0 toutes les personnes qui d\u00e9sirent r\u00e9aliser leurs propres elixirs floraux et qui aiment les plantes.","robots":{"index":"index","follow":"follow","max-snippet":"max-snippet:-1","max-image-preview":"max-image-preview:large","max-video-preview":"max-video-preview:-1"},"canonical":"https:\/\/editionsdudauphin.com\/en\/livre\/subjects\/health-wellness\/health\/natural-medecine\/elixirs-floraux-de-viviane-a-faire-soi-meme","og_locale":"en_US","og_type":"article","og_title":"\u00c9lixirs floraux de Viviane \u00e0 faire soi-m\u00eame - \u00c9ditions du Dauphin","og_description":"Ce livre pratique s\u2019adresse \u00e0 toutes les personnes qui d\u00e9sirent r\u00e9aliser leurs propres elixirs floraux et qui aiment les plantes.","og_url":"https:\/\/editionsdudauphin.com\/en\/livre\/subjects\/health-wellness\/health\/natural-medecine\/elixirs-floraux-de-viviane-a-faire-soi-meme","og_site_name":"\u00c9ditions du Dauphin","article_modified_time":"2024-11-25T16:52:42+00:00","og_image":[{"width":572,"height":863,"url":"https:\/\/editionsdudauphin.com\/wp-content\/uploads\/2013\/05\/9782716317504_elixirs_floraux.jpeg","type":"image\/jpeg"}],"twitter_card":"summary_large_image","twitter_misc":{"Est. reading time":"1 minute"},"schema":{"@context":"https:\/\/schema.org","@graph":[{"@type":"WebPage","@id":"https:\/\/editionsdudauphin.com\/en\/livre\/subjects\/health-wellness\/health\/natural-medecine\/elixirs-floraux-de-viviane-a-faire-soi-meme","url":"https:\/\/editionsdudauphin.com\/en\/livre\/subjects\/health-wellness\/health\/natural-medecine\/elixirs-floraux-de-viviane-a-faire-soi-meme","name":"\u00c9lixirs floraux de Viviane \u00e0 faire soi-m\u00eame - \u00c9ditions du Dauphin","isPartOf":{"@id":"https:\/\/editionsdudauphin.com\/en#website"},"primaryImageOfPage":{"@id":"https:\/\/editionsdudauphin.com\/en\/livre\/subjects\/health-wellness\/health\/natural-medecine\/elixirs-floraux-de-viviane-a-faire-soi-meme#primaryimage"},"image":{"@id":"https:\/\/editionsdudauphin.com\/en\/livre\/subjects\/health-wellness\/health\/natural-medecine\/elixirs-floraux-de-viviane-a-faire-soi-meme#primaryimage"},"thumbnailUrl":"https:\/\/editionsdudauphin.com\/wp-content\/uploads\/2013\/05\/9782716317504_elixirs_floraux.jpeg","datePublished":"2020-08-27T13:16:28+00:00","dateModified":"2024-11-25T16:52:42+00:00","description":"Ce livre pratique s\u2019adresse \u00e0 toutes les personnes qui d\u00e9sirent r\u00e9aliser leurs propres elixirs floraux et qui aiment les plantes.","breadcrumb":{"@id":"https:\/\/editionsdudauphin.com\/en\/livre\/subjects\/health-wellness\/health\/natural-medecine\/elixirs-floraux-de-viviane-a-faire-soi-meme#breadcrumb"},"inLanguage":"en-US","potentialAction":[{"@type":"ReadAction","target":["https:\/\/editionsdudauphin.com\/en\/livre\/subjects\/health-wellness\/health\/natural-medecine\/elixirs-floraux-de-viviane-a-faire-soi-meme"]}]},{"@type":"ImageObject","inLanguage":"en-US","@id":"https:\/\/editionsdudauphin.com\/en\/livre\/subjects\/health-wellness\/health\/natural-medecine\/elixirs-floraux-de-viviane-a-faire-soi-meme#primaryimage","url":"https:\/\/editionsdudauphin.com\/wp-content\/uploads\/2013\/05\/9782716317504_elixirs_floraux.jpeg","contentUrl":"https:\/\/editionsdudauphin.com\/wp-content\/uploads\/2013\/05\/9782716317504_elixirs_floraux.jpeg","width":572,"height":863,"caption":"Livre sur les \u00e9lixirs floraux de Viviane"},{"@type":"BreadcrumbList","@id":"https:\/\/editionsdudauphin.com\/en\/livre\/subjects\/health-wellness\/health\/natural-medecine\/elixirs-floraux-de-viviane-a-faire-soi-meme#breadcrumb","itemListElement":[{"@type":"ListItem","position":1,"name":"Accueil","item":"https:\/\/editionsdudauphin.com\/en"},{"@type":"ListItem","position":2,"name":"Boutique","item":"https:\/\/editionsdudauphin.com\/boutique"},{"@type":"ListItem","position":3,"name":"\u00c9lixirs floraux de Viviane \u00e0 faire soi-m\u00eame"}]},{"@type":"WebSite","@id":"https:\/\/editionsdudauphin.com\/en#website","url":"https:\/\/editionsdudauphin.com\/en","name":"\u00c9ditions du Dauphin","description":"","potentialAction":[{"@type":"SearchAction","target":{"@type":"EntryPoint","urlTemplate":"https:\/\/editionsdudauphin.com\/en?s={search_term_string}"},"query-input":{"@type":"PropertyValueSpecification","valueRequired":true,"valueName":"search_term_string"}}],"inLanguage":"en-US"}]}},"_links":{"self":[{"href":"https:\/\/editionsdudauphin.com\/en\/wp-json\/wp\/v2\/product\/4072","targetHints":{"allow":["GET"]}}],"collection":[{"href":"https:\/\/editionsdudauphin.com\/en\/wp-json\/wp\/v2\/product"}],"about":[{"href":"https:\/\/editionsdudauphin.com\/en\/wp-json\/wp\/v2\/types\/product"}],"wp:featuredmedia":[{"embeddable":true,"href":"https:\/\/editionsdudauphin.com\/en\/wp-json\/wp\/v2\/media\/6982"}],"wp:attachment":[{"href":"https:\/\/editionsdudauphin.com\/en\/wp-json\/wp\/v2\/media?parent=4072"}],"wp:term":[{"taxonomy":"product_brand","embeddable":true,"href":"https:\/\/editionsdudauphin.com\/en\/wp-json\/wp\/v2\/product_brand?post=4072"},{"taxonomy":"product_cat","embeddable":true,"href":"https:\/\/editionsdudauphin.com\/en\/wp-json\/wp\/v2\/product_cat?post=4072"},{"taxonomy":"product_tag","embeddable":true,"href":"https:\/\/editionsdudauphin.com\/en\/wp-json\/wp\/v2\/product_tag?post=4072"}],"curies":[{"name":"wp","href":"https:\/\/api.w.org\/{rel}","templated":true}]}}