{"id":4074,"date":"2021-08-27T15:02:25","date_gmt":"2013-05-10T13:02:25","guid":{"rendered":"http:\/\/dev.editionsdudauphin.com\/livre\/uncategorized\/le-dictionnaire-a-tout-faire-2500-trucs-et-astuces-zero-dechet"},"modified":"2021-08-27T16:29:38","modified_gmt":"2021-08-27T14:29:38","slug":"dictionnaire-a-tout-faire-2500-trucs-et-astuces-zero-dechet","status":"publish","type":"product","link":"https:\/\/editionsdudauphin.com\/en\/livre\/subjects\/everyday-life\/how-to\/dictionnaire-a-tout-faire-2500-trucs-et-astuces-zero-dechet","title":{"rendered":"Le Dictionnaire \u00e0 tout faire &#8211; 2500 usages astucieux, pas chers, \u00e9cologiques&#8230;"},"content":{"rendered":"<p>Coming soon !<\/p>\n","protected":false},"excerpt":{"rendered":"<p>Coming soon !<\/p>\n","protected":false},"featured_media":13511,"template":"","meta":{"_acf_changed":false,"wpupg_custom_link":[],"wpupg_custom_link_behaviour":[],"wpupg_custom_link_nofollow":[],"wpupg_custom_image":[],"wpupg_custom_image_id":[]},"product_brand":[],"product_cat":[187],"product_tag":[],"class_list":{"0":"post-4074","1":"product","2":"type-product","3":"status-publish","4":"has-post-thumbnail","6":"product_cat-how-to","8":"first","9":"instock","10":"taxable","11":"shipping-taxable","12":"purchasable","13":"product-type-simple"},"acf":[],"yoast_head":"<!-- This site is optimized with the Yoast SEO plugin v27.3 - https:\/\/yoast.com\/product\/yoast-seo-wordpress\/ -->\n<title>Le Dictionnaire \u00e0 tout faire - 2500 usages astucieux, pas chers, \u00e9cologiques... - \u00c9ditions du Dauphin<\/title>\n<meta name=\"description\" content=\"Coming soon !\" \/>\n<meta name=\"robots\" content=\"index, follow, max-snippet:-1, max-image-preview:large, max-video-preview:-1\" \/>\n<link rel=\"canonical\" href=\"https:\/\/editionsdudauphin.com\/en\/livre\/subjects\/everyday-life\/how-to\/dictionnaire-a-tout-faire-2500-trucs-et-astuces-zero-dechet\" \/>\n<meta property=\"og:locale\" content=\"en_US\" \/>\n<meta property=\"og:type\" content=\"article\" \/>\n<meta property=\"og:title\" content=\"Le Dictionnaire \u00e0 tout faire - 2500 usages astucieux, pas chers, \u00e9cologiques... - \u00c9ditions du Dauphin\" \/>\n<meta property=\"og:description\" content=\"Coming soon !\" \/>\n<meta property=\"og:url\" content=\"https:\/\/editionsdudauphin.com\/en\/livre\/subjects\/everyday-life\/how-to\/dictionnaire-a-tout-faire-2500-trucs-et-astuces-zero-dechet\" \/>\n<meta property=\"og:site_name\" content=\"\u00c9ditions du Dauphin\" \/>\n<meta property=\"article:modified_time\" content=\"2021-08-27T14:29:38+00:00\" \/>\n<meta property=\"og:image\" content=\"https:\/\/editionsdudauphin.com\/wp-content\/uploads\/2013\/05\/9782716317764_dictionnaire_atoutfaire.jpg\" \/>\n\t<meta property=\"og:image:width\" content=\"800\" \/>\n\t<meta property=\"og:image:height\" content=\"1039\" \/>\n\t<meta property=\"og:image:type\" content=\"image\/jpeg\" \/>\n<meta name=\"twitter:card\" content=\"summary_large_image\" \/>\n<script type=\"application\/ld+json\" class=\"yoast-schema-graph\">{\"@context\":\"https:\\\/\\\/schema.org\",\"@graph\":[{\"@type\":\"WebPage\",\"@id\":\"https:\\\/\\\/editionsdudauphin.com\\\/en\\\/livre\\\/subjects\\\/everyday-life\\\/how-to\\\/dictionnaire-a-tout-faire-2500-trucs-et-astuces-zero-dechet\",\"url\":\"https:\\\/\\\/editionsdudauphin.com\\\/en\\\/livre\\\/subjects\\\/everyday-life\\\/how-to\\\/dictionnaire-a-tout-faire-2500-trucs-et-astuces-zero-dechet\",\"name\":\"Le Dictionnaire \u00e0 tout faire - 2500 usages astucieux, pas chers, \u00e9cologiques... - \u00c9ditions du Dauphin\",\"isPartOf\":{\"@id\":\"https:\\\/\\\/editionsdudauphin.com\\\/en#website\"},\"primaryImageOfPage\":{\"@id\":\"https:\\\/\\\/editionsdudauphin.com\\\/en\\\/livre\\\/subjects\\\/everyday-life\\\/how-to\\\/dictionnaire-a-tout-faire-2500-trucs-et-astuces-zero-dechet#primaryimage\"},\"image\":{\"@id\":\"https:\\\/\\\/editionsdudauphin.com\\\/en\\\/livre\\\/subjects\\\/everyday-life\\\/how-to\\\/dictionnaire-a-tout-faire-2500-trucs-et-astuces-zero-dechet#primaryimage\"},\"thumbnailUrl\":\"https:\\\/\\\/editionsdudauphin.com\\\/wp-content\\\/uploads\\\/2013\\\/05\\\/9782716317764_dictionnaire_atoutfaire.jpg\",\"datePublished\":\"2013-05-10T13:02:25+00:00\",\"dateModified\":\"2021-08-27T14:29:38+00:00\",\"description\":\"Coming soon !\",\"breadcrumb\":{\"@id\":\"https:\\\/\\\/editionsdudauphin.com\\\/en\\\/livre\\\/subjects\\\/everyday-life\\\/how-to\\\/dictionnaire-a-tout-faire-2500-trucs-et-astuces-zero-dechet#breadcrumb\"},\"inLanguage\":\"en-US\",\"potentialAction\":[{\"@type\":\"ReadAction\",\"target\":[\"https:\\\/\\\/editionsdudauphin.com\\\/en\\\/livre\\\/subjects\\\/everyday-life\\\/how-to\\\/dictionnaire-a-tout-faire-2500-trucs-et-astuces-zero-dechet\"]}]},{\"@type\":\"ImageObject\",\"inLanguage\":\"en-US\",\"@id\":\"https:\\\/\\\/editionsdudauphin.com\\\/en\\\/livre\\\/subjects\\\/everyday-life\\\/how-to\\\/dictionnaire-a-tout-faire-2500-trucs-et-astuces-zero-dechet#primaryimage\",\"url\":\"https:\\\/\\\/editionsdudauphin.com\\\/wp-content\\\/uploads\\\/2013\\\/05\\\/9782716317764_dictionnaire_atoutfaire.jpg\",\"contentUrl\":\"https:\\\/\\\/editionsdudauphin.com\\\/wp-content\\\/uploads\\\/2013\\\/05\\\/9782716317764_dictionnaire_atoutfaire.jpg\",\"width\":800,\"height\":1039,\"caption\":\"9782716317764_dictionnaire_\u00e0toutfaire\"},{\"@type\":\"BreadcrumbList\",\"@id\":\"https:\\\/\\\/editionsdudauphin.com\\\/en\\\/livre\\\/subjects\\\/everyday-life\\\/how-to\\\/dictionnaire-a-tout-faire-2500-trucs-et-astuces-zero-dechet#breadcrumb\",\"itemListElement\":[{\"@type\":\"ListItem\",\"position\":1,\"name\":\"Accueil\",\"item\":\"https:\\\/\\\/editionsdudauphin.com\\\/en\"},{\"@type\":\"ListItem\",\"position\":2,\"name\":\"Boutique\",\"item\":\"https:\\\/\\\/editionsdudauphin.com\\\/boutique\"},{\"@type\":\"ListItem\",\"position\":3,\"name\":\"Le Dictionnaire \u00e0 tout faire &#8211; 2500 usages astucieux, pas chers, \u00e9cologiques&#8230;\"}]},{\"@type\":\"WebSite\",\"@id\":\"https:\\\/\\\/editionsdudauphin.com\\\/en#website\",\"url\":\"https:\\\/\\\/editionsdudauphin.com\\\/en\",\"name\":\"\u00c9ditions du Dauphin\",\"description\":\"\",\"potentialAction\":[{\"@type\":\"SearchAction\",\"target\":{\"@type\":\"EntryPoint\",\"urlTemplate\":\"https:\\\/\\\/editionsdudauphin.com\\\/en?s={search_term_string}\"},\"query-input\":{\"@type\":\"PropertyValueSpecification\",\"valueRequired\":true,\"valueName\":\"search_term_string\"}}],\"inLanguage\":\"en-US\"}]}<\/script>\n<!-- \/ Yoast SEO plugin. -->","yoast_head_json":{"title":"Le Dictionnaire \u00e0 tout faire - 2500 usages astucieux, pas chers, \u00e9cologiques... - \u00c9ditions du Dauphin","description":"Coming soon !","robots":{"index":"index","follow":"follow","max-snippet":"max-snippet:-1","max-image-preview":"max-image-preview:large","max-video-preview":"max-video-preview:-1"},"canonical":"https:\/\/editionsdudauphin.com\/en\/livre\/subjects\/everyday-life\/how-to\/dictionnaire-a-tout-faire-2500-trucs-et-astuces-zero-dechet","og_locale":"en_US","og_type":"article","og_title":"Le Dictionnaire \u00e0 tout faire - 2500 usages astucieux, pas chers, \u00e9cologiques... - \u00c9ditions du Dauphin","og_description":"Coming soon !","og_url":"https:\/\/editionsdudauphin.com\/en\/livre\/subjects\/everyday-life\/how-to\/dictionnaire-a-tout-faire-2500-trucs-et-astuces-zero-dechet","og_site_name":"\u00c9ditions du Dauphin","article_modified_time":"2021-08-27T14:29:38+00:00","og_image":[{"width":800,"height":1039,"url":"https:\/\/editionsdudauphin.com\/wp-content\/uploads\/2013\/05\/9782716317764_dictionnaire_atoutfaire.jpg","type":"image\/jpeg"}],"twitter_card":"summary_large_image","schema":{"@context":"https:\/\/schema.org","@graph":[{"@type":"WebPage","@id":"https:\/\/editionsdudauphin.com\/en\/livre\/subjects\/everyday-life\/how-to\/dictionnaire-a-tout-faire-2500-trucs-et-astuces-zero-dechet","url":"https:\/\/editionsdudauphin.com\/en\/livre\/subjects\/everyday-life\/how-to\/dictionnaire-a-tout-faire-2500-trucs-et-astuces-zero-dechet","name":"Le Dictionnaire \u00e0 tout faire - 2500 usages astucieux, pas chers, \u00e9cologiques... - \u00c9ditions du Dauphin","isPartOf":{"@id":"https:\/\/editionsdudauphin.com\/en#website"},"primaryImageOfPage":{"@id":"https:\/\/editionsdudauphin.com\/en\/livre\/subjects\/everyday-life\/how-to\/dictionnaire-a-tout-faire-2500-trucs-et-astuces-zero-dechet#primaryimage"},"image":{"@id":"https:\/\/editionsdudauphin.com\/en\/livre\/subjects\/everyday-life\/how-to\/dictionnaire-a-tout-faire-2500-trucs-et-astuces-zero-dechet#primaryimage"},"thumbnailUrl":"https:\/\/editionsdudauphin.com\/wp-content\/uploads\/2013\/05\/9782716317764_dictionnaire_atoutfaire.jpg","datePublished":"2013-05-10T13:02:25+00:00","dateModified":"2021-08-27T14:29:38+00:00","description":"Coming soon !","breadcrumb":{"@id":"https:\/\/editionsdudauphin.com\/en\/livre\/subjects\/everyday-life\/how-to\/dictionnaire-a-tout-faire-2500-trucs-et-astuces-zero-dechet#breadcrumb"},"inLanguage":"en-US","potentialAction":[{"@type":"ReadAction","target":["https:\/\/editionsdudauphin.com\/en\/livre\/subjects\/everyday-life\/how-to\/dictionnaire-a-tout-faire-2500-trucs-et-astuces-zero-dechet"]}]},{"@type":"ImageObject","inLanguage":"en-US","@id":"https:\/\/editionsdudauphin.com\/en\/livre\/subjects\/everyday-life\/how-to\/dictionnaire-a-tout-faire-2500-trucs-et-astuces-zero-dechet#primaryimage","url":"https:\/\/editionsdudauphin.com\/wp-content\/uploads\/2013\/05\/9782716317764_dictionnaire_atoutfaire.jpg","contentUrl":"https:\/\/editionsdudauphin.com\/wp-content\/uploads\/2013\/05\/9782716317764_dictionnaire_atoutfaire.jpg","width":800,"height":1039,"caption":"9782716317764_dictionnaire_\u00e0toutfaire"},{"@type":"BreadcrumbList","@id":"https:\/\/editionsdudauphin.com\/en\/livre\/subjects\/everyday-life\/how-to\/dictionnaire-a-tout-faire-2500-trucs-et-astuces-zero-dechet#breadcrumb","itemListElement":[{"@type":"ListItem","position":1,"name":"Accueil","item":"https:\/\/editionsdudauphin.com\/en"},{"@type":"ListItem","position":2,"name":"Boutique","item":"https:\/\/editionsdudauphin.com\/boutique"},{"@type":"ListItem","position":3,"name":"Le Dictionnaire \u00e0 tout faire &#8211; 2500 usages astucieux, pas chers, \u00e9cologiques&#8230;"}]},{"@type":"WebSite","@id":"https:\/\/editionsdudauphin.com\/en#website","url":"https:\/\/editionsdudauphin.com\/en","name":"\u00c9ditions du Dauphin","description":"","potentialAction":[{"@type":"SearchAction","target":{"@type":"EntryPoint","urlTemplate":"https:\/\/editionsdudauphin.com\/en?s={search_term_string}"},"query-input":{"@type":"PropertyValueSpecification","valueRequired":true,"valueName":"search_term_string"}}],"inLanguage":"en-US"}]}},"_links":{"self":[{"href":"https:\/\/editionsdudauphin.com\/en\/wp-json\/wp\/v2\/product\/4074","targetHints":{"allow":["GET"]}}],"collection":[{"href":"https:\/\/editionsdudauphin.com\/en\/wp-json\/wp\/v2\/product"}],"about":[{"href":"https:\/\/editionsdudauphin.com\/en\/wp-json\/wp\/v2\/types\/product"}],"wp:featuredmedia":[{"embeddable":true,"href":"https:\/\/editionsdudauphin.com\/en\/wp-json\/wp\/v2\/media\/13511"}],"wp:attachment":[{"href":"https:\/\/editionsdudauphin.com\/en\/wp-json\/wp\/v2\/media?parent=4074"}],"wp:term":[{"taxonomy":"product_brand","embeddable":true,"href":"https:\/\/editionsdudauphin.com\/en\/wp-json\/wp\/v2\/product_brand?post=4074"},{"taxonomy":"product_cat","embeddable":true,"href":"https:\/\/editionsdudauphin.com\/en\/wp-json\/wp\/v2\/product_cat?post=4074"},{"taxonomy":"product_tag","embeddable":true,"href":"https:\/\/editionsdudauphin.com\/en\/wp-json\/wp\/v2\/product_tag?post=4074"}],"curies":[{"name":"wp","href":"https:\/\/api.w.org\/{rel}","templated":true}]}}