{"id":4370,"date":"2021-04-20T09:30:34","date_gmt":"2016-05-26T14:08:34","guid":{"rendered":"https:\/\/editionsdudauphin.com\/livre\/uncategorized\/la-dietetique-ayurvedique"},"modified":"2021-07-02T16:15:23","modified_gmt":"2021-07-02T14:15:23","slug":"la-dietetique-ayurvedique","status":"publish","type":"product","link":"https:\/\/editionsdudauphin.com\/en\/livre\/subjects\/health-wellness\/health\/dietetic\/la-dietetique-ayurvedique","title":{"rendered":"La di\u00e9t\u00e9tique ayurv\u00e9dique"},"content":{"rendered":"<p><span id=\"s2_1\">Ayurvedic diet is based on individual temper.<\/span> <span id=\"s2_2\">It is therefore strictly complementary to the classical Western dietetics and not a substitute.<\/span><\/p>\n<p><span id=\"s2_3\">If you want to discover this millennial diet and deepen its benefits, find in this book:<\/span><br \/>\n<span id=\"s2_4\">1. Basics of Ayurvedic Diet<\/span><br \/>\n<span id=\"s2_5\">2. Foods and beverages to be preferred or avoided (including cereals, lentils, nuts, aromatic plants, spices, oils, sugars, fruits, vegetables, meat, fish, dairy products, etc.)<\/span><br \/>\n<span id=\"s2_6\">\u2022 Depending on your profile: if you are vata (air), pitta (fire) or kapha (land-water)<\/span><br \/>\n<span id=\"s2_7\">\u2022 Depending on your health problem<\/span><br \/>\n<span id=\"s2_8\">3. 40 simple recipes and their benefits, from starters to desserts, not to mention digestive spices.<\/span><\/p>\n","protected":false},"excerpt":{"rendered":"<p>Ayurvedic diet is based on individual temper. It is therefore  [&#8230;]<\/p>\n","protected":false},"featured_media":8841,"template":"","meta":{"_acf_changed":false,"wpupg_custom_link":[],"wpupg_custom_link_behaviour":[],"wpupg_custom_link_nofollow":[],"wpupg_custom_image":[],"wpupg_custom_image_id":[]},"product_brand":[],"product_cat":[160],"product_tag":[],"class_list":{"0":"post-4370","1":"product","2":"type-product","3":"status-publish","4":"has-post-thumbnail","6":"product_cat-dietetic","8":"first","9":"instock","10":"taxable","11":"shipping-taxable","12":"purchasable","13":"product-type-simple"},"acf":[],"yoast_head":"<!-- This site is optimized with the Yoast SEO plugin v27.3 - https:\/\/yoast.com\/product\/yoast-seo-wordpress\/ -->\n<title>La di\u00e9t\u00e9tique ayurv\u00e9dique - \u00c9ditions du Dauphin<\/title>\n<meta name=\"description\" content=\"Ayurvedic diet is based on individual temper. It is therefore strictly complementary to the classical Western dietetics and not a substitute. If you want\" \/>\n<meta name=\"robots\" content=\"index, follow, max-snippet:-1, max-image-preview:large, max-video-preview:-1\" \/>\n<link rel=\"canonical\" href=\"https:\/\/editionsdudauphin.com\/en\/livre\/subjects\/health-wellness\/health\/dietetic\/la-dietetique-ayurvedique\" \/>\n<meta property=\"og:locale\" content=\"en_US\" \/>\n<meta property=\"og:type\" content=\"article\" \/>\n<meta property=\"og:title\" content=\"La di\u00e9t\u00e9tique ayurv\u00e9dique - \u00c9ditions du Dauphin\" \/>\n<meta property=\"og:description\" content=\"Ayurvedic diet is based on individual temper. It is therefore strictly complementary to the classical Western dietetics and not a substitute. If you want\" \/>\n<meta property=\"og:url\" content=\"https:\/\/editionsdudauphin.com\/en\/livre\/subjects\/health-wellness\/health\/dietetic\/la-dietetique-ayurvedique\" \/>\n<meta property=\"og:site_name\" content=\"\u00c9ditions du Dauphin\" \/>\n<meta property=\"article:modified_time\" content=\"2021-07-02T14:15:23+00:00\" \/>\n<meta property=\"og:image\" content=\"https:\/\/editionsdudauphin.com\/wp-content\/uploads\/2021\/04\/9782716317641_ayurveda_dietetique.png\" \/>\n\t<meta property=\"og:image:width\" content=\"800\" \/>\n\t<meta property=\"og:image:height\" content=\"893\" \/>\n\t<meta property=\"og:image:type\" content=\"image\/png\" \/>\n<meta name=\"twitter:card\" content=\"summary_large_image\" \/>\n<meta name=\"twitter:label1\" content=\"Est. reading time\" \/>\n\t<meta name=\"twitter:data1\" content=\"1 minute\" \/>\n<script type=\"application\/ld+json\" class=\"yoast-schema-graph\">{\"@context\":\"https:\\\/\\\/schema.org\",\"@graph\":[{\"@type\":\"WebPage\",\"@id\":\"https:\\\/\\\/editionsdudauphin.com\\\/en\\\/livre\\\/subjects\\\/health-wellness\\\/health\\\/dietetic\\\/la-dietetique-ayurvedique\",\"url\":\"https:\\\/\\\/editionsdudauphin.com\\\/en\\\/livre\\\/subjects\\\/health-wellness\\\/health\\\/dietetic\\\/la-dietetique-ayurvedique\",\"name\":\"La di\u00e9t\u00e9tique ayurv\u00e9dique - \u00c9ditions du Dauphin\",\"isPartOf\":{\"@id\":\"https:\\\/\\\/editionsdudauphin.com\\\/en#website\"},\"primaryImageOfPage\":{\"@id\":\"https:\\\/\\\/editionsdudauphin.com\\\/en\\\/livre\\\/subjects\\\/health-wellness\\\/health\\\/dietetic\\\/la-dietetique-ayurvedique#primaryimage\"},\"image\":{\"@id\":\"https:\\\/\\\/editionsdudauphin.com\\\/en\\\/livre\\\/subjects\\\/health-wellness\\\/health\\\/dietetic\\\/la-dietetique-ayurvedique#primaryimage\"},\"thumbnailUrl\":\"https:\\\/\\\/editionsdudauphin.com\\\/wp-content\\\/uploads\\\/2021\\\/04\\\/9782716317641_ayurveda_dietetique.png\",\"datePublished\":\"2016-05-26T14:08:34+00:00\",\"dateModified\":\"2021-07-02T14:15:23+00:00\",\"description\":\"Ayurvedic diet is based on individual temper. It is therefore strictly complementary to the classical Western dietetics and not a substitute. If you want\",\"breadcrumb\":{\"@id\":\"https:\\\/\\\/editionsdudauphin.com\\\/en\\\/livre\\\/subjects\\\/health-wellness\\\/health\\\/dietetic\\\/la-dietetique-ayurvedique#breadcrumb\"},\"inLanguage\":\"en-US\",\"potentialAction\":[{\"@type\":\"ReadAction\",\"target\":[\"https:\\\/\\\/editionsdudauphin.com\\\/en\\\/livre\\\/subjects\\\/health-wellness\\\/health\\\/dietetic\\\/la-dietetique-ayurvedique\"]}]},{\"@type\":\"ImageObject\",\"inLanguage\":\"en-US\",\"@id\":\"https:\\\/\\\/editionsdudauphin.com\\\/en\\\/livre\\\/subjects\\\/health-wellness\\\/health\\\/dietetic\\\/la-dietetique-ayurvedique#primaryimage\",\"url\":\"https:\\\/\\\/editionsdudauphin.com\\\/wp-content\\\/uploads\\\/2021\\\/04\\\/9782716317641_ayurveda_dietetique.png\",\"contentUrl\":\"https:\\\/\\\/editionsdudauphin.com\\\/wp-content\\\/uploads\\\/2021\\\/04\\\/9782716317641_ayurveda_dietetique.png\",\"width\":800,\"height\":893,\"caption\":\"la di\u00e9t\u00e9tique ayurv\u00e9dique\"},{\"@type\":\"BreadcrumbList\",\"@id\":\"https:\\\/\\\/editionsdudauphin.com\\\/en\\\/livre\\\/subjects\\\/health-wellness\\\/health\\\/dietetic\\\/la-dietetique-ayurvedique#breadcrumb\",\"itemListElement\":[{\"@type\":\"ListItem\",\"position\":1,\"name\":\"Accueil\",\"item\":\"https:\\\/\\\/editionsdudauphin.com\\\/en\"},{\"@type\":\"ListItem\",\"position\":2,\"name\":\"Boutique\",\"item\":\"https:\\\/\\\/editionsdudauphin.com\\\/boutique\"},{\"@type\":\"ListItem\",\"position\":3,\"name\":\"La di\u00e9t\u00e9tique ayurv\u00e9dique\"}]},{\"@type\":\"WebSite\",\"@id\":\"https:\\\/\\\/editionsdudauphin.com\\\/en#website\",\"url\":\"https:\\\/\\\/editionsdudauphin.com\\\/en\",\"name\":\"\u00c9ditions du Dauphin\",\"description\":\"\",\"potentialAction\":[{\"@type\":\"SearchAction\",\"target\":{\"@type\":\"EntryPoint\",\"urlTemplate\":\"https:\\\/\\\/editionsdudauphin.com\\\/en?s={search_term_string}\"},\"query-input\":{\"@type\":\"PropertyValueSpecification\",\"valueRequired\":true,\"valueName\":\"search_term_string\"}}],\"inLanguage\":\"en-US\"}]}<\/script>\n<!-- \/ Yoast SEO plugin. -->","yoast_head_json":{"title":"La di\u00e9t\u00e9tique ayurv\u00e9dique - \u00c9ditions du Dauphin","description":"Ayurvedic diet is based on individual temper. It is therefore strictly complementary to the classical Western dietetics and not a substitute. If you want","robots":{"index":"index","follow":"follow","max-snippet":"max-snippet:-1","max-image-preview":"max-image-preview:large","max-video-preview":"max-video-preview:-1"},"canonical":"https:\/\/editionsdudauphin.com\/en\/livre\/subjects\/health-wellness\/health\/dietetic\/la-dietetique-ayurvedique","og_locale":"en_US","og_type":"article","og_title":"La di\u00e9t\u00e9tique ayurv\u00e9dique - \u00c9ditions du Dauphin","og_description":"Ayurvedic diet is based on individual temper. It is therefore strictly complementary to the classical Western dietetics and not a substitute. If you want","og_url":"https:\/\/editionsdudauphin.com\/en\/livre\/subjects\/health-wellness\/health\/dietetic\/la-dietetique-ayurvedique","og_site_name":"\u00c9ditions du Dauphin","article_modified_time":"2021-07-02T14:15:23+00:00","og_image":[{"width":800,"height":893,"url":"https:\/\/editionsdudauphin.com\/wp-content\/uploads\/2021\/04\/9782716317641_ayurveda_dietetique.png","type":"image\/png"}],"twitter_card":"summary_large_image","twitter_misc":{"Est. reading time":"1 minute"},"schema":{"@context":"https:\/\/schema.org","@graph":[{"@type":"WebPage","@id":"https:\/\/editionsdudauphin.com\/en\/livre\/subjects\/health-wellness\/health\/dietetic\/la-dietetique-ayurvedique","url":"https:\/\/editionsdudauphin.com\/en\/livre\/subjects\/health-wellness\/health\/dietetic\/la-dietetique-ayurvedique","name":"La di\u00e9t\u00e9tique ayurv\u00e9dique - \u00c9ditions du Dauphin","isPartOf":{"@id":"https:\/\/editionsdudauphin.com\/en#website"},"primaryImageOfPage":{"@id":"https:\/\/editionsdudauphin.com\/en\/livre\/subjects\/health-wellness\/health\/dietetic\/la-dietetique-ayurvedique#primaryimage"},"image":{"@id":"https:\/\/editionsdudauphin.com\/en\/livre\/subjects\/health-wellness\/health\/dietetic\/la-dietetique-ayurvedique#primaryimage"},"thumbnailUrl":"https:\/\/editionsdudauphin.com\/wp-content\/uploads\/2021\/04\/9782716317641_ayurveda_dietetique.png","datePublished":"2016-05-26T14:08:34+00:00","dateModified":"2021-07-02T14:15:23+00:00","description":"Ayurvedic diet is based on individual temper. It is therefore strictly complementary to the classical Western dietetics and not a substitute. If you want","breadcrumb":{"@id":"https:\/\/editionsdudauphin.com\/en\/livre\/subjects\/health-wellness\/health\/dietetic\/la-dietetique-ayurvedique#breadcrumb"},"inLanguage":"en-US","potentialAction":[{"@type":"ReadAction","target":["https:\/\/editionsdudauphin.com\/en\/livre\/subjects\/health-wellness\/health\/dietetic\/la-dietetique-ayurvedique"]}]},{"@type":"ImageObject","inLanguage":"en-US","@id":"https:\/\/editionsdudauphin.com\/en\/livre\/subjects\/health-wellness\/health\/dietetic\/la-dietetique-ayurvedique#primaryimage","url":"https:\/\/editionsdudauphin.com\/wp-content\/uploads\/2021\/04\/9782716317641_ayurveda_dietetique.png","contentUrl":"https:\/\/editionsdudauphin.com\/wp-content\/uploads\/2021\/04\/9782716317641_ayurveda_dietetique.png","width":800,"height":893,"caption":"la di\u00e9t\u00e9tique ayurv\u00e9dique"},{"@type":"BreadcrumbList","@id":"https:\/\/editionsdudauphin.com\/en\/livre\/subjects\/health-wellness\/health\/dietetic\/la-dietetique-ayurvedique#breadcrumb","itemListElement":[{"@type":"ListItem","position":1,"name":"Accueil","item":"https:\/\/editionsdudauphin.com\/en"},{"@type":"ListItem","position":2,"name":"Boutique","item":"https:\/\/editionsdudauphin.com\/boutique"},{"@type":"ListItem","position":3,"name":"La di\u00e9t\u00e9tique ayurv\u00e9dique"}]},{"@type":"WebSite","@id":"https:\/\/editionsdudauphin.com\/en#website","url":"https:\/\/editionsdudauphin.com\/en","name":"\u00c9ditions du Dauphin","description":"","potentialAction":[{"@type":"SearchAction","target":{"@type":"EntryPoint","urlTemplate":"https:\/\/editionsdudauphin.com\/en?s={search_term_string}"},"query-input":{"@type":"PropertyValueSpecification","valueRequired":true,"valueName":"search_term_string"}}],"inLanguage":"en-US"}]}},"_links":{"self":[{"href":"https:\/\/editionsdudauphin.com\/en\/wp-json\/wp\/v2\/product\/4370","targetHints":{"allow":["GET"]}}],"collection":[{"href":"https:\/\/editionsdudauphin.com\/en\/wp-json\/wp\/v2\/product"}],"about":[{"href":"https:\/\/editionsdudauphin.com\/en\/wp-json\/wp\/v2\/types\/product"}],"wp:featuredmedia":[{"embeddable":true,"href":"https:\/\/editionsdudauphin.com\/en\/wp-json\/wp\/v2\/media\/8841"}],"wp:attachment":[{"href":"https:\/\/editionsdudauphin.com\/en\/wp-json\/wp\/v2\/media?parent=4370"}],"wp:term":[{"taxonomy":"product_brand","embeddable":true,"href":"https:\/\/editionsdudauphin.com\/en\/wp-json\/wp\/v2\/product_brand?post=4370"},{"taxonomy":"product_cat","embeddable":true,"href":"https:\/\/editionsdudauphin.com\/en\/wp-json\/wp\/v2\/product_cat?post=4370"},{"taxonomy":"product_tag","embeddable":true,"href":"https:\/\/editionsdudauphin.com\/en\/wp-json\/wp\/v2\/product_tag?post=4370"}],"curies":[{"name":"wp","href":"https:\/\/api.w.org\/{rel}","templated":true}]}}