{"id":4740,"date":"2019-05-06T15:04:56","date_gmt":"2019-05-06T13:04:56","guid":{"rendered":"https:\/\/editionsdudauphin.com\/livre\/uncategorized\/respirez"},"modified":"2019-05-06T15:04:56","modified_gmt":"2019-05-06T13:04:56","slug":"respirez","status":"publish","type":"product","link":"https:\/\/editionsdudauphin.com\/en\/livre\/subjects\/health-wellness\/wellness\/good-shape\/respirez","title":{"rendered":"Respirez"},"content":{"rendered":"<p>Savez vous comment :<br \/>\n\u2022 Ne pas \u00eatre essouffl\u00e9 lorsque vous marchez, courez,\u00a0montez l\u2019escalier ?<br \/>\n\u2022 Vous d\u00e9tendre avant un rendez-vous important ?\u00a0\u2022 Vous d\u00e9stresser ?<br \/>\n\u2022 Vous pr\u00e9parer \u00e0 un sommeil profond ?<br \/>\n\u2022 Et bien d\u2019autres&#8230;pour \u00eatre bien tout simplement.<\/p>\n<p>C\u2019est ce que vous propose ce livre pratique illustr\u00e9 : apprenez \u00e0\u00a0respirer comme vous apprenez \u00e0 marcher, chose la plus naturelle\u00a0au monde et indispensable pour votre sant\u00e9.\u00a0N\u2019h\u00e9sitez plus, concentrez vous sur la respiration dont vous avez\u00a0besoin.\u00a0D\u00e9crites \u00e9tape par \u00e9tape et illustr\u00e9es, l\u2019auteur propose\u00a020 respirations essentielles selon les situations \u00e0 pratiquer\u00a0n\u2019importe o\u00f9 et \u00e0 n\u2019importe quel moment.<\/p>\n","protected":false},"excerpt":{"rendered":"<p>Savez vous comment : \u2022 Ne pas \u00eatre essouffl\u00e9 lorsque  [&#8230;]<\/p>\n","protected":false},"featured_media":4243,"template":"","meta":{"_acf_changed":false,"wpupg_custom_link":[],"wpupg_custom_link_behaviour":[],"wpupg_custom_link_nofollow":[],"wpupg_custom_image":[],"wpupg_custom_image_id":[]},"product_brand":[],"product_cat":[156,342],"product_tag":[],"class_list":{"0":"post-4740","1":"product","2":"type-product","3":"status-publish","4":"has-post-thumbnail","6":"product_cat-good-shape","7":"product_cat-cadeaux-de-noel-en","9":"first","10":"instock","11":"taxable","12":"shipping-taxable","13":"purchasable","14":"product-type-simple"},"acf":[],"yoast_head":"<!-- This site is optimized with the Yoast SEO plugin v27.3 - https:\/\/yoast.com\/product\/yoast-seo-wordpress\/ -->\n<title>Respirez - \u00c9ditions du Dauphin<\/title>\n<meta name=\"description\" content=\"Savez vous comment : \u2022 Ne pas \u00eatre essouffl\u00e9 lorsque vous marchez, courez,\u00a0montez l\u2019escalier ? \u2022 Vous d\u00e9tendre avant un rendez-vous important ?\u00a0\u2022 Vous\" \/>\n<meta name=\"robots\" content=\"index, follow, max-snippet:-1, max-image-preview:large, max-video-preview:-1\" \/>\n<link rel=\"canonical\" href=\"https:\/\/editionsdudauphin.com\/en\/livre\/subjects\/health-wellness\/wellness\/good-shape\/respirez\" \/>\n<meta property=\"og:locale\" content=\"en_US\" \/>\n<meta property=\"og:type\" content=\"article\" \/>\n<meta property=\"og:title\" content=\"Respirez - \u00c9ditions du Dauphin\" \/>\n<meta property=\"og:description\" content=\"Savez vous comment : \u2022 Ne pas \u00eatre essouffl\u00e9 lorsque vous marchez, courez,\u00a0montez l\u2019escalier ? \u2022 Vous d\u00e9tendre avant un rendez-vous important ?\u00a0\u2022 Vous\" \/>\n<meta property=\"og:url\" content=\"https:\/\/editionsdudauphin.com\/en\/livre\/subjects\/health-wellness\/wellness\/good-shape\/respirez\" \/>\n<meta property=\"og:site_name\" content=\"\u00c9ditions du Dauphin\" \/>\n<meta property=\"og:image\" content=\"https:\/\/editionsdudauphin.com\/wp-content\/uploads\/2019\/05\/9782716316781_respiration_exercices.jpg\" \/>\n\t<meta property=\"og:image:width\" content=\"1171\" \/>\n\t<meta property=\"og:image:height\" content=\"1729\" \/>\n\t<meta property=\"og:image:type\" content=\"image\/jpeg\" \/>\n<meta name=\"twitter:card\" content=\"summary_large_image\" \/>\n<meta name=\"twitter:label1\" content=\"Est. reading time\" \/>\n\t<meta name=\"twitter:data1\" content=\"1 minute\" \/>\n<script type=\"application\/ld+json\" class=\"yoast-schema-graph\">{\"@context\":\"https:\\\/\\\/schema.org\",\"@graph\":[{\"@type\":\"WebPage\",\"@id\":\"https:\\\/\\\/editionsdudauphin.com\\\/en\\\/livre\\\/subjects\\\/health-wellness\\\/wellness\\\/good-shape\\\/respirez\",\"url\":\"https:\\\/\\\/editionsdudauphin.com\\\/en\\\/livre\\\/subjects\\\/health-wellness\\\/wellness\\\/good-shape\\\/respirez\",\"name\":\"Respirez - \u00c9ditions du Dauphin\",\"isPartOf\":{\"@id\":\"https:\\\/\\\/editionsdudauphin.com\\\/en#website\"},\"primaryImageOfPage\":{\"@id\":\"https:\\\/\\\/editionsdudauphin.com\\\/en\\\/livre\\\/subjects\\\/health-wellness\\\/wellness\\\/good-shape\\\/respirez#primaryimage\"},\"image\":{\"@id\":\"https:\\\/\\\/editionsdudauphin.com\\\/en\\\/livre\\\/subjects\\\/health-wellness\\\/wellness\\\/good-shape\\\/respirez#primaryimage\"},\"thumbnailUrl\":\"https:\\\/\\\/editionsdudauphin.com\\\/wp-content\\\/uploads\\\/2019\\\/05\\\/9782716316781_respiration_exercices.jpg\",\"datePublished\":\"2019-05-06T13:04:56+00:00\",\"description\":\"Savez vous comment : \u2022 Ne pas \u00eatre essouffl\u00e9 lorsque vous marchez, courez,\u00a0montez l\u2019escalier ? \u2022 Vous d\u00e9tendre avant un rendez-vous important ?\u00a0\u2022 Vous\",\"breadcrumb\":{\"@id\":\"https:\\\/\\\/editionsdudauphin.com\\\/en\\\/livre\\\/subjects\\\/health-wellness\\\/wellness\\\/good-shape\\\/respirez#breadcrumb\"},\"inLanguage\":\"en-US\",\"potentialAction\":[{\"@type\":\"ReadAction\",\"target\":[\"https:\\\/\\\/editionsdudauphin.com\\\/en\\\/livre\\\/subjects\\\/health-wellness\\\/wellness\\\/good-shape\\\/respirez\"]}]},{\"@type\":\"ImageObject\",\"inLanguage\":\"en-US\",\"@id\":\"https:\\\/\\\/editionsdudauphin.com\\\/en\\\/livre\\\/subjects\\\/health-wellness\\\/wellness\\\/good-shape\\\/respirez#primaryimage\",\"url\":\"https:\\\/\\\/editionsdudauphin.com\\\/wp-content\\\/uploads\\\/2019\\\/05\\\/9782716316781_respiration_exercices.jpg\",\"contentUrl\":\"https:\\\/\\\/editionsdudauphin.com\\\/wp-content\\\/uploads\\\/2019\\\/05\\\/9782716316781_respiration_exercices.jpg\",\"width\":1171,\"height\":1729,\"caption\":\"respiration_exercices\"},{\"@type\":\"BreadcrumbList\",\"@id\":\"https:\\\/\\\/editionsdudauphin.com\\\/en\\\/livre\\\/subjects\\\/health-wellness\\\/wellness\\\/good-shape\\\/respirez#breadcrumb\",\"itemListElement\":[{\"@type\":\"ListItem\",\"position\":1,\"name\":\"Accueil\",\"item\":\"https:\\\/\\\/editionsdudauphin.com\\\/en\"},{\"@type\":\"ListItem\",\"position\":2,\"name\":\"Boutique\",\"item\":\"https:\\\/\\\/editionsdudauphin.com\\\/boutique\"},{\"@type\":\"ListItem\",\"position\":3,\"name\":\"Respirez\"}]},{\"@type\":\"WebSite\",\"@id\":\"https:\\\/\\\/editionsdudauphin.com\\\/en#website\",\"url\":\"https:\\\/\\\/editionsdudauphin.com\\\/en\",\"name\":\"\u00c9ditions du Dauphin\",\"description\":\"\",\"potentialAction\":[{\"@type\":\"SearchAction\",\"target\":{\"@type\":\"EntryPoint\",\"urlTemplate\":\"https:\\\/\\\/editionsdudauphin.com\\\/en?s={search_term_string}\"},\"query-input\":{\"@type\":\"PropertyValueSpecification\",\"valueRequired\":true,\"valueName\":\"search_term_string\"}}],\"inLanguage\":\"en-US\"}]}<\/script>\n<!-- \/ Yoast SEO plugin. -->","yoast_head_json":{"title":"Respirez - \u00c9ditions du Dauphin","description":"Savez vous comment : \u2022 Ne pas \u00eatre essouffl\u00e9 lorsque vous marchez, courez,\u00a0montez l\u2019escalier ? \u2022 Vous d\u00e9tendre avant un rendez-vous important ?\u00a0\u2022 Vous","robots":{"index":"index","follow":"follow","max-snippet":"max-snippet:-1","max-image-preview":"max-image-preview:large","max-video-preview":"max-video-preview:-1"},"canonical":"https:\/\/editionsdudauphin.com\/en\/livre\/subjects\/health-wellness\/wellness\/good-shape\/respirez","og_locale":"en_US","og_type":"article","og_title":"Respirez - \u00c9ditions du Dauphin","og_description":"Savez vous comment : \u2022 Ne pas \u00eatre essouffl\u00e9 lorsque vous marchez, courez,\u00a0montez l\u2019escalier ? \u2022 Vous d\u00e9tendre avant un rendez-vous important ?\u00a0\u2022 Vous","og_url":"https:\/\/editionsdudauphin.com\/en\/livre\/subjects\/health-wellness\/wellness\/good-shape\/respirez","og_site_name":"\u00c9ditions du Dauphin","og_image":[{"width":1171,"height":1729,"url":"https:\/\/editionsdudauphin.com\/wp-content\/uploads\/2019\/05\/9782716316781_respiration_exercices.jpg","type":"image\/jpeg"}],"twitter_card":"summary_large_image","twitter_misc":{"Est. reading time":"1 minute"},"schema":{"@context":"https:\/\/schema.org","@graph":[{"@type":"WebPage","@id":"https:\/\/editionsdudauphin.com\/en\/livre\/subjects\/health-wellness\/wellness\/good-shape\/respirez","url":"https:\/\/editionsdudauphin.com\/en\/livre\/subjects\/health-wellness\/wellness\/good-shape\/respirez","name":"Respirez - \u00c9ditions du Dauphin","isPartOf":{"@id":"https:\/\/editionsdudauphin.com\/en#website"},"primaryImageOfPage":{"@id":"https:\/\/editionsdudauphin.com\/en\/livre\/subjects\/health-wellness\/wellness\/good-shape\/respirez#primaryimage"},"image":{"@id":"https:\/\/editionsdudauphin.com\/en\/livre\/subjects\/health-wellness\/wellness\/good-shape\/respirez#primaryimage"},"thumbnailUrl":"https:\/\/editionsdudauphin.com\/wp-content\/uploads\/2019\/05\/9782716316781_respiration_exercices.jpg","datePublished":"2019-05-06T13:04:56+00:00","description":"Savez vous comment : \u2022 Ne pas \u00eatre essouffl\u00e9 lorsque vous marchez, courez,\u00a0montez l\u2019escalier ? \u2022 Vous d\u00e9tendre avant un rendez-vous important ?\u00a0\u2022 Vous","breadcrumb":{"@id":"https:\/\/editionsdudauphin.com\/en\/livre\/subjects\/health-wellness\/wellness\/good-shape\/respirez#breadcrumb"},"inLanguage":"en-US","potentialAction":[{"@type":"ReadAction","target":["https:\/\/editionsdudauphin.com\/en\/livre\/subjects\/health-wellness\/wellness\/good-shape\/respirez"]}]},{"@type":"ImageObject","inLanguage":"en-US","@id":"https:\/\/editionsdudauphin.com\/en\/livre\/subjects\/health-wellness\/wellness\/good-shape\/respirez#primaryimage","url":"https:\/\/editionsdudauphin.com\/wp-content\/uploads\/2019\/05\/9782716316781_respiration_exercices.jpg","contentUrl":"https:\/\/editionsdudauphin.com\/wp-content\/uploads\/2019\/05\/9782716316781_respiration_exercices.jpg","width":1171,"height":1729,"caption":"respiration_exercices"},{"@type":"BreadcrumbList","@id":"https:\/\/editionsdudauphin.com\/en\/livre\/subjects\/health-wellness\/wellness\/good-shape\/respirez#breadcrumb","itemListElement":[{"@type":"ListItem","position":1,"name":"Accueil","item":"https:\/\/editionsdudauphin.com\/en"},{"@type":"ListItem","position":2,"name":"Boutique","item":"https:\/\/editionsdudauphin.com\/boutique"},{"@type":"ListItem","position":3,"name":"Respirez"}]},{"@type":"WebSite","@id":"https:\/\/editionsdudauphin.com\/en#website","url":"https:\/\/editionsdudauphin.com\/en","name":"\u00c9ditions du Dauphin","description":"","potentialAction":[{"@type":"SearchAction","target":{"@type":"EntryPoint","urlTemplate":"https:\/\/editionsdudauphin.com\/en?s={search_term_string}"},"query-input":{"@type":"PropertyValueSpecification","valueRequired":true,"valueName":"search_term_string"}}],"inLanguage":"en-US"}]}},"_links":{"self":[{"href":"https:\/\/editionsdudauphin.com\/en\/wp-json\/wp\/v2\/product\/4740","targetHints":{"allow":["GET"]}}],"collection":[{"href":"https:\/\/editionsdudauphin.com\/en\/wp-json\/wp\/v2\/product"}],"about":[{"href":"https:\/\/editionsdudauphin.com\/en\/wp-json\/wp\/v2\/types\/product"}],"wp:featuredmedia":[{"embeddable":true,"href":"https:\/\/editionsdudauphin.com\/en\/wp-json\/wp\/v2\/media\/4243"}],"wp:attachment":[{"href":"https:\/\/editionsdudauphin.com\/en\/wp-json\/wp\/v2\/media?parent=4740"}],"wp:term":[{"taxonomy":"product_brand","embeddable":true,"href":"https:\/\/editionsdudauphin.com\/en\/wp-json\/wp\/v2\/product_brand?post=4740"},{"taxonomy":"product_cat","embeddable":true,"href":"https:\/\/editionsdudauphin.com\/en\/wp-json\/wp\/v2\/product_cat?post=4740"},{"taxonomy":"product_tag","embeddable":true,"href":"https:\/\/editionsdudauphin.com\/en\/wp-json\/wp\/v2\/product_tag?post=4740"}],"curies":[{"name":"wp","href":"https:\/\/api.w.org\/{rel}","templated":true}]}}