{"id":7024,"date":"2020-09-08T12:24:36","date_gmt":"2020-09-08T10:24:36","guid":{"rendered":"https:\/\/editionsdudauphin.com\/livre\/uncategorized\/dictionnaire-des-plantes-medicinales"},"modified":"2020-09-08T13:01:50","modified_gmt":"2020-09-08T11:01:50","slug":"dictionnaire-des-plantes-medicinales","status":"publish","type":"product","link":"https:\/\/editionsdudauphin.com\/en\/livre\/subjects\/health-wellness\/health\/natural-medecine\/medicinal-plants\/dictionnaire-des-plantes-medicinales","title":{"rendered":"DICTIONNAIRE COMPLET DES PLANTES MEDICINALES"},"content":{"rendered":"<p>Coming soon<\/p>\n","protected":false},"excerpt":{"rendered":"<p>Coming soon<\/p>\n","protected":false},"featured_media":7026,"template":"","meta":{"_acf_changed":false,"wpupg_custom_link":[],"wpupg_custom_link_behaviour":[],"wpupg_custom_link_nofollow":[],"wpupg_custom_image":[],"wpupg_custom_image_id":[]},"product_brand":[],"product_cat":[165,350],"product_tag":[],"class_list":{"0":"post-7024","1":"product","2":"type-product","3":"status-publish","4":"has-post-thumbnail","6":"product_cat-natural-medecine","7":"product_cat-medicinal-plants","9":"first","10":"instock","11":"taxable","12":"shipping-taxable","13":"purchasable","14":"product-type-simple"},"acf":[],"yoast_head":"<!-- This site is optimized with the Yoast SEO plugin v27.3 - https:\/\/yoast.com\/product\/yoast-seo-wordpress\/ -->\n<title>DICTIONNAIRE COMPLET DES PLANTES MEDICINALES - \u00c9ditions du Dauphin<\/title>\n<meta name=\"description\" content=\"Livre complet et utile pour toute la famille d\u00e9crivant 470 plantes m\u00e9dicinales avec leurs propri\u00e9t\u00e9s pour 500 pathologies. Un indispensable \u00e0 avoir chez soi\" \/>\n<meta name=\"robots\" content=\"index, follow, max-snippet:-1, max-image-preview:large, max-video-preview:-1\" \/>\n<link rel=\"canonical\" href=\"https:\/\/editionsdudauphin.com\/en\/livre\/subjects\/health-wellness\/health\/natural-medecine\/medicinal-plants\/dictionnaire-des-plantes-medicinales\" \/>\n<meta property=\"og:locale\" content=\"en_US\" \/>\n<meta property=\"og:type\" content=\"article\" \/>\n<meta property=\"og:title\" content=\"DICTIONNAIRE COMPLET DES PLANTES MEDICINALES - \u00c9ditions du Dauphin\" \/>\n<meta property=\"og:description\" content=\"Livre complet et utile pour toute la famille d\u00e9crivant 470 plantes m\u00e9dicinales avec leurs propri\u00e9t\u00e9s pour 500 pathologies. Un indispensable \u00e0 avoir chez soi\" \/>\n<meta property=\"og:url\" content=\"https:\/\/editionsdudauphin.com\/en\/livre\/subjects\/health-wellness\/health\/natural-medecine\/medicinal-plants\/dictionnaire-des-plantes-medicinales\" \/>\n<meta property=\"og:site_name\" content=\"\u00c9ditions du Dauphin\" \/>\n<meta property=\"article:modified_time\" content=\"2020-09-08T11:01:50+00:00\" \/>\n<meta property=\"og:image\" content=\"https:\/\/editionsdudauphin.com\/wp-content\/uploads\/2020\/09\/9782716317498_plantes_m\u00e9dicinales.png\" \/>\n\t<meta property=\"og:image:width\" content=\"800\" \/>\n\t<meta property=\"og:image:height\" content=\"975\" \/>\n\t<meta property=\"og:image:type\" content=\"image\/png\" \/>\n<meta name=\"twitter:card\" content=\"summary_large_image\" \/>\n<script type=\"application\/ld+json\" class=\"yoast-schema-graph\">{\"@context\":\"https:\\\/\\\/schema.org\",\"@graph\":[{\"@type\":\"WebPage\",\"@id\":\"https:\\\/\\\/editionsdudauphin.com\\\/en\\\/livre\\\/subjects\\\/health-wellness\\\/health\\\/natural-medecine\\\/medicinal-plants\\\/dictionnaire-des-plantes-medicinales\",\"url\":\"https:\\\/\\\/editionsdudauphin.com\\\/en\\\/livre\\\/subjects\\\/health-wellness\\\/health\\\/natural-medecine\\\/medicinal-plants\\\/dictionnaire-des-plantes-medicinales\",\"name\":\"DICTIONNAIRE COMPLET DES PLANTES MEDICINALES - \u00c9ditions du Dauphin\",\"isPartOf\":{\"@id\":\"https:\\\/\\\/editionsdudauphin.com\\\/en#website\"},\"primaryImageOfPage\":{\"@id\":\"https:\\\/\\\/editionsdudauphin.com\\\/en\\\/livre\\\/subjects\\\/health-wellness\\\/health\\\/natural-medecine\\\/medicinal-plants\\\/dictionnaire-des-plantes-medicinales#primaryimage\"},\"image\":{\"@id\":\"https:\\\/\\\/editionsdudauphin.com\\\/en\\\/livre\\\/subjects\\\/health-wellness\\\/health\\\/natural-medecine\\\/medicinal-plants\\\/dictionnaire-des-plantes-medicinales#primaryimage\"},\"thumbnailUrl\":\"https:\\\/\\\/editionsdudauphin.com\\\/wp-content\\\/uploads\\\/2020\\\/09\\\/9782716317498_plantes_m\u00e9dicinales.png\",\"datePublished\":\"2020-09-08T10:24:36+00:00\",\"dateModified\":\"2020-09-08T11:01:50+00:00\",\"description\":\"Livre complet et utile pour toute la famille d\u00e9crivant 470 plantes m\u00e9dicinales avec leurs propri\u00e9t\u00e9s pour 500 pathologies. Un indispensable \u00e0 avoir chez soi\",\"breadcrumb\":{\"@id\":\"https:\\\/\\\/editionsdudauphin.com\\\/en\\\/livre\\\/subjects\\\/health-wellness\\\/health\\\/natural-medecine\\\/medicinal-plants\\\/dictionnaire-des-plantes-medicinales#breadcrumb\"},\"inLanguage\":\"en-US\",\"potentialAction\":[{\"@type\":\"ReadAction\",\"target\":[\"https:\\\/\\\/editionsdudauphin.com\\\/en\\\/livre\\\/subjects\\\/health-wellness\\\/health\\\/natural-medecine\\\/medicinal-plants\\\/dictionnaire-des-plantes-medicinales\"]}]},{\"@type\":\"ImageObject\",\"inLanguage\":\"en-US\",\"@id\":\"https:\\\/\\\/editionsdudauphin.com\\\/en\\\/livre\\\/subjects\\\/health-wellness\\\/health\\\/natural-medecine\\\/medicinal-plants\\\/dictionnaire-des-plantes-medicinales#primaryimage\",\"url\":\"https:\\\/\\\/editionsdudauphin.com\\\/wp-content\\\/uploads\\\/2020\\\/09\\\/9782716317498_plantes_m\u00e9dicinales.png\",\"contentUrl\":\"https:\\\/\\\/editionsdudauphin.com\\\/wp-content\\\/uploads\\\/2020\\\/09\\\/9782716317498_plantes_m\u00e9dicinales.png\",\"width\":800,\"height\":975,\"caption\":\"dictionnaire complet des plantes m\u00e9dicinales\"},{\"@type\":\"BreadcrumbList\",\"@id\":\"https:\\\/\\\/editionsdudauphin.com\\\/en\\\/livre\\\/subjects\\\/health-wellness\\\/health\\\/natural-medecine\\\/medicinal-plants\\\/dictionnaire-des-plantes-medicinales#breadcrumb\",\"itemListElement\":[{\"@type\":\"ListItem\",\"position\":1,\"name\":\"Accueil\",\"item\":\"https:\\\/\\\/editionsdudauphin.com\\\/en\"},{\"@type\":\"ListItem\",\"position\":2,\"name\":\"Boutique\",\"item\":\"https:\\\/\\\/editionsdudauphin.com\\\/boutique\"},{\"@type\":\"ListItem\",\"position\":3,\"name\":\"DICTIONNAIRE COMPLET DES PLANTES MEDICINALES\"}]},{\"@type\":\"WebSite\",\"@id\":\"https:\\\/\\\/editionsdudauphin.com\\\/en#website\",\"url\":\"https:\\\/\\\/editionsdudauphin.com\\\/en\",\"name\":\"\u00c9ditions du Dauphin\",\"description\":\"\",\"potentialAction\":[{\"@type\":\"SearchAction\",\"target\":{\"@type\":\"EntryPoint\",\"urlTemplate\":\"https:\\\/\\\/editionsdudauphin.com\\\/en?s={search_term_string}\"},\"query-input\":{\"@type\":\"PropertyValueSpecification\",\"valueRequired\":true,\"valueName\":\"search_term_string\"}}],\"inLanguage\":\"en-US\"}]}<\/script>\n<!-- \/ Yoast SEO plugin. -->","yoast_head_json":{"title":"DICTIONNAIRE COMPLET DES PLANTES MEDICINALES - \u00c9ditions du Dauphin","description":"Livre complet et utile pour toute la famille d\u00e9crivant 470 plantes m\u00e9dicinales avec leurs propri\u00e9t\u00e9s pour 500 pathologies. Un indispensable \u00e0 avoir chez soi","robots":{"index":"index","follow":"follow","max-snippet":"max-snippet:-1","max-image-preview":"max-image-preview:large","max-video-preview":"max-video-preview:-1"},"canonical":"https:\/\/editionsdudauphin.com\/en\/livre\/subjects\/health-wellness\/health\/natural-medecine\/medicinal-plants\/dictionnaire-des-plantes-medicinales","og_locale":"en_US","og_type":"article","og_title":"DICTIONNAIRE COMPLET DES PLANTES MEDICINALES - \u00c9ditions du Dauphin","og_description":"Livre complet et utile pour toute la famille d\u00e9crivant 470 plantes m\u00e9dicinales avec leurs propri\u00e9t\u00e9s pour 500 pathologies. Un indispensable \u00e0 avoir chez soi","og_url":"https:\/\/editionsdudauphin.com\/en\/livre\/subjects\/health-wellness\/health\/natural-medecine\/medicinal-plants\/dictionnaire-des-plantes-medicinales","og_site_name":"\u00c9ditions du Dauphin","article_modified_time":"2020-09-08T11:01:50+00:00","og_image":[{"width":800,"height":975,"url":"https:\/\/editionsdudauphin.com\/wp-content\/uploads\/2020\/09\/9782716317498_plantes_m\u00e9dicinales.png","type":"image\/png"}],"twitter_card":"summary_large_image","schema":{"@context":"https:\/\/schema.org","@graph":[{"@type":"WebPage","@id":"https:\/\/editionsdudauphin.com\/en\/livre\/subjects\/health-wellness\/health\/natural-medecine\/medicinal-plants\/dictionnaire-des-plantes-medicinales","url":"https:\/\/editionsdudauphin.com\/en\/livre\/subjects\/health-wellness\/health\/natural-medecine\/medicinal-plants\/dictionnaire-des-plantes-medicinales","name":"DICTIONNAIRE COMPLET DES PLANTES MEDICINALES - \u00c9ditions du Dauphin","isPartOf":{"@id":"https:\/\/editionsdudauphin.com\/en#website"},"primaryImageOfPage":{"@id":"https:\/\/editionsdudauphin.com\/en\/livre\/subjects\/health-wellness\/health\/natural-medecine\/medicinal-plants\/dictionnaire-des-plantes-medicinales#primaryimage"},"image":{"@id":"https:\/\/editionsdudauphin.com\/en\/livre\/subjects\/health-wellness\/health\/natural-medecine\/medicinal-plants\/dictionnaire-des-plantes-medicinales#primaryimage"},"thumbnailUrl":"https:\/\/editionsdudauphin.com\/wp-content\/uploads\/2020\/09\/9782716317498_plantes_m\u00e9dicinales.png","datePublished":"2020-09-08T10:24:36+00:00","dateModified":"2020-09-08T11:01:50+00:00","description":"Livre complet et utile pour toute la famille d\u00e9crivant 470 plantes m\u00e9dicinales avec leurs propri\u00e9t\u00e9s pour 500 pathologies. Un indispensable \u00e0 avoir chez soi","breadcrumb":{"@id":"https:\/\/editionsdudauphin.com\/en\/livre\/subjects\/health-wellness\/health\/natural-medecine\/medicinal-plants\/dictionnaire-des-plantes-medicinales#breadcrumb"},"inLanguage":"en-US","potentialAction":[{"@type":"ReadAction","target":["https:\/\/editionsdudauphin.com\/en\/livre\/subjects\/health-wellness\/health\/natural-medecine\/medicinal-plants\/dictionnaire-des-plantes-medicinales"]}]},{"@type":"ImageObject","inLanguage":"en-US","@id":"https:\/\/editionsdudauphin.com\/en\/livre\/subjects\/health-wellness\/health\/natural-medecine\/medicinal-plants\/dictionnaire-des-plantes-medicinales#primaryimage","url":"https:\/\/editionsdudauphin.com\/wp-content\/uploads\/2020\/09\/9782716317498_plantes_m\u00e9dicinales.png","contentUrl":"https:\/\/editionsdudauphin.com\/wp-content\/uploads\/2020\/09\/9782716317498_plantes_m\u00e9dicinales.png","width":800,"height":975,"caption":"dictionnaire complet des plantes m\u00e9dicinales"},{"@type":"BreadcrumbList","@id":"https:\/\/editionsdudauphin.com\/en\/livre\/subjects\/health-wellness\/health\/natural-medecine\/medicinal-plants\/dictionnaire-des-plantes-medicinales#breadcrumb","itemListElement":[{"@type":"ListItem","position":1,"name":"Accueil","item":"https:\/\/editionsdudauphin.com\/en"},{"@type":"ListItem","position":2,"name":"Boutique","item":"https:\/\/editionsdudauphin.com\/boutique"},{"@type":"ListItem","position":3,"name":"DICTIONNAIRE COMPLET DES PLANTES MEDICINALES"}]},{"@type":"WebSite","@id":"https:\/\/editionsdudauphin.com\/en#website","url":"https:\/\/editionsdudauphin.com\/en","name":"\u00c9ditions du Dauphin","description":"","potentialAction":[{"@type":"SearchAction","target":{"@type":"EntryPoint","urlTemplate":"https:\/\/editionsdudauphin.com\/en?s={search_term_string}"},"query-input":{"@type":"PropertyValueSpecification","valueRequired":true,"valueName":"search_term_string"}}],"inLanguage":"en-US"}]}},"_links":{"self":[{"href":"https:\/\/editionsdudauphin.com\/en\/wp-json\/wp\/v2\/product\/7024","targetHints":{"allow":["GET"]}}],"collection":[{"href":"https:\/\/editionsdudauphin.com\/en\/wp-json\/wp\/v2\/product"}],"about":[{"href":"https:\/\/editionsdudauphin.com\/en\/wp-json\/wp\/v2\/types\/product"}],"wp:featuredmedia":[{"embeddable":true,"href":"https:\/\/editionsdudauphin.com\/en\/wp-json\/wp\/v2\/media\/7026"}],"wp:attachment":[{"href":"https:\/\/editionsdudauphin.com\/en\/wp-json\/wp\/v2\/media?parent=7024"}],"wp:term":[{"taxonomy":"product_brand","embeddable":true,"href":"https:\/\/editionsdudauphin.com\/en\/wp-json\/wp\/v2\/product_brand?post=7024"},{"taxonomy":"product_cat","embeddable":true,"href":"https:\/\/editionsdudauphin.com\/en\/wp-json\/wp\/v2\/product_cat?post=7024"},{"taxonomy":"product_tag","embeddable":true,"href":"https:\/\/editionsdudauphin.com\/en\/wp-json\/wp\/v2\/product_tag?post=7024"}],"curies":[{"name":"wp","href":"https:\/\/api.w.org\/{rel}","templated":true}]}}