{"id":7130,"date":"2020-09-21T10:18:29","date_gmt":"2020-09-21T08:18:29","guid":{"rendered":"https:\/\/editionsdudauphin.com\/livre\/uncategorized\/le-pouvoir-des-guerisseurs"},"modified":"2020-09-21T10:35:44","modified_gmt":"2020-09-21T08:35:44","slug":"le-pouvoir-des-guerisseurs","status":"publish","type":"product","link":"https:\/\/editionsdudauphin.com\/en\/livre\/subjects\/spirituality-esoterism\/esoterism\/occult\/le-pouvoir-des-guerisseurs","title":{"rendered":"Le pouvoir des gu\u00e9risseurs"},"content":{"rendered":"<p>Coming soon<\/p>\n","protected":false},"excerpt":{"rendered":"<p>Coming soon<\/p>\n","protected":false},"featured_media":14308,"template":"","meta":{"_acf_changed":false,"wpupg_custom_link":[],"wpupg_custom_link_behaviour":[],"wpupg_custom_link_nofollow":[],"wpupg_custom_image":[],"wpupg_custom_image_id":[]},"product_brand":[],"product_cat":[181],"product_tag":[],"class_list":{"0":"post-7130","1":"product","2":"type-product","3":"status-publish","4":"has-post-thumbnail","6":"product_cat-occult","8":"first","9":"instock","10":"taxable","11":"shipping-taxable","12":"purchasable","13":"product-type-simple"},"acf":[],"yoast_head":"<!-- This site is optimized with the Yoast SEO plugin v27.3 - https:\/\/yoast.com\/product\/yoast-seo-wordpress\/ -->\n<title>Le pouvoir des gu\u00e9risseurs - \u00c9ditions du Dauphin<\/title>\n<meta name=\"description\" content=\"Ce livre d\u00e9crit le r\u00f4le essentiel des gu\u00e9risseurs dans notre soci\u00e9t\u00e9 aujourd&#039;hui. Qui sont-ils et quelle est leur mission ? Comment apprendre et pratiquer ?\" \/>\n<meta name=\"robots\" content=\"index, follow, max-snippet:-1, max-image-preview:large, max-video-preview:-1\" \/>\n<link rel=\"canonical\" href=\"https:\/\/editionsdudauphin.com\/en\/livre\/subjects\/spirituality-esoterism\/esoterism\/occult\/le-pouvoir-des-guerisseurs\" \/>\n<meta property=\"og:locale\" content=\"en_US\" \/>\n<meta property=\"og:type\" content=\"article\" \/>\n<meta property=\"og:title\" content=\"Le pouvoir des gu\u00e9risseurs - \u00c9ditions du Dauphin\" \/>\n<meta property=\"og:description\" content=\"Ce livre d\u00e9crit le r\u00f4le essentiel des gu\u00e9risseurs dans notre soci\u00e9t\u00e9 aujourd&#039;hui. Qui sont-ils et quelle est leur mission ? Comment apprendre et pratiquer ?\" \/>\n<meta property=\"og:url\" content=\"https:\/\/editionsdudauphin.com\/en\/livre\/subjects\/spirituality-esoterism\/esoterism\/occult\/le-pouvoir-des-guerisseurs\" \/>\n<meta property=\"og:site_name\" content=\"\u00c9ditions du Dauphin\" \/>\n<meta property=\"article:modified_time\" content=\"2020-09-21T08:35:44+00:00\" \/>\n<meta property=\"og:image\" content=\"https:\/\/editionsdudauphin.com\/wp-content\/uploads\/2020\/09\/pouvoir-gue\u0301risseurs.jpeg\" \/>\n\t<meta property=\"og:image:width\" content=\"453\" \/>\n\t<meta property=\"og:image:height\" content=\"679\" \/>\n\t<meta property=\"og:image:type\" content=\"image\/jpeg\" \/>\n<meta name=\"twitter:card\" content=\"summary_large_image\" \/>\n<script type=\"application\/ld+json\" class=\"yoast-schema-graph\">{\"@context\":\"https:\\\/\\\/schema.org\",\"@graph\":[{\"@type\":\"WebPage\",\"@id\":\"https:\\\/\\\/editionsdudauphin.com\\\/en\\\/livre\\\/subjects\\\/spirituality-esoterism\\\/esoterism\\\/occult\\\/le-pouvoir-des-guerisseurs\",\"url\":\"https:\\\/\\\/editionsdudauphin.com\\\/en\\\/livre\\\/subjects\\\/spirituality-esoterism\\\/esoterism\\\/occult\\\/le-pouvoir-des-guerisseurs\",\"name\":\"Le pouvoir des gu\u00e9risseurs - \u00c9ditions du Dauphin\",\"isPartOf\":{\"@id\":\"https:\\\/\\\/editionsdudauphin.com\\\/en#website\"},\"primaryImageOfPage\":{\"@id\":\"https:\\\/\\\/editionsdudauphin.com\\\/en\\\/livre\\\/subjects\\\/spirituality-esoterism\\\/esoterism\\\/occult\\\/le-pouvoir-des-guerisseurs#primaryimage\"},\"image\":{\"@id\":\"https:\\\/\\\/editionsdudauphin.com\\\/en\\\/livre\\\/subjects\\\/spirituality-esoterism\\\/esoterism\\\/occult\\\/le-pouvoir-des-guerisseurs#primaryimage\"},\"thumbnailUrl\":\"https:\\\/\\\/editionsdudauphin.com\\\/wp-content\\\/uploads\\\/2020\\\/09\\\/pouvoir-gue\u0301risseurs.jpeg\",\"datePublished\":\"2020-09-21T08:18:29+00:00\",\"dateModified\":\"2020-09-21T08:35:44+00:00\",\"description\":\"Ce livre d\u00e9crit le r\u00f4le essentiel des gu\u00e9risseurs dans notre soci\u00e9t\u00e9 aujourd'hui. Qui sont-ils et quelle est leur mission ? Comment apprendre et pratiquer ?\",\"breadcrumb\":{\"@id\":\"https:\\\/\\\/editionsdudauphin.com\\\/en\\\/livre\\\/subjects\\\/spirituality-esoterism\\\/esoterism\\\/occult\\\/le-pouvoir-des-guerisseurs#breadcrumb\"},\"inLanguage\":\"en-US\",\"potentialAction\":[{\"@type\":\"ReadAction\",\"target\":[\"https:\\\/\\\/editionsdudauphin.com\\\/en\\\/livre\\\/subjects\\\/spirituality-esoterism\\\/esoterism\\\/occult\\\/le-pouvoir-des-guerisseurs\"]}]},{\"@type\":\"ImageObject\",\"inLanguage\":\"en-US\",\"@id\":\"https:\\\/\\\/editionsdudauphin.com\\\/en\\\/livre\\\/subjects\\\/spirituality-esoterism\\\/esoterism\\\/occult\\\/le-pouvoir-des-guerisseurs#primaryimage\",\"url\":\"https:\\\/\\\/editionsdudauphin.com\\\/wp-content\\\/uploads\\\/2020\\\/09\\\/pouvoir-gue\u0301risseurs.jpeg\",\"contentUrl\":\"https:\\\/\\\/editionsdudauphin.com\\\/wp-content\\\/uploads\\\/2020\\\/09\\\/pouvoir-gue\u0301risseurs.jpeg\",\"width\":453,\"height\":679,\"caption\":\"le pouvoir des gue\u0301risseurs\"},{\"@type\":\"BreadcrumbList\",\"@id\":\"https:\\\/\\\/editionsdudauphin.com\\\/en\\\/livre\\\/subjects\\\/spirituality-esoterism\\\/esoterism\\\/occult\\\/le-pouvoir-des-guerisseurs#breadcrumb\",\"itemListElement\":[{\"@type\":\"ListItem\",\"position\":1,\"name\":\"Accueil\",\"item\":\"https:\\\/\\\/editionsdudauphin.com\\\/en\"},{\"@type\":\"ListItem\",\"position\":2,\"name\":\"Boutique\",\"item\":\"https:\\\/\\\/editionsdudauphin.com\\\/boutique\"},{\"@type\":\"ListItem\",\"position\":3,\"name\":\"Le pouvoir des gu\u00e9risseurs\"}]},{\"@type\":\"WebSite\",\"@id\":\"https:\\\/\\\/editionsdudauphin.com\\\/en#website\",\"url\":\"https:\\\/\\\/editionsdudauphin.com\\\/en\",\"name\":\"\u00c9ditions du Dauphin\",\"description\":\"\",\"potentialAction\":[{\"@type\":\"SearchAction\",\"target\":{\"@type\":\"EntryPoint\",\"urlTemplate\":\"https:\\\/\\\/editionsdudauphin.com\\\/en?s={search_term_string}\"},\"query-input\":{\"@type\":\"PropertyValueSpecification\",\"valueRequired\":true,\"valueName\":\"search_term_string\"}}],\"inLanguage\":\"en-US\"}]}<\/script>\n<!-- \/ Yoast SEO plugin. -->","yoast_head_json":{"title":"Le pouvoir des gu\u00e9risseurs - \u00c9ditions du Dauphin","description":"Ce livre d\u00e9crit le r\u00f4le essentiel des gu\u00e9risseurs dans notre soci\u00e9t\u00e9 aujourd'hui. Qui sont-ils et quelle est leur mission ? Comment apprendre et pratiquer ?","robots":{"index":"index","follow":"follow","max-snippet":"max-snippet:-1","max-image-preview":"max-image-preview:large","max-video-preview":"max-video-preview:-1"},"canonical":"https:\/\/editionsdudauphin.com\/en\/livre\/subjects\/spirituality-esoterism\/esoterism\/occult\/le-pouvoir-des-guerisseurs","og_locale":"en_US","og_type":"article","og_title":"Le pouvoir des gu\u00e9risseurs - \u00c9ditions du Dauphin","og_description":"Ce livre d\u00e9crit le r\u00f4le essentiel des gu\u00e9risseurs dans notre soci\u00e9t\u00e9 aujourd'hui. Qui sont-ils et quelle est leur mission ? Comment apprendre et pratiquer ?","og_url":"https:\/\/editionsdudauphin.com\/en\/livre\/subjects\/spirituality-esoterism\/esoterism\/occult\/le-pouvoir-des-guerisseurs","og_site_name":"\u00c9ditions du Dauphin","article_modified_time":"2020-09-21T08:35:44+00:00","og_image":[{"width":453,"height":679,"url":"https:\/\/editionsdudauphin.com\/wp-content\/uploads\/2020\/09\/pouvoir-gue\u0301risseurs.jpeg","type":"image\/jpeg"}],"twitter_card":"summary_large_image","schema":{"@context":"https:\/\/schema.org","@graph":[{"@type":"WebPage","@id":"https:\/\/editionsdudauphin.com\/en\/livre\/subjects\/spirituality-esoterism\/esoterism\/occult\/le-pouvoir-des-guerisseurs","url":"https:\/\/editionsdudauphin.com\/en\/livre\/subjects\/spirituality-esoterism\/esoterism\/occult\/le-pouvoir-des-guerisseurs","name":"Le pouvoir des gu\u00e9risseurs - \u00c9ditions du Dauphin","isPartOf":{"@id":"https:\/\/editionsdudauphin.com\/en#website"},"primaryImageOfPage":{"@id":"https:\/\/editionsdudauphin.com\/en\/livre\/subjects\/spirituality-esoterism\/esoterism\/occult\/le-pouvoir-des-guerisseurs#primaryimage"},"image":{"@id":"https:\/\/editionsdudauphin.com\/en\/livre\/subjects\/spirituality-esoterism\/esoterism\/occult\/le-pouvoir-des-guerisseurs#primaryimage"},"thumbnailUrl":"https:\/\/editionsdudauphin.com\/wp-content\/uploads\/2020\/09\/pouvoir-gue\u0301risseurs.jpeg","datePublished":"2020-09-21T08:18:29+00:00","dateModified":"2020-09-21T08:35:44+00:00","description":"Ce livre d\u00e9crit le r\u00f4le essentiel des gu\u00e9risseurs dans notre soci\u00e9t\u00e9 aujourd'hui. Qui sont-ils et quelle est leur mission ? Comment apprendre et pratiquer ?","breadcrumb":{"@id":"https:\/\/editionsdudauphin.com\/en\/livre\/subjects\/spirituality-esoterism\/esoterism\/occult\/le-pouvoir-des-guerisseurs#breadcrumb"},"inLanguage":"en-US","potentialAction":[{"@type":"ReadAction","target":["https:\/\/editionsdudauphin.com\/en\/livre\/subjects\/spirituality-esoterism\/esoterism\/occult\/le-pouvoir-des-guerisseurs"]}]},{"@type":"ImageObject","inLanguage":"en-US","@id":"https:\/\/editionsdudauphin.com\/en\/livre\/subjects\/spirituality-esoterism\/esoterism\/occult\/le-pouvoir-des-guerisseurs#primaryimage","url":"https:\/\/editionsdudauphin.com\/wp-content\/uploads\/2020\/09\/pouvoir-gue\u0301risseurs.jpeg","contentUrl":"https:\/\/editionsdudauphin.com\/wp-content\/uploads\/2020\/09\/pouvoir-gue\u0301risseurs.jpeg","width":453,"height":679,"caption":"le pouvoir des gue\u0301risseurs"},{"@type":"BreadcrumbList","@id":"https:\/\/editionsdudauphin.com\/en\/livre\/subjects\/spirituality-esoterism\/esoterism\/occult\/le-pouvoir-des-guerisseurs#breadcrumb","itemListElement":[{"@type":"ListItem","position":1,"name":"Accueil","item":"https:\/\/editionsdudauphin.com\/en"},{"@type":"ListItem","position":2,"name":"Boutique","item":"https:\/\/editionsdudauphin.com\/boutique"},{"@type":"ListItem","position":3,"name":"Le pouvoir des gu\u00e9risseurs"}]},{"@type":"WebSite","@id":"https:\/\/editionsdudauphin.com\/en#website","url":"https:\/\/editionsdudauphin.com\/en","name":"\u00c9ditions du Dauphin","description":"","potentialAction":[{"@type":"SearchAction","target":{"@type":"EntryPoint","urlTemplate":"https:\/\/editionsdudauphin.com\/en?s={search_term_string}"},"query-input":{"@type":"PropertyValueSpecification","valueRequired":true,"valueName":"search_term_string"}}],"inLanguage":"en-US"}]}},"_links":{"self":[{"href":"https:\/\/editionsdudauphin.com\/en\/wp-json\/wp\/v2\/product\/7130","targetHints":{"allow":["GET"]}}],"collection":[{"href":"https:\/\/editionsdudauphin.com\/en\/wp-json\/wp\/v2\/product"}],"about":[{"href":"https:\/\/editionsdudauphin.com\/en\/wp-json\/wp\/v2\/types\/product"}],"wp:featuredmedia":[{"embeddable":true,"href":"https:\/\/editionsdudauphin.com\/en\/wp-json\/wp\/v2\/media\/14308"}],"wp:attachment":[{"href":"https:\/\/editionsdudauphin.com\/en\/wp-json\/wp\/v2\/media?parent=7130"}],"wp:term":[{"taxonomy":"product_brand","embeddable":true,"href":"https:\/\/editionsdudauphin.com\/en\/wp-json\/wp\/v2\/product_brand?post=7130"},{"taxonomy":"product_cat","embeddable":true,"href":"https:\/\/editionsdudauphin.com\/en\/wp-json\/wp\/v2\/product_cat?post=7130"},{"taxonomy":"product_tag","embeddable":true,"href":"https:\/\/editionsdudauphin.com\/en\/wp-json\/wp\/v2\/product_tag?post=7130"}],"curies":[{"name":"wp","href":"https:\/\/api.w.org\/{rel}","templated":true}]}}