{"id":7377,"date":"2020-10-26T18:39:06","date_gmt":"2020-10-26T17:39:06","guid":{"rendered":"https:\/\/editionsdudauphin.com\/livre\/uncategorized\/les-secrets-des-micro-algues"},"modified":"2023-02-24T12:34:05","modified_gmt":"2023-02-24T11:34:05","slug":"les-secrets-des-microalgues","status":"publish","type":"product","link":"https:\/\/editionsdudauphin.com\/en\/livre\/subjects\/health-wellness\/health\/cutting-edge-research\/les-secrets-des-microalgues","title":{"rendered":"Les secrets des microalgues"},"content":{"rendered":"<p>coming soon<\/p>\n","protected":false},"excerpt":{"rendered":"<p>coming soon<\/p>\n","protected":false},"featured_media":7376,"template":"","meta":{"_acf_changed":false,"wpupg_custom_link":[],"wpupg_custom_link_behaviour":[],"wpupg_custom_link_nofollow":[],"wpupg_custom_image":[],"wpupg_custom_image_id":[]},"product_brand":[],"product_cat":[161],"product_tag":[],"class_list":{"0":"post-7377","1":"product","2":"type-product","3":"status-publish","4":"has-post-thumbnail","6":"product_cat-cutting-edge-research","8":"first","9":"instock","10":"taxable","11":"shipping-taxable","12":"purchasable","13":"product-type-simple"},"acf":[],"yoast_head":"<!-- This site is optimized with the Yoast SEO plugin v27.3 - https:\/\/yoast.com\/product\/yoast-seo-wordpress\/ -->\n<title>Les secrets des microalgues - \u00c9ditions du Dauphin<\/title>\n<meta name=\"description\" content=\"Ce livre explique les bienfaits sant\u00e9 des micro-algues li\u00e9s aux recherches m\u00e9dicales et n&#039;oublie pas \u00e9galement celles li\u00e9es \u00e0 l&#039;avenir du biocarburant.\" \/>\n<meta name=\"robots\" content=\"index, follow, max-snippet:-1, max-image-preview:large, max-video-preview:-1\" \/>\n<link rel=\"canonical\" href=\"https:\/\/editionsdudauphin.com\/en\/livre\/subjects\/health-wellness\/health\/cutting-edge-research\/les-secrets-des-microalgues\" \/>\n<meta property=\"og:locale\" content=\"en_US\" \/>\n<meta property=\"og:type\" content=\"article\" \/>\n<meta property=\"og:title\" content=\"Les secrets des microalgues - \u00c9ditions du Dauphin\" \/>\n<meta property=\"og:description\" content=\"Ce livre explique les bienfaits sant\u00e9 des micro-algues li\u00e9s aux recherches m\u00e9dicales et n&#039;oublie pas \u00e9galement celles li\u00e9es \u00e0 l&#039;avenir du biocarburant.\" \/>\n<meta property=\"og:url\" content=\"https:\/\/editionsdudauphin.com\/en\/livre\/subjects\/health-wellness\/health\/cutting-edge-research\/les-secrets-des-microalgues\" \/>\n<meta property=\"og:site_name\" content=\"\u00c9ditions du Dauphin\" \/>\n<meta property=\"article:modified_time\" content=\"2023-02-24T11:34:05+00:00\" \/>\n<meta property=\"og:image\" content=\"https:\/\/editionsdudauphin.com\/wp-content\/uploads\/2020\/10\/9782716317528_microalgue.png\" \/>\n\t<meta property=\"og:image:width\" content=\"800\" \/>\n\t<meta property=\"og:image:height\" content=\"1178\" \/>\n\t<meta property=\"og:image:type\" content=\"image\/png\" \/>\n<meta name=\"twitter:card\" content=\"summary_large_image\" \/>\n<meta name=\"twitter:label1\" content=\"Est. reading time\" \/>\n\t<meta name=\"twitter:data1\" content=\"1 minute\" \/>\n<script type=\"application\/ld+json\" class=\"yoast-schema-graph\">{\"@context\":\"https:\\\/\\\/schema.org\",\"@graph\":[{\"@type\":\"WebPage\",\"@id\":\"https:\\\/\\\/editionsdudauphin.com\\\/en\\\/livre\\\/subjects\\\/health-wellness\\\/health\\\/cutting-edge-research\\\/les-secrets-des-microalgues\",\"url\":\"https:\\\/\\\/editionsdudauphin.com\\\/en\\\/livre\\\/subjects\\\/health-wellness\\\/health\\\/cutting-edge-research\\\/les-secrets-des-microalgues\",\"name\":\"Les secrets des microalgues - \u00c9ditions du Dauphin\",\"isPartOf\":{\"@id\":\"https:\\\/\\\/editionsdudauphin.com\\\/en#website\"},\"primaryImageOfPage\":{\"@id\":\"https:\\\/\\\/editionsdudauphin.com\\\/en\\\/livre\\\/subjects\\\/health-wellness\\\/health\\\/cutting-edge-research\\\/les-secrets-des-microalgues#primaryimage\"},\"image\":{\"@id\":\"https:\\\/\\\/editionsdudauphin.com\\\/en\\\/livre\\\/subjects\\\/health-wellness\\\/health\\\/cutting-edge-research\\\/les-secrets-des-microalgues#primaryimage\"},\"thumbnailUrl\":\"https:\\\/\\\/editionsdudauphin.com\\\/wp-content\\\/uploads\\\/2020\\\/10\\\/9782716317528_microalgue.png\",\"datePublished\":\"2020-10-26T17:39:06+00:00\",\"dateModified\":\"2023-02-24T11:34:05+00:00\",\"description\":\"Ce livre explique les bienfaits sant\u00e9 des micro-algues li\u00e9s aux recherches m\u00e9dicales et n'oublie pas \u00e9galement celles li\u00e9es \u00e0 l'avenir du biocarburant.\",\"breadcrumb\":{\"@id\":\"https:\\\/\\\/editionsdudauphin.com\\\/en\\\/livre\\\/subjects\\\/health-wellness\\\/health\\\/cutting-edge-research\\\/les-secrets-des-microalgues#breadcrumb\"},\"inLanguage\":\"en-US\",\"potentialAction\":[{\"@type\":\"ReadAction\",\"target\":[\"https:\\\/\\\/editionsdudauphin.com\\\/en\\\/livre\\\/subjects\\\/health-wellness\\\/health\\\/cutting-edge-research\\\/les-secrets-des-microalgues\"]}]},{\"@type\":\"ImageObject\",\"inLanguage\":\"en-US\",\"@id\":\"https:\\\/\\\/editionsdudauphin.com\\\/en\\\/livre\\\/subjects\\\/health-wellness\\\/health\\\/cutting-edge-research\\\/les-secrets-des-microalgues#primaryimage\",\"url\":\"https:\\\/\\\/editionsdudauphin.com\\\/wp-content\\\/uploads\\\/2020\\\/10\\\/9782716317528_microalgue.png\",\"contentUrl\":\"https:\\\/\\\/editionsdudauphin.com\\\/wp-content\\\/uploads\\\/2020\\\/10\\\/9782716317528_microalgue.png\",\"width\":800,\"height\":1178,\"caption\":\"Les secrets des micro-algues\"},{\"@type\":\"BreadcrumbList\",\"@id\":\"https:\\\/\\\/editionsdudauphin.com\\\/en\\\/livre\\\/subjects\\\/health-wellness\\\/health\\\/cutting-edge-research\\\/les-secrets-des-microalgues#breadcrumb\",\"itemListElement\":[{\"@type\":\"ListItem\",\"position\":1,\"name\":\"Accueil\",\"item\":\"https:\\\/\\\/editionsdudauphin.com\\\/en\"},{\"@type\":\"ListItem\",\"position\":2,\"name\":\"Boutique\",\"item\":\"https:\\\/\\\/editionsdudauphin.com\\\/boutique\"},{\"@type\":\"ListItem\",\"position\":3,\"name\":\"Les secrets des microalgues\"}]},{\"@type\":\"WebSite\",\"@id\":\"https:\\\/\\\/editionsdudauphin.com\\\/en#website\",\"url\":\"https:\\\/\\\/editionsdudauphin.com\\\/en\",\"name\":\"\u00c9ditions du Dauphin\",\"description\":\"\",\"potentialAction\":[{\"@type\":\"SearchAction\",\"target\":{\"@type\":\"EntryPoint\",\"urlTemplate\":\"https:\\\/\\\/editionsdudauphin.com\\\/en?s={search_term_string}\"},\"query-input\":{\"@type\":\"PropertyValueSpecification\",\"valueRequired\":true,\"valueName\":\"search_term_string\"}}],\"inLanguage\":\"en-US\"}]}<\/script>\n<!-- \/ Yoast SEO plugin. -->","yoast_head_json":{"title":"Les secrets des microalgues - \u00c9ditions du Dauphin","description":"Ce livre explique les bienfaits sant\u00e9 des micro-algues li\u00e9s aux recherches m\u00e9dicales et n'oublie pas \u00e9galement celles li\u00e9es \u00e0 l'avenir du biocarburant.","robots":{"index":"index","follow":"follow","max-snippet":"max-snippet:-1","max-image-preview":"max-image-preview:large","max-video-preview":"max-video-preview:-1"},"canonical":"https:\/\/editionsdudauphin.com\/en\/livre\/subjects\/health-wellness\/health\/cutting-edge-research\/les-secrets-des-microalgues","og_locale":"en_US","og_type":"article","og_title":"Les secrets des microalgues - \u00c9ditions du Dauphin","og_description":"Ce livre explique les bienfaits sant\u00e9 des micro-algues li\u00e9s aux recherches m\u00e9dicales et n'oublie pas \u00e9galement celles li\u00e9es \u00e0 l'avenir du biocarburant.","og_url":"https:\/\/editionsdudauphin.com\/en\/livre\/subjects\/health-wellness\/health\/cutting-edge-research\/les-secrets-des-microalgues","og_site_name":"\u00c9ditions du Dauphin","article_modified_time":"2023-02-24T11:34:05+00:00","og_image":[{"width":800,"height":1178,"url":"https:\/\/editionsdudauphin.com\/wp-content\/uploads\/2020\/10\/9782716317528_microalgue.png","type":"image\/png"}],"twitter_card":"summary_large_image","twitter_misc":{"Est. reading time":"1 minute"},"schema":{"@context":"https:\/\/schema.org","@graph":[{"@type":"WebPage","@id":"https:\/\/editionsdudauphin.com\/en\/livre\/subjects\/health-wellness\/health\/cutting-edge-research\/les-secrets-des-microalgues","url":"https:\/\/editionsdudauphin.com\/en\/livre\/subjects\/health-wellness\/health\/cutting-edge-research\/les-secrets-des-microalgues","name":"Les secrets des microalgues - \u00c9ditions du Dauphin","isPartOf":{"@id":"https:\/\/editionsdudauphin.com\/en#website"},"primaryImageOfPage":{"@id":"https:\/\/editionsdudauphin.com\/en\/livre\/subjects\/health-wellness\/health\/cutting-edge-research\/les-secrets-des-microalgues#primaryimage"},"image":{"@id":"https:\/\/editionsdudauphin.com\/en\/livre\/subjects\/health-wellness\/health\/cutting-edge-research\/les-secrets-des-microalgues#primaryimage"},"thumbnailUrl":"https:\/\/editionsdudauphin.com\/wp-content\/uploads\/2020\/10\/9782716317528_microalgue.png","datePublished":"2020-10-26T17:39:06+00:00","dateModified":"2023-02-24T11:34:05+00:00","description":"Ce livre explique les bienfaits sant\u00e9 des micro-algues li\u00e9s aux recherches m\u00e9dicales et n'oublie pas \u00e9galement celles li\u00e9es \u00e0 l'avenir du biocarburant.","breadcrumb":{"@id":"https:\/\/editionsdudauphin.com\/en\/livre\/subjects\/health-wellness\/health\/cutting-edge-research\/les-secrets-des-microalgues#breadcrumb"},"inLanguage":"en-US","potentialAction":[{"@type":"ReadAction","target":["https:\/\/editionsdudauphin.com\/en\/livre\/subjects\/health-wellness\/health\/cutting-edge-research\/les-secrets-des-microalgues"]}]},{"@type":"ImageObject","inLanguage":"en-US","@id":"https:\/\/editionsdudauphin.com\/en\/livre\/subjects\/health-wellness\/health\/cutting-edge-research\/les-secrets-des-microalgues#primaryimage","url":"https:\/\/editionsdudauphin.com\/wp-content\/uploads\/2020\/10\/9782716317528_microalgue.png","contentUrl":"https:\/\/editionsdudauphin.com\/wp-content\/uploads\/2020\/10\/9782716317528_microalgue.png","width":800,"height":1178,"caption":"Les secrets des micro-algues"},{"@type":"BreadcrumbList","@id":"https:\/\/editionsdudauphin.com\/en\/livre\/subjects\/health-wellness\/health\/cutting-edge-research\/les-secrets-des-microalgues#breadcrumb","itemListElement":[{"@type":"ListItem","position":1,"name":"Accueil","item":"https:\/\/editionsdudauphin.com\/en"},{"@type":"ListItem","position":2,"name":"Boutique","item":"https:\/\/editionsdudauphin.com\/boutique"},{"@type":"ListItem","position":3,"name":"Les secrets des microalgues"}]},{"@type":"WebSite","@id":"https:\/\/editionsdudauphin.com\/en#website","url":"https:\/\/editionsdudauphin.com\/en","name":"\u00c9ditions du Dauphin","description":"","potentialAction":[{"@type":"SearchAction","target":{"@type":"EntryPoint","urlTemplate":"https:\/\/editionsdudauphin.com\/en?s={search_term_string}"},"query-input":{"@type":"PropertyValueSpecification","valueRequired":true,"valueName":"search_term_string"}}],"inLanguage":"en-US"}]}},"_links":{"self":[{"href":"https:\/\/editionsdudauphin.com\/en\/wp-json\/wp\/v2\/product\/7377","targetHints":{"allow":["GET"]}}],"collection":[{"href":"https:\/\/editionsdudauphin.com\/en\/wp-json\/wp\/v2\/product"}],"about":[{"href":"https:\/\/editionsdudauphin.com\/en\/wp-json\/wp\/v2\/types\/product"}],"wp:featuredmedia":[{"embeddable":true,"href":"https:\/\/editionsdudauphin.com\/en\/wp-json\/wp\/v2\/media\/7376"}],"wp:attachment":[{"href":"https:\/\/editionsdudauphin.com\/en\/wp-json\/wp\/v2\/media?parent=7377"}],"wp:term":[{"taxonomy":"product_brand","embeddable":true,"href":"https:\/\/editionsdudauphin.com\/en\/wp-json\/wp\/v2\/product_brand?post=7377"},{"taxonomy":"product_cat","embeddable":true,"href":"https:\/\/editionsdudauphin.com\/en\/wp-json\/wp\/v2\/product_cat?post=7377"},{"taxonomy":"product_tag","embeddable":true,"href":"https:\/\/editionsdudauphin.com\/en\/wp-json\/wp\/v2\/product_tag?post=7377"}],"curies":[{"name":"wp","href":"https:\/\/api.w.org\/{rel}","templated":true}]}}