{"id":7905,"date":"2020-11-20T13:04:13","date_gmt":"2020-11-20T12:04:13","guid":{"rendered":"https:\/\/editionsdudauphin.com\/livre\/uncategorized\/la-pouvoir-cache-des-arbres"},"modified":"2020-11-20T14:43:38","modified_gmt":"2020-11-20T13:43:38","slug":"la-pouvoir-cache-des-arbres","status":"publish","type":"product","link":"https:\/\/editionsdudauphin.com\/en\/livre\/subjects\/everyday-life\/nature-en\/la-pouvoir-cache-des-arbres","title":{"rendered":"La pouvoir cach\u00e9 des arbres"},"content":{"rendered":"<p>Coming soon<\/p>\n","protected":false},"excerpt":{"rendered":"<p>Coming soon<\/p>\n","protected":false},"featured_media":8900,"template":"","meta":{"_acf_changed":false,"wpupg_custom_link":[],"wpupg_custom_link_behaviour":[],"wpupg_custom_link_nofollow":[],"wpupg_custom_image":[],"wpupg_custom_image_id":[]},"product_brand":[],"product_cat":[189],"product_tag":[],"class_list":{"0":"post-7905","1":"product","2":"type-product","3":"status-publish","4":"has-post-thumbnail","6":"product_cat-nature-en","8":"first","9":"instock","10":"taxable","11":"shipping-taxable","12":"purchasable","13":"product-type-simple"},"acf":[],"yoast_head":"<!-- This site is optimized with the Yoast SEO plugin v27.3 - https:\/\/yoast.com\/product\/yoast-seo-wordpress\/ -->\n<title>La pouvoir cach\u00e9 des arbres - \u00c9ditions du Dauphin<\/title>\n<meta name=\"description\" content=\"Ce livre illustr\u00e9 pr\u00e9sente les pouvoirs surprenants et cach\u00e9s de 40 arbres ainsi que 120 ateliers famille \u00e0 faire en for\u00eat.\" \/>\n<meta name=\"robots\" content=\"index, follow, max-snippet:-1, max-image-preview:large, max-video-preview:-1\" \/>\n<link rel=\"canonical\" href=\"https:\/\/editionsdudauphin.com\/en\/livre\/subjects\/everyday-life\/nature-en\/la-pouvoir-cache-des-arbres\" \/>\n<meta property=\"og:locale\" content=\"en_US\" \/>\n<meta property=\"og:type\" content=\"article\" \/>\n<meta property=\"og:title\" content=\"La pouvoir cach\u00e9 des arbres - \u00c9ditions du Dauphin\" \/>\n<meta property=\"og:description\" content=\"Ce livre illustr\u00e9 pr\u00e9sente les pouvoirs surprenants et cach\u00e9s de 40 arbres ainsi que 120 ateliers famille \u00e0 faire en for\u00eat.\" \/>\n<meta property=\"og:url\" content=\"https:\/\/editionsdudauphin.com\/en\/livre\/subjects\/everyday-life\/nature-en\/la-pouvoir-cache-des-arbres\" \/>\n<meta property=\"og:site_name\" content=\"\u00c9ditions du Dauphin\" \/>\n<meta property=\"article:modified_time\" content=\"2020-11-20T13:43:38+00:00\" \/>\n<meta property=\"og:image\" content=\"https:\/\/editionsdudauphin.com\/wp-content\/uploads\/2020\/11\/9782716317580_arbres_sylvotherapie.jpg\" \/>\n\t<meta property=\"og:image:width\" content=\"800\" \/>\n\t<meta property=\"og:image:height\" content=\"909\" \/>\n\t<meta property=\"og:image:type\" content=\"image\/jpeg\" \/>\n<meta name=\"twitter:card\" content=\"summary_large_image\" \/>\n<script type=\"application\/ld+json\" class=\"yoast-schema-graph\">{\"@context\":\"https:\\\/\\\/schema.org\",\"@graph\":[{\"@type\":\"WebPage\",\"@id\":\"https:\\\/\\\/editionsdudauphin.com\\\/en\\\/livre\\\/subjects\\\/everyday-life\\\/nature-en\\\/la-pouvoir-cache-des-arbres\",\"url\":\"https:\\\/\\\/editionsdudauphin.com\\\/en\\\/livre\\\/subjects\\\/everyday-life\\\/nature-en\\\/la-pouvoir-cache-des-arbres\",\"name\":\"La pouvoir cach\u00e9 des arbres - \u00c9ditions du Dauphin\",\"isPartOf\":{\"@id\":\"https:\\\/\\\/editionsdudauphin.com\\\/en#website\"},\"primaryImageOfPage\":{\"@id\":\"https:\\\/\\\/editionsdudauphin.com\\\/en\\\/livre\\\/subjects\\\/everyday-life\\\/nature-en\\\/la-pouvoir-cache-des-arbres#primaryimage\"},\"image\":{\"@id\":\"https:\\\/\\\/editionsdudauphin.com\\\/en\\\/livre\\\/subjects\\\/everyday-life\\\/nature-en\\\/la-pouvoir-cache-des-arbres#primaryimage\"},\"thumbnailUrl\":\"https:\\\/\\\/editionsdudauphin.com\\\/wp-content\\\/uploads\\\/2020\\\/11\\\/9782716317580_arbres_sylvotherapie.jpg\",\"datePublished\":\"2020-11-20T12:04:13+00:00\",\"dateModified\":\"2020-11-20T13:43:38+00:00\",\"description\":\"Ce livre illustr\u00e9 pr\u00e9sente les pouvoirs surprenants et cach\u00e9s de 40 arbres ainsi que 120 ateliers famille \u00e0 faire en for\u00eat.\",\"breadcrumb\":{\"@id\":\"https:\\\/\\\/editionsdudauphin.com\\\/en\\\/livre\\\/subjects\\\/everyday-life\\\/nature-en\\\/la-pouvoir-cache-des-arbres#breadcrumb\"},\"inLanguage\":\"en-US\",\"potentialAction\":[{\"@type\":\"ReadAction\",\"target\":[\"https:\\\/\\\/editionsdudauphin.com\\\/en\\\/livre\\\/subjects\\\/everyday-life\\\/nature-en\\\/la-pouvoir-cache-des-arbres\"]}]},{\"@type\":\"ImageObject\",\"inLanguage\":\"en-US\",\"@id\":\"https:\\\/\\\/editionsdudauphin.com\\\/en\\\/livre\\\/subjects\\\/everyday-life\\\/nature-en\\\/la-pouvoir-cache-des-arbres#primaryimage\",\"url\":\"https:\\\/\\\/editionsdudauphin.com\\\/wp-content\\\/uploads\\\/2020\\\/11\\\/9782716317580_arbres_sylvotherapie.jpg\",\"contentUrl\":\"https:\\\/\\\/editionsdudauphin.com\\\/wp-content\\\/uploads\\\/2020\\\/11\\\/9782716317580_arbres_sylvotherapie.jpg\",\"width\":800,\"height\":909,\"caption\":\"le pouvoir cach\u00e9 des arbres\"},{\"@type\":\"BreadcrumbList\",\"@id\":\"https:\\\/\\\/editionsdudauphin.com\\\/en\\\/livre\\\/subjects\\\/everyday-life\\\/nature-en\\\/la-pouvoir-cache-des-arbres#breadcrumb\",\"itemListElement\":[{\"@type\":\"ListItem\",\"position\":1,\"name\":\"Accueil\",\"item\":\"https:\\\/\\\/editionsdudauphin.com\\\/en\"},{\"@type\":\"ListItem\",\"position\":2,\"name\":\"Boutique\",\"item\":\"https:\\\/\\\/editionsdudauphin.com\\\/boutique\"},{\"@type\":\"ListItem\",\"position\":3,\"name\":\"La pouvoir cach\u00e9 des arbres\"}]},{\"@type\":\"WebSite\",\"@id\":\"https:\\\/\\\/editionsdudauphin.com\\\/en#website\",\"url\":\"https:\\\/\\\/editionsdudauphin.com\\\/en\",\"name\":\"\u00c9ditions du Dauphin\",\"description\":\"\",\"potentialAction\":[{\"@type\":\"SearchAction\",\"target\":{\"@type\":\"EntryPoint\",\"urlTemplate\":\"https:\\\/\\\/editionsdudauphin.com\\\/en?s={search_term_string}\"},\"query-input\":{\"@type\":\"PropertyValueSpecification\",\"valueRequired\":true,\"valueName\":\"search_term_string\"}}],\"inLanguage\":\"en-US\"}]}<\/script>\n<!-- \/ Yoast SEO plugin. -->","yoast_head_json":{"title":"La pouvoir cach\u00e9 des arbres - \u00c9ditions du Dauphin","description":"Ce livre illustr\u00e9 pr\u00e9sente les pouvoirs surprenants et cach\u00e9s de 40 arbres ainsi que 120 ateliers famille \u00e0 faire en for\u00eat.","robots":{"index":"index","follow":"follow","max-snippet":"max-snippet:-1","max-image-preview":"max-image-preview:large","max-video-preview":"max-video-preview:-1"},"canonical":"https:\/\/editionsdudauphin.com\/en\/livre\/subjects\/everyday-life\/nature-en\/la-pouvoir-cache-des-arbres","og_locale":"en_US","og_type":"article","og_title":"La pouvoir cach\u00e9 des arbres - \u00c9ditions du Dauphin","og_description":"Ce livre illustr\u00e9 pr\u00e9sente les pouvoirs surprenants et cach\u00e9s de 40 arbres ainsi que 120 ateliers famille \u00e0 faire en for\u00eat.","og_url":"https:\/\/editionsdudauphin.com\/en\/livre\/subjects\/everyday-life\/nature-en\/la-pouvoir-cache-des-arbres","og_site_name":"\u00c9ditions du Dauphin","article_modified_time":"2020-11-20T13:43:38+00:00","og_image":[{"width":800,"height":909,"url":"https:\/\/editionsdudauphin.com\/wp-content\/uploads\/2020\/11\/9782716317580_arbres_sylvotherapie.jpg","type":"image\/jpeg"}],"twitter_card":"summary_large_image","schema":{"@context":"https:\/\/schema.org","@graph":[{"@type":"WebPage","@id":"https:\/\/editionsdudauphin.com\/en\/livre\/subjects\/everyday-life\/nature-en\/la-pouvoir-cache-des-arbres","url":"https:\/\/editionsdudauphin.com\/en\/livre\/subjects\/everyday-life\/nature-en\/la-pouvoir-cache-des-arbres","name":"La pouvoir cach\u00e9 des arbres - \u00c9ditions du Dauphin","isPartOf":{"@id":"https:\/\/editionsdudauphin.com\/en#website"},"primaryImageOfPage":{"@id":"https:\/\/editionsdudauphin.com\/en\/livre\/subjects\/everyday-life\/nature-en\/la-pouvoir-cache-des-arbres#primaryimage"},"image":{"@id":"https:\/\/editionsdudauphin.com\/en\/livre\/subjects\/everyday-life\/nature-en\/la-pouvoir-cache-des-arbres#primaryimage"},"thumbnailUrl":"https:\/\/editionsdudauphin.com\/wp-content\/uploads\/2020\/11\/9782716317580_arbres_sylvotherapie.jpg","datePublished":"2020-11-20T12:04:13+00:00","dateModified":"2020-11-20T13:43:38+00:00","description":"Ce livre illustr\u00e9 pr\u00e9sente les pouvoirs surprenants et cach\u00e9s de 40 arbres ainsi que 120 ateliers famille \u00e0 faire en for\u00eat.","breadcrumb":{"@id":"https:\/\/editionsdudauphin.com\/en\/livre\/subjects\/everyday-life\/nature-en\/la-pouvoir-cache-des-arbres#breadcrumb"},"inLanguage":"en-US","potentialAction":[{"@type":"ReadAction","target":["https:\/\/editionsdudauphin.com\/en\/livre\/subjects\/everyday-life\/nature-en\/la-pouvoir-cache-des-arbres"]}]},{"@type":"ImageObject","inLanguage":"en-US","@id":"https:\/\/editionsdudauphin.com\/en\/livre\/subjects\/everyday-life\/nature-en\/la-pouvoir-cache-des-arbres#primaryimage","url":"https:\/\/editionsdudauphin.com\/wp-content\/uploads\/2020\/11\/9782716317580_arbres_sylvotherapie.jpg","contentUrl":"https:\/\/editionsdudauphin.com\/wp-content\/uploads\/2020\/11\/9782716317580_arbres_sylvotherapie.jpg","width":800,"height":909,"caption":"le pouvoir cach\u00e9 des arbres"},{"@type":"BreadcrumbList","@id":"https:\/\/editionsdudauphin.com\/en\/livre\/subjects\/everyday-life\/nature-en\/la-pouvoir-cache-des-arbres#breadcrumb","itemListElement":[{"@type":"ListItem","position":1,"name":"Accueil","item":"https:\/\/editionsdudauphin.com\/en"},{"@type":"ListItem","position":2,"name":"Boutique","item":"https:\/\/editionsdudauphin.com\/boutique"},{"@type":"ListItem","position":3,"name":"La pouvoir cach\u00e9 des arbres"}]},{"@type":"WebSite","@id":"https:\/\/editionsdudauphin.com\/en#website","url":"https:\/\/editionsdudauphin.com\/en","name":"\u00c9ditions du Dauphin","description":"","potentialAction":[{"@type":"SearchAction","target":{"@type":"EntryPoint","urlTemplate":"https:\/\/editionsdudauphin.com\/en?s={search_term_string}"},"query-input":{"@type":"PropertyValueSpecification","valueRequired":true,"valueName":"search_term_string"}}],"inLanguage":"en-US"}]}},"_links":{"self":[{"href":"https:\/\/editionsdudauphin.com\/en\/wp-json\/wp\/v2\/product\/7905","targetHints":{"allow":["GET"]}}],"collection":[{"href":"https:\/\/editionsdudauphin.com\/en\/wp-json\/wp\/v2\/product"}],"about":[{"href":"https:\/\/editionsdudauphin.com\/en\/wp-json\/wp\/v2\/types\/product"}],"wp:featuredmedia":[{"embeddable":true,"href":"https:\/\/editionsdudauphin.com\/en\/wp-json\/wp\/v2\/media\/8900"}],"wp:attachment":[{"href":"https:\/\/editionsdudauphin.com\/en\/wp-json\/wp\/v2\/media?parent=7905"}],"wp:term":[{"taxonomy":"product_brand","embeddable":true,"href":"https:\/\/editionsdudauphin.com\/en\/wp-json\/wp\/v2\/product_brand?post=7905"},{"taxonomy":"product_cat","embeddable":true,"href":"https:\/\/editionsdudauphin.com\/en\/wp-json\/wp\/v2\/product_cat?post=7905"},{"taxonomy":"product_tag","embeddable":true,"href":"https:\/\/editionsdudauphin.com\/en\/wp-json\/wp\/v2\/product_tag?post=7905"}],"curies":[{"name":"wp","href":"https:\/\/api.w.org\/{rel}","templated":true}]}}