{"id":7964,"date":"2020-11-26T19:33:09","date_gmt":"2020-11-26T18:33:09","guid":{"rendered":"https:\/\/editionsdudauphin.com\/livre\/uncategorized\/sur-le-chemin-du-bouddha"},"modified":"2020-11-26T19:35:04","modified_gmt":"2020-11-26T18:35:04","slug":"sur-le-chemin-du-bouddha","status":"publish","type":"product","link":"https:\/\/editionsdudauphin.com\/en\/livre\/subjects\/spirituality-esoterism\/spirituality\/religions-en\/sur-le-chemin-du-bouddha","title":{"rendered":"Sur le chemin du Bouddha"},"content":{"rendered":"<p>Coming soon<\/p>\n","protected":false},"excerpt":{"rendered":"<p>Coming soon<\/p>\n","protected":false},"featured_media":7963,"template":"","meta":{"_acf_changed":false,"wpupg_custom_link":[],"wpupg_custom_link_behaviour":[],"wpupg_custom_link_nofollow":[],"wpupg_custom_image":[],"wpupg_custom_image_id":[]},"product_brand":[],"product_cat":[176],"product_tag":[],"class_list":{"0":"post-7964","1":"product","2":"type-product","3":"status-publish","4":"has-post-thumbnail","6":"product_cat-religions-en","8":"first","9":"instock","10":"taxable","11":"shipping-taxable","12":"purchasable","13":"product-type-simple"},"acf":[],"yoast_head":"<!-- This site is optimized with the Yoast SEO plugin v27.3 - https:\/\/yoast.com\/product\/yoast-seo-wordpress\/ -->\n<title>Sur le chemin du Bouddha - \u00c9ditions du Dauphin<\/title>\n<meta name=\"description\" content=\"Ce livre d\u00e9crit les 4 nobles v\u00e9rit\u00e9s et les huit pratiques justes du chemin du milieu instaur\u00e9 par Bouddha. Les comprendre, c&#039;est s&#039;en inspirer au quotidien\" \/>\n<meta name=\"robots\" content=\"index, follow, max-snippet:-1, max-image-preview:large, max-video-preview:-1\" \/>\n<link rel=\"canonical\" href=\"https:\/\/editionsdudauphin.com\/en\/livre\/subjects\/spirituality-esoterism\/spirituality\/religions-en\/sur-le-chemin-du-bouddha\" \/>\n<meta property=\"og:locale\" content=\"en_US\" \/>\n<meta property=\"og:type\" content=\"article\" \/>\n<meta property=\"og:title\" content=\"Sur le chemin du Bouddha - \u00c9ditions du Dauphin\" \/>\n<meta property=\"og:description\" content=\"Ce livre d\u00e9crit les 4 nobles v\u00e9rit\u00e9s et les huit pratiques justes du chemin du milieu instaur\u00e9 par Bouddha. Les comprendre, c&#039;est s&#039;en inspirer au quotidien\" \/>\n<meta property=\"og:url\" content=\"https:\/\/editionsdudauphin.com\/en\/livre\/subjects\/spirituality-esoterism\/spirituality\/religions-en\/sur-le-chemin-du-bouddha\" \/>\n<meta property=\"og:site_name\" content=\"\u00c9ditions du Dauphin\" \/>\n<meta property=\"article:modified_time\" content=\"2020-11-26T18:35:04+00:00\" \/>\n<meta property=\"og:image\" content=\"https:\/\/editionsdudauphin.com\/wp-content\/uploads\/2020\/11\/9782716317221_bouddha.png\" \/>\n\t<meta property=\"og:image:width\" content=\"800\" \/>\n\t<meta property=\"og:image:height\" content=\"1199\" \/>\n\t<meta property=\"og:image:type\" content=\"image\/png\" \/>\n<meta name=\"twitter:card\" content=\"summary_large_image\" \/>\n<script type=\"application\/ld+json\" class=\"yoast-schema-graph\">{\"@context\":\"https:\\\/\\\/schema.org\",\"@graph\":[{\"@type\":\"WebPage\",\"@id\":\"https:\\\/\\\/editionsdudauphin.com\\\/en\\\/livre\\\/subjects\\\/spirituality-esoterism\\\/spirituality\\\/religions-en\\\/sur-le-chemin-du-bouddha\",\"url\":\"https:\\\/\\\/editionsdudauphin.com\\\/en\\\/livre\\\/subjects\\\/spirituality-esoterism\\\/spirituality\\\/religions-en\\\/sur-le-chemin-du-bouddha\",\"name\":\"Sur le chemin du Bouddha - \u00c9ditions du Dauphin\",\"isPartOf\":{\"@id\":\"https:\\\/\\\/editionsdudauphin.com\\\/en#website\"},\"primaryImageOfPage\":{\"@id\":\"https:\\\/\\\/editionsdudauphin.com\\\/en\\\/livre\\\/subjects\\\/spirituality-esoterism\\\/spirituality\\\/religions-en\\\/sur-le-chemin-du-bouddha#primaryimage\"},\"image\":{\"@id\":\"https:\\\/\\\/editionsdudauphin.com\\\/en\\\/livre\\\/subjects\\\/spirituality-esoterism\\\/spirituality\\\/religions-en\\\/sur-le-chemin-du-bouddha#primaryimage\"},\"thumbnailUrl\":\"https:\\\/\\\/editionsdudauphin.com\\\/wp-content\\\/uploads\\\/2020\\\/11\\\/9782716317221_bouddha.png\",\"datePublished\":\"2020-11-26T18:33:09+00:00\",\"dateModified\":\"2020-11-26T18:35:04+00:00\",\"description\":\"Ce livre d\u00e9crit les 4 nobles v\u00e9rit\u00e9s et les huit pratiques justes du chemin du milieu instaur\u00e9 par Bouddha. Les comprendre, c'est s'en inspirer au quotidien\",\"breadcrumb\":{\"@id\":\"https:\\\/\\\/editionsdudauphin.com\\\/en\\\/livre\\\/subjects\\\/spirituality-esoterism\\\/spirituality\\\/religions-en\\\/sur-le-chemin-du-bouddha#breadcrumb\"},\"inLanguage\":\"en-US\",\"potentialAction\":[{\"@type\":\"ReadAction\",\"target\":[\"https:\\\/\\\/editionsdudauphin.com\\\/en\\\/livre\\\/subjects\\\/spirituality-esoterism\\\/spirituality\\\/religions-en\\\/sur-le-chemin-du-bouddha\"]}]},{\"@type\":\"ImageObject\",\"inLanguage\":\"en-US\",\"@id\":\"https:\\\/\\\/editionsdudauphin.com\\\/en\\\/livre\\\/subjects\\\/spirituality-esoterism\\\/spirituality\\\/religions-en\\\/sur-le-chemin-du-bouddha#primaryimage\",\"url\":\"https:\\\/\\\/editionsdudauphin.com\\\/wp-content\\\/uploads\\\/2020\\\/11\\\/9782716317221_bouddha.png\",\"contentUrl\":\"https:\\\/\\\/editionsdudauphin.com\\\/wp-content\\\/uploads\\\/2020\\\/11\\\/9782716317221_bouddha.png\",\"width\":800,\"height\":1199,\"caption\":\"Sur le chemin du Bouddha\"},{\"@type\":\"BreadcrumbList\",\"@id\":\"https:\\\/\\\/editionsdudauphin.com\\\/en\\\/livre\\\/subjects\\\/spirituality-esoterism\\\/spirituality\\\/religions-en\\\/sur-le-chemin-du-bouddha#breadcrumb\",\"itemListElement\":[{\"@type\":\"ListItem\",\"position\":1,\"name\":\"Accueil\",\"item\":\"https:\\\/\\\/editionsdudauphin.com\\\/en\"},{\"@type\":\"ListItem\",\"position\":2,\"name\":\"Boutique\",\"item\":\"https:\\\/\\\/editionsdudauphin.com\\\/boutique\"},{\"@type\":\"ListItem\",\"position\":3,\"name\":\"Sur le chemin du Bouddha\"}]},{\"@type\":\"WebSite\",\"@id\":\"https:\\\/\\\/editionsdudauphin.com\\\/en#website\",\"url\":\"https:\\\/\\\/editionsdudauphin.com\\\/en\",\"name\":\"\u00c9ditions du Dauphin\",\"description\":\"\",\"potentialAction\":[{\"@type\":\"SearchAction\",\"target\":{\"@type\":\"EntryPoint\",\"urlTemplate\":\"https:\\\/\\\/editionsdudauphin.com\\\/en?s={search_term_string}\"},\"query-input\":{\"@type\":\"PropertyValueSpecification\",\"valueRequired\":true,\"valueName\":\"search_term_string\"}}],\"inLanguage\":\"en-US\"}]}<\/script>\n<!-- \/ Yoast SEO plugin. -->","yoast_head_json":{"title":"Sur le chemin du Bouddha - \u00c9ditions du Dauphin","description":"Ce livre d\u00e9crit les 4 nobles v\u00e9rit\u00e9s et les huit pratiques justes du chemin du milieu instaur\u00e9 par Bouddha. Les comprendre, c'est s'en inspirer au quotidien","robots":{"index":"index","follow":"follow","max-snippet":"max-snippet:-1","max-image-preview":"max-image-preview:large","max-video-preview":"max-video-preview:-1"},"canonical":"https:\/\/editionsdudauphin.com\/en\/livre\/subjects\/spirituality-esoterism\/spirituality\/religions-en\/sur-le-chemin-du-bouddha","og_locale":"en_US","og_type":"article","og_title":"Sur le chemin du Bouddha - \u00c9ditions du Dauphin","og_description":"Ce livre d\u00e9crit les 4 nobles v\u00e9rit\u00e9s et les huit pratiques justes du chemin du milieu instaur\u00e9 par Bouddha. Les comprendre, c'est s'en inspirer au quotidien","og_url":"https:\/\/editionsdudauphin.com\/en\/livre\/subjects\/spirituality-esoterism\/spirituality\/religions-en\/sur-le-chemin-du-bouddha","og_site_name":"\u00c9ditions du Dauphin","article_modified_time":"2020-11-26T18:35:04+00:00","og_image":[{"width":800,"height":1199,"url":"https:\/\/editionsdudauphin.com\/wp-content\/uploads\/2020\/11\/9782716317221_bouddha.png","type":"image\/png"}],"twitter_card":"summary_large_image","schema":{"@context":"https:\/\/schema.org","@graph":[{"@type":"WebPage","@id":"https:\/\/editionsdudauphin.com\/en\/livre\/subjects\/spirituality-esoterism\/spirituality\/religions-en\/sur-le-chemin-du-bouddha","url":"https:\/\/editionsdudauphin.com\/en\/livre\/subjects\/spirituality-esoterism\/spirituality\/religions-en\/sur-le-chemin-du-bouddha","name":"Sur le chemin du Bouddha - \u00c9ditions du Dauphin","isPartOf":{"@id":"https:\/\/editionsdudauphin.com\/en#website"},"primaryImageOfPage":{"@id":"https:\/\/editionsdudauphin.com\/en\/livre\/subjects\/spirituality-esoterism\/spirituality\/religions-en\/sur-le-chemin-du-bouddha#primaryimage"},"image":{"@id":"https:\/\/editionsdudauphin.com\/en\/livre\/subjects\/spirituality-esoterism\/spirituality\/religions-en\/sur-le-chemin-du-bouddha#primaryimage"},"thumbnailUrl":"https:\/\/editionsdudauphin.com\/wp-content\/uploads\/2020\/11\/9782716317221_bouddha.png","datePublished":"2020-11-26T18:33:09+00:00","dateModified":"2020-11-26T18:35:04+00:00","description":"Ce livre d\u00e9crit les 4 nobles v\u00e9rit\u00e9s et les huit pratiques justes du chemin du milieu instaur\u00e9 par Bouddha. Les comprendre, c'est s'en inspirer au quotidien","breadcrumb":{"@id":"https:\/\/editionsdudauphin.com\/en\/livre\/subjects\/spirituality-esoterism\/spirituality\/religions-en\/sur-le-chemin-du-bouddha#breadcrumb"},"inLanguage":"en-US","potentialAction":[{"@type":"ReadAction","target":["https:\/\/editionsdudauphin.com\/en\/livre\/subjects\/spirituality-esoterism\/spirituality\/religions-en\/sur-le-chemin-du-bouddha"]}]},{"@type":"ImageObject","inLanguage":"en-US","@id":"https:\/\/editionsdudauphin.com\/en\/livre\/subjects\/spirituality-esoterism\/spirituality\/religions-en\/sur-le-chemin-du-bouddha#primaryimage","url":"https:\/\/editionsdudauphin.com\/wp-content\/uploads\/2020\/11\/9782716317221_bouddha.png","contentUrl":"https:\/\/editionsdudauphin.com\/wp-content\/uploads\/2020\/11\/9782716317221_bouddha.png","width":800,"height":1199,"caption":"Sur le chemin du Bouddha"},{"@type":"BreadcrumbList","@id":"https:\/\/editionsdudauphin.com\/en\/livre\/subjects\/spirituality-esoterism\/spirituality\/religions-en\/sur-le-chemin-du-bouddha#breadcrumb","itemListElement":[{"@type":"ListItem","position":1,"name":"Accueil","item":"https:\/\/editionsdudauphin.com\/en"},{"@type":"ListItem","position":2,"name":"Boutique","item":"https:\/\/editionsdudauphin.com\/boutique"},{"@type":"ListItem","position":3,"name":"Sur le chemin du Bouddha"}]},{"@type":"WebSite","@id":"https:\/\/editionsdudauphin.com\/en#website","url":"https:\/\/editionsdudauphin.com\/en","name":"\u00c9ditions du Dauphin","description":"","potentialAction":[{"@type":"SearchAction","target":{"@type":"EntryPoint","urlTemplate":"https:\/\/editionsdudauphin.com\/en?s={search_term_string}"},"query-input":{"@type":"PropertyValueSpecification","valueRequired":true,"valueName":"search_term_string"}}],"inLanguage":"en-US"}]}},"_links":{"self":[{"href":"https:\/\/editionsdudauphin.com\/en\/wp-json\/wp\/v2\/product\/7964","targetHints":{"allow":["GET"]}}],"collection":[{"href":"https:\/\/editionsdudauphin.com\/en\/wp-json\/wp\/v2\/product"}],"about":[{"href":"https:\/\/editionsdudauphin.com\/en\/wp-json\/wp\/v2\/types\/product"}],"wp:featuredmedia":[{"embeddable":true,"href":"https:\/\/editionsdudauphin.com\/en\/wp-json\/wp\/v2\/media\/7963"}],"wp:attachment":[{"href":"https:\/\/editionsdudauphin.com\/en\/wp-json\/wp\/v2\/media?parent=7964"}],"wp:term":[{"taxonomy":"product_brand","embeddable":true,"href":"https:\/\/editionsdudauphin.com\/en\/wp-json\/wp\/v2\/product_brand?post=7964"},{"taxonomy":"product_cat","embeddable":true,"href":"https:\/\/editionsdudauphin.com\/en\/wp-json\/wp\/v2\/product_cat?post=7964"},{"taxonomy":"product_tag","embeddable":true,"href":"https:\/\/editionsdudauphin.com\/en\/wp-json\/wp\/v2\/product_tag?post=7964"}],"curies":[{"name":"wp","href":"https:\/\/api.w.org\/{rel}","templated":true}]}}