{"id":8647,"date":"2021-03-05T16:24:27","date_gmt":"2021-03-05T15:24:27","guid":{"rendered":"https:\/\/editionsdudauphin.com\/livre\/uncategorized\/yoga-et-pilates-en-famille"},"modified":"2021-09-24T12:50:57","modified_gmt":"2021-09-24T10:50:57","slug":"yoga-et-pilates-en-famille","status":"publish","type":"product","link":"https:\/\/editionsdudauphin.com\/en\/livre\/subjects\/health-wellness\/wellness\/yoga-meditation-en\/yoga-et-pilates-en-famille","title":{"rendered":"Yoga et Pilates en famille"},"content":{"rendered":"<p>Coming soon<\/p>\n","protected":false},"excerpt":{"rendered":"<p>Coming soon<\/p>\n","protected":false},"featured_media":8646,"template":"","meta":{"_acf_changed":false,"wpupg_custom_link":[],"wpupg_custom_link_behaviour":[],"wpupg_custom_link_nofollow":[],"wpupg_custom_image":[],"wpupg_custom_image_id":[]},"product_brand":[],"product_cat":[158],"product_tag":[],"class_list":{"0":"post-8647","1":"product","2":"type-product","3":"status-publish","4":"has-post-thumbnail","6":"product_cat-yoga-meditation-en","8":"first","9":"instock","10":"taxable","11":"shipping-taxable","12":"purchasable","13":"product-type-simple"},"acf":[],"yoast_head":"<!-- This site is optimized with the Yoast SEO plugin v27.3 - https:\/\/yoast.com\/product\/yoast-seo-wordpress\/ -->\n<title>Yoga et Pilates en famille - \u00c9ditions du Dauphin<\/title>\n<meta name=\"description\" content=\"Ce livre enti\u00e8rement illustr\u00e9 de photos de postures yogiques et Pilates permet \u00e0 toute la famille de se retrouver autour d&#039;exercices ludiques et relaxants.\" \/>\n<meta name=\"robots\" content=\"index, follow, max-snippet:-1, max-image-preview:large, max-video-preview:-1\" \/>\n<link rel=\"canonical\" href=\"https:\/\/editionsdudauphin.com\/en\/livre\/subjects\/health-wellness\/wellness\/yoga-meditation-en\/yoga-et-pilates-en-famille\" \/>\n<meta property=\"og:locale\" content=\"en_US\" \/>\n<meta property=\"og:type\" content=\"article\" \/>\n<meta property=\"og:title\" content=\"Yoga et Pilates en famille - \u00c9ditions du Dauphin\" \/>\n<meta property=\"og:description\" content=\"Ce livre enti\u00e8rement illustr\u00e9 de photos de postures yogiques et Pilates permet \u00e0 toute la famille de se retrouver autour d&#039;exercices ludiques et relaxants.\" \/>\n<meta property=\"og:url\" content=\"https:\/\/editionsdudauphin.com\/en\/livre\/subjects\/health-wellness\/wellness\/yoga-meditation-en\/yoga-et-pilates-en-famille\" \/>\n<meta property=\"og:site_name\" content=\"\u00c9ditions du Dauphin\" \/>\n<meta property=\"article:modified_time\" content=\"2021-09-24T10:50:57+00:00\" \/>\n<meta property=\"og:image\" content=\"https:\/\/editionsdudauphin.com\/wp-content\/uploads\/2021\/03\/9782716317627_yoga_famille.png\" \/>\n\t<meta property=\"og:image:width\" content=\"800\" \/>\n\t<meta property=\"og:image:height\" content=\"1044\" \/>\n\t<meta property=\"og:image:type\" content=\"image\/png\" \/>\n<meta name=\"twitter:card\" content=\"summary_large_image\" \/>\n<script type=\"application\/ld+json\" class=\"yoast-schema-graph\">{\"@context\":\"https:\\\/\\\/schema.org\",\"@graph\":[{\"@type\":\"WebPage\",\"@id\":\"https:\\\/\\\/editionsdudauphin.com\\\/en\\\/livre\\\/subjects\\\/health-wellness\\\/wellness\\\/yoga-meditation-en\\\/yoga-et-pilates-en-famille\",\"url\":\"https:\\\/\\\/editionsdudauphin.com\\\/en\\\/livre\\\/subjects\\\/health-wellness\\\/wellness\\\/yoga-meditation-en\\\/yoga-et-pilates-en-famille\",\"name\":\"Yoga et Pilates en famille - \u00c9ditions du Dauphin\",\"isPartOf\":{\"@id\":\"https:\\\/\\\/editionsdudauphin.com\\\/en#website\"},\"primaryImageOfPage\":{\"@id\":\"https:\\\/\\\/editionsdudauphin.com\\\/en\\\/livre\\\/subjects\\\/health-wellness\\\/wellness\\\/yoga-meditation-en\\\/yoga-et-pilates-en-famille#primaryimage\"},\"image\":{\"@id\":\"https:\\\/\\\/editionsdudauphin.com\\\/en\\\/livre\\\/subjects\\\/health-wellness\\\/wellness\\\/yoga-meditation-en\\\/yoga-et-pilates-en-famille#primaryimage\"},\"thumbnailUrl\":\"https:\\\/\\\/editionsdudauphin.com\\\/wp-content\\\/uploads\\\/2021\\\/03\\\/9782716317627_yoga_famille.png\",\"datePublished\":\"2021-03-05T15:24:27+00:00\",\"dateModified\":\"2021-09-24T10:50:57+00:00\",\"description\":\"Ce livre enti\u00e8rement illustr\u00e9 de photos de postures yogiques et Pilates permet \u00e0 toute la famille de se retrouver autour d'exercices ludiques et relaxants.\",\"breadcrumb\":{\"@id\":\"https:\\\/\\\/editionsdudauphin.com\\\/en\\\/livre\\\/subjects\\\/health-wellness\\\/wellness\\\/yoga-meditation-en\\\/yoga-et-pilates-en-famille#breadcrumb\"},\"inLanguage\":\"en-US\",\"potentialAction\":[{\"@type\":\"ReadAction\",\"target\":[\"https:\\\/\\\/editionsdudauphin.com\\\/en\\\/livre\\\/subjects\\\/health-wellness\\\/wellness\\\/yoga-meditation-en\\\/yoga-et-pilates-en-famille\"]}]},{\"@type\":\"ImageObject\",\"inLanguage\":\"en-US\",\"@id\":\"https:\\\/\\\/editionsdudauphin.com\\\/en\\\/livre\\\/subjects\\\/health-wellness\\\/wellness\\\/yoga-meditation-en\\\/yoga-et-pilates-en-famille#primaryimage\",\"url\":\"https:\\\/\\\/editionsdudauphin.com\\\/wp-content\\\/uploads\\\/2021\\\/03\\\/9782716317627_yoga_famille.png\",\"contentUrl\":\"https:\\\/\\\/editionsdudauphin.com\\\/wp-content\\\/uploads\\\/2021\\\/03\\\/9782716317627_yoga_famille.png\",\"width\":800,\"height\":1044,\"caption\":\"Yoga & Pilates en famille\"},{\"@type\":\"BreadcrumbList\",\"@id\":\"https:\\\/\\\/editionsdudauphin.com\\\/en\\\/livre\\\/subjects\\\/health-wellness\\\/wellness\\\/yoga-meditation-en\\\/yoga-et-pilates-en-famille#breadcrumb\",\"itemListElement\":[{\"@type\":\"ListItem\",\"position\":1,\"name\":\"Accueil\",\"item\":\"https:\\\/\\\/editionsdudauphin.com\\\/en\"},{\"@type\":\"ListItem\",\"position\":2,\"name\":\"Boutique\",\"item\":\"https:\\\/\\\/editionsdudauphin.com\\\/boutique\"},{\"@type\":\"ListItem\",\"position\":3,\"name\":\"Yoga et Pilates en famille\"}]},{\"@type\":\"WebSite\",\"@id\":\"https:\\\/\\\/editionsdudauphin.com\\\/en#website\",\"url\":\"https:\\\/\\\/editionsdudauphin.com\\\/en\",\"name\":\"\u00c9ditions du Dauphin\",\"description\":\"\",\"potentialAction\":[{\"@type\":\"SearchAction\",\"target\":{\"@type\":\"EntryPoint\",\"urlTemplate\":\"https:\\\/\\\/editionsdudauphin.com\\\/en?s={search_term_string}\"},\"query-input\":{\"@type\":\"PropertyValueSpecification\",\"valueRequired\":true,\"valueName\":\"search_term_string\"}}],\"inLanguage\":\"en-US\"}]}<\/script>\n<!-- \/ Yoast SEO plugin. -->","yoast_head_json":{"title":"Yoga et Pilates en famille - \u00c9ditions du Dauphin","description":"Ce livre enti\u00e8rement illustr\u00e9 de photos de postures yogiques et Pilates permet \u00e0 toute la famille de se retrouver autour d'exercices ludiques et relaxants.","robots":{"index":"index","follow":"follow","max-snippet":"max-snippet:-1","max-image-preview":"max-image-preview:large","max-video-preview":"max-video-preview:-1"},"canonical":"https:\/\/editionsdudauphin.com\/en\/livre\/subjects\/health-wellness\/wellness\/yoga-meditation-en\/yoga-et-pilates-en-famille","og_locale":"en_US","og_type":"article","og_title":"Yoga et Pilates en famille - \u00c9ditions du Dauphin","og_description":"Ce livre enti\u00e8rement illustr\u00e9 de photos de postures yogiques et Pilates permet \u00e0 toute la famille de se retrouver autour d'exercices ludiques et relaxants.","og_url":"https:\/\/editionsdudauphin.com\/en\/livre\/subjects\/health-wellness\/wellness\/yoga-meditation-en\/yoga-et-pilates-en-famille","og_site_name":"\u00c9ditions du Dauphin","article_modified_time":"2021-09-24T10:50:57+00:00","og_image":[{"width":800,"height":1044,"url":"https:\/\/editionsdudauphin.com\/wp-content\/uploads\/2021\/03\/9782716317627_yoga_famille.png","type":"image\/png"}],"twitter_card":"summary_large_image","schema":{"@context":"https:\/\/schema.org","@graph":[{"@type":"WebPage","@id":"https:\/\/editionsdudauphin.com\/en\/livre\/subjects\/health-wellness\/wellness\/yoga-meditation-en\/yoga-et-pilates-en-famille","url":"https:\/\/editionsdudauphin.com\/en\/livre\/subjects\/health-wellness\/wellness\/yoga-meditation-en\/yoga-et-pilates-en-famille","name":"Yoga et Pilates en famille - \u00c9ditions du Dauphin","isPartOf":{"@id":"https:\/\/editionsdudauphin.com\/en#website"},"primaryImageOfPage":{"@id":"https:\/\/editionsdudauphin.com\/en\/livre\/subjects\/health-wellness\/wellness\/yoga-meditation-en\/yoga-et-pilates-en-famille#primaryimage"},"image":{"@id":"https:\/\/editionsdudauphin.com\/en\/livre\/subjects\/health-wellness\/wellness\/yoga-meditation-en\/yoga-et-pilates-en-famille#primaryimage"},"thumbnailUrl":"https:\/\/editionsdudauphin.com\/wp-content\/uploads\/2021\/03\/9782716317627_yoga_famille.png","datePublished":"2021-03-05T15:24:27+00:00","dateModified":"2021-09-24T10:50:57+00:00","description":"Ce livre enti\u00e8rement illustr\u00e9 de photos de postures yogiques et Pilates permet \u00e0 toute la famille de se retrouver autour d'exercices ludiques et relaxants.","breadcrumb":{"@id":"https:\/\/editionsdudauphin.com\/en\/livre\/subjects\/health-wellness\/wellness\/yoga-meditation-en\/yoga-et-pilates-en-famille#breadcrumb"},"inLanguage":"en-US","potentialAction":[{"@type":"ReadAction","target":["https:\/\/editionsdudauphin.com\/en\/livre\/subjects\/health-wellness\/wellness\/yoga-meditation-en\/yoga-et-pilates-en-famille"]}]},{"@type":"ImageObject","inLanguage":"en-US","@id":"https:\/\/editionsdudauphin.com\/en\/livre\/subjects\/health-wellness\/wellness\/yoga-meditation-en\/yoga-et-pilates-en-famille#primaryimage","url":"https:\/\/editionsdudauphin.com\/wp-content\/uploads\/2021\/03\/9782716317627_yoga_famille.png","contentUrl":"https:\/\/editionsdudauphin.com\/wp-content\/uploads\/2021\/03\/9782716317627_yoga_famille.png","width":800,"height":1044,"caption":"Yoga & Pilates en famille"},{"@type":"BreadcrumbList","@id":"https:\/\/editionsdudauphin.com\/en\/livre\/subjects\/health-wellness\/wellness\/yoga-meditation-en\/yoga-et-pilates-en-famille#breadcrumb","itemListElement":[{"@type":"ListItem","position":1,"name":"Accueil","item":"https:\/\/editionsdudauphin.com\/en"},{"@type":"ListItem","position":2,"name":"Boutique","item":"https:\/\/editionsdudauphin.com\/boutique"},{"@type":"ListItem","position":3,"name":"Yoga et Pilates en famille"}]},{"@type":"WebSite","@id":"https:\/\/editionsdudauphin.com\/en#website","url":"https:\/\/editionsdudauphin.com\/en","name":"\u00c9ditions du Dauphin","description":"","potentialAction":[{"@type":"SearchAction","target":{"@type":"EntryPoint","urlTemplate":"https:\/\/editionsdudauphin.com\/en?s={search_term_string}"},"query-input":{"@type":"PropertyValueSpecification","valueRequired":true,"valueName":"search_term_string"}}],"inLanguage":"en-US"}]}},"_links":{"self":[{"href":"https:\/\/editionsdudauphin.com\/en\/wp-json\/wp\/v2\/product\/8647","targetHints":{"allow":["GET"]}}],"collection":[{"href":"https:\/\/editionsdudauphin.com\/en\/wp-json\/wp\/v2\/product"}],"about":[{"href":"https:\/\/editionsdudauphin.com\/en\/wp-json\/wp\/v2\/types\/product"}],"wp:featuredmedia":[{"embeddable":true,"href":"https:\/\/editionsdudauphin.com\/en\/wp-json\/wp\/v2\/media\/8646"}],"wp:attachment":[{"href":"https:\/\/editionsdudauphin.com\/en\/wp-json\/wp\/v2\/media?parent=8647"}],"wp:term":[{"taxonomy":"product_brand","embeddable":true,"href":"https:\/\/editionsdudauphin.com\/en\/wp-json\/wp\/v2\/product_brand?post=8647"},{"taxonomy":"product_cat","embeddable":true,"href":"https:\/\/editionsdudauphin.com\/en\/wp-json\/wp\/v2\/product_cat?post=8647"},{"taxonomy":"product_tag","embeddable":true,"href":"https:\/\/editionsdudauphin.com\/en\/wp-json\/wp\/v2\/product_tag?post=8647"}],"curies":[{"name":"wp","href":"https:\/\/api.w.org\/{rel}","templated":true}]}}