{"id":8650,"date":"2021-01-02T16:39:28","date_gmt":"2021-01-02T15:39:28","guid":{"rendered":"https:\/\/editionsdudauphin.com\/livre\/uncategorized\/tout-savoir-sur-les-virus-et-y-faire-face"},"modified":"2025-02-07T16:01:23","modified_gmt":"2025-02-07T15:01:23","slug":"tout-savoir-sur-les-virus-et-y-faire-face","status":"publish","type":"product","link":"https:\/\/editionsdudauphin.com\/en\/livre\/subjects\/health-wellness\/health\/healing6process\/tout-savoir-sur-les-virus-et-y-faire-face","title":{"rendered":"Tout savoir sur les virus et y faire face"},"content":{"rendered":"<p>Virus : Coronavirus, flu, Ebola, SRAS and others viral pathologies.<br \/>\nUnderstand what they are, how they behave with environment and humans.<\/p>\n<p><iframe src=\"https:\/\/www.youtube.com\/embed\/oLdEYx-g7AE\" width=\"460\" height=\"315\" frameborder=\"0\" allowfullscreen=\"allowfullscreen\"><\/iframe><\/p>\n","protected":false},"excerpt":{"rendered":"<p>Virus : Coronavirus, flu, Ebola, SRAS and others viral pathologies.  [&#8230;]<\/p>\n","protected":false},"featured_media":18176,"template":"","meta":{"_acf_changed":false,"wpupg_custom_link":[],"wpupg_custom_link_behaviour":[],"wpupg_custom_link_nofollow":[],"wpupg_custom_image":[],"wpupg_custom_image_id":[]},"product_brand":[],"product_cat":[150,162],"product_tag":[],"class_list":{"0":"post-8650","1":"product","2":"type-product","3":"status-publish","4":"has-post-thumbnail","6":"product_cat-long-sellers-en","7":"product_cat-healing6process","9":"first","10":"instock","11":"taxable","12":"shipping-taxable","13":"purchasable","14":"product-type-simple"},"acf":[],"yoast_head":"<!-- This site is optimized with the Yoast SEO plugin v27.3 - https:\/\/yoast.com\/product\/yoast-seo-wordpress\/ -->\n<title>Tout savoir sur les virus et y faire face - \u00c9ditions du Dauphin<\/title>\n<meta name=\"description\" content=\"Ce livre vous aidera \u00e0 comprendre ce que sont les virus, (Covid, Grippe etc.) et comment ils fonctionnent. La pr\u00e9vention, les rem\u00e8des, les vaccins...\" \/>\n<meta name=\"robots\" content=\"index, follow, max-snippet:-1, max-image-preview:large, max-video-preview:-1\" \/>\n<link rel=\"canonical\" href=\"https:\/\/editionsdudauphin.com\/en\/livre\/subjects\/health-wellness\/health\/healing6process\/tout-savoir-sur-les-virus-et-y-faire-face\" \/>\n<meta property=\"og:locale\" content=\"en_US\" \/>\n<meta property=\"og:type\" content=\"article\" \/>\n<meta property=\"og:title\" content=\"Tout savoir sur les virus et y faire face - \u00c9ditions du Dauphin\" \/>\n<meta property=\"og:description\" content=\"Ce livre vous aidera \u00e0 comprendre ce que sont les virus, (Covid, Grippe etc.) et comment ils fonctionnent. La pr\u00e9vention, les rem\u00e8des, les vaccins...\" \/>\n<meta property=\"og:url\" content=\"https:\/\/editionsdudauphin.com\/en\/livre\/subjects\/health-wellness\/health\/healing6process\/tout-savoir-sur-les-virus-et-y-faire-face\" \/>\n<meta property=\"og:site_name\" content=\"\u00c9ditions du Dauphin\" \/>\n<meta property=\"article:modified_time\" content=\"2025-02-07T15:01:23+00:00\" \/>\n<meta property=\"og:image\" content=\"https:\/\/editionsdudauphin.com\/wp-content\/uploads\/2021\/01\/9782716317559_virus.png\" \/>\n\t<meta property=\"og:image:width\" content=\"800\" \/>\n\t<meta property=\"og:image:height\" content=\"1298\" \/>\n\t<meta property=\"og:image:type\" content=\"image\/png\" \/>\n<meta name=\"twitter:card\" content=\"summary_large_image\" \/>\n<meta name=\"twitter:label1\" content=\"Est. reading time\" \/>\n\t<meta name=\"twitter:data1\" content=\"1 minute\" \/>\n<script type=\"application\/ld+json\" class=\"yoast-schema-graph\">{\"@context\":\"https:\\\/\\\/schema.org\",\"@graph\":[{\"@type\":\"WebPage\",\"@id\":\"https:\\\/\\\/editionsdudauphin.com\\\/en\\\/livre\\\/subjects\\\/health-wellness\\\/health\\\/healing6process\\\/tout-savoir-sur-les-virus-et-y-faire-face\",\"url\":\"https:\\\/\\\/editionsdudauphin.com\\\/en\\\/livre\\\/subjects\\\/health-wellness\\\/health\\\/healing6process\\\/tout-savoir-sur-les-virus-et-y-faire-face\",\"name\":\"Tout savoir sur les virus et y faire face - \u00c9ditions du Dauphin\",\"isPartOf\":{\"@id\":\"https:\\\/\\\/editionsdudauphin.com\\\/en#website\"},\"primaryImageOfPage\":{\"@id\":\"https:\\\/\\\/editionsdudauphin.com\\\/en\\\/livre\\\/subjects\\\/health-wellness\\\/health\\\/healing6process\\\/tout-savoir-sur-les-virus-et-y-faire-face#primaryimage\"},\"image\":{\"@id\":\"https:\\\/\\\/editionsdudauphin.com\\\/en\\\/livre\\\/subjects\\\/health-wellness\\\/health\\\/healing6process\\\/tout-savoir-sur-les-virus-et-y-faire-face#primaryimage\"},\"thumbnailUrl\":\"https:\\\/\\\/editionsdudauphin.com\\\/wp-content\\\/uploads\\\/2021\\\/01\\\/9782716317559_virus.png\",\"datePublished\":\"2021-01-02T15:39:28+00:00\",\"dateModified\":\"2025-02-07T15:01:23+00:00\",\"description\":\"Ce livre vous aidera \u00e0 comprendre ce que sont les virus, (Covid, Grippe etc.) et comment ils fonctionnent. La pr\u00e9vention, les rem\u00e8des, les vaccins...\",\"breadcrumb\":{\"@id\":\"https:\\\/\\\/editionsdudauphin.com\\\/en\\\/livre\\\/subjects\\\/health-wellness\\\/health\\\/healing6process\\\/tout-savoir-sur-les-virus-et-y-faire-face#breadcrumb\"},\"inLanguage\":\"en-US\",\"potentialAction\":[{\"@type\":\"ReadAction\",\"target\":[\"https:\\\/\\\/editionsdudauphin.com\\\/en\\\/livre\\\/subjects\\\/health-wellness\\\/health\\\/healing6process\\\/tout-savoir-sur-les-virus-et-y-faire-face\"]}]},{\"@type\":\"ImageObject\",\"inLanguage\":\"en-US\",\"@id\":\"https:\\\/\\\/editionsdudauphin.com\\\/en\\\/livre\\\/subjects\\\/health-wellness\\\/health\\\/healing6process\\\/tout-savoir-sur-les-virus-et-y-faire-face#primaryimage\",\"url\":\"https:\\\/\\\/editionsdudauphin.com\\\/wp-content\\\/uploads\\\/2021\\\/01\\\/9782716317559_virus.png\",\"contentUrl\":\"https:\\\/\\\/editionsdudauphin.com\\\/wp-content\\\/uploads\\\/2021\\\/01\\\/9782716317559_virus.png\",\"width\":800,\"height\":1298,\"caption\":\"Tout savoir sur les virus\"},{\"@type\":\"BreadcrumbList\",\"@id\":\"https:\\\/\\\/editionsdudauphin.com\\\/en\\\/livre\\\/subjects\\\/health-wellness\\\/health\\\/healing6process\\\/tout-savoir-sur-les-virus-et-y-faire-face#breadcrumb\",\"itemListElement\":[{\"@type\":\"ListItem\",\"position\":1,\"name\":\"Accueil\",\"item\":\"https:\\\/\\\/editionsdudauphin.com\\\/en\"},{\"@type\":\"ListItem\",\"position\":2,\"name\":\"Boutique\",\"item\":\"https:\\\/\\\/editionsdudauphin.com\\\/boutique\"},{\"@type\":\"ListItem\",\"position\":3,\"name\":\"Tout savoir sur les virus et y faire face\"}]},{\"@type\":\"WebSite\",\"@id\":\"https:\\\/\\\/editionsdudauphin.com\\\/en#website\",\"url\":\"https:\\\/\\\/editionsdudauphin.com\\\/en\",\"name\":\"\u00c9ditions du Dauphin\",\"description\":\"\",\"potentialAction\":[{\"@type\":\"SearchAction\",\"target\":{\"@type\":\"EntryPoint\",\"urlTemplate\":\"https:\\\/\\\/editionsdudauphin.com\\\/en?s={search_term_string}\"},\"query-input\":{\"@type\":\"PropertyValueSpecification\",\"valueRequired\":true,\"valueName\":\"search_term_string\"}}],\"inLanguage\":\"en-US\"}]}<\/script>\n<!-- \/ Yoast SEO plugin. -->","yoast_head_json":{"title":"Tout savoir sur les virus et y faire face - \u00c9ditions du Dauphin","description":"Ce livre vous aidera \u00e0 comprendre ce que sont les virus, (Covid, Grippe etc.) et comment ils fonctionnent. La pr\u00e9vention, les rem\u00e8des, les vaccins...","robots":{"index":"index","follow":"follow","max-snippet":"max-snippet:-1","max-image-preview":"max-image-preview:large","max-video-preview":"max-video-preview:-1"},"canonical":"https:\/\/editionsdudauphin.com\/en\/livre\/subjects\/health-wellness\/health\/healing6process\/tout-savoir-sur-les-virus-et-y-faire-face","og_locale":"en_US","og_type":"article","og_title":"Tout savoir sur les virus et y faire face - \u00c9ditions du Dauphin","og_description":"Ce livre vous aidera \u00e0 comprendre ce que sont les virus, (Covid, Grippe etc.) et comment ils fonctionnent. La pr\u00e9vention, les rem\u00e8des, les vaccins...","og_url":"https:\/\/editionsdudauphin.com\/en\/livre\/subjects\/health-wellness\/health\/healing6process\/tout-savoir-sur-les-virus-et-y-faire-face","og_site_name":"\u00c9ditions du Dauphin","article_modified_time":"2025-02-07T15:01:23+00:00","og_image":[{"width":800,"height":1298,"url":"https:\/\/editionsdudauphin.com\/wp-content\/uploads\/2021\/01\/9782716317559_virus.png","type":"image\/png"}],"twitter_card":"summary_large_image","twitter_misc":{"Est. reading time":"1 minute"},"schema":{"@context":"https:\/\/schema.org","@graph":[{"@type":"WebPage","@id":"https:\/\/editionsdudauphin.com\/en\/livre\/subjects\/health-wellness\/health\/healing6process\/tout-savoir-sur-les-virus-et-y-faire-face","url":"https:\/\/editionsdudauphin.com\/en\/livre\/subjects\/health-wellness\/health\/healing6process\/tout-savoir-sur-les-virus-et-y-faire-face","name":"Tout savoir sur les virus et y faire face - \u00c9ditions du Dauphin","isPartOf":{"@id":"https:\/\/editionsdudauphin.com\/en#website"},"primaryImageOfPage":{"@id":"https:\/\/editionsdudauphin.com\/en\/livre\/subjects\/health-wellness\/health\/healing6process\/tout-savoir-sur-les-virus-et-y-faire-face#primaryimage"},"image":{"@id":"https:\/\/editionsdudauphin.com\/en\/livre\/subjects\/health-wellness\/health\/healing6process\/tout-savoir-sur-les-virus-et-y-faire-face#primaryimage"},"thumbnailUrl":"https:\/\/editionsdudauphin.com\/wp-content\/uploads\/2021\/01\/9782716317559_virus.png","datePublished":"2021-01-02T15:39:28+00:00","dateModified":"2025-02-07T15:01:23+00:00","description":"Ce livre vous aidera \u00e0 comprendre ce que sont les virus, (Covid, Grippe etc.) et comment ils fonctionnent. La pr\u00e9vention, les rem\u00e8des, les vaccins...","breadcrumb":{"@id":"https:\/\/editionsdudauphin.com\/en\/livre\/subjects\/health-wellness\/health\/healing6process\/tout-savoir-sur-les-virus-et-y-faire-face#breadcrumb"},"inLanguage":"en-US","potentialAction":[{"@type":"ReadAction","target":["https:\/\/editionsdudauphin.com\/en\/livre\/subjects\/health-wellness\/health\/healing6process\/tout-savoir-sur-les-virus-et-y-faire-face"]}]},{"@type":"ImageObject","inLanguage":"en-US","@id":"https:\/\/editionsdudauphin.com\/en\/livre\/subjects\/health-wellness\/health\/healing6process\/tout-savoir-sur-les-virus-et-y-faire-face#primaryimage","url":"https:\/\/editionsdudauphin.com\/wp-content\/uploads\/2021\/01\/9782716317559_virus.png","contentUrl":"https:\/\/editionsdudauphin.com\/wp-content\/uploads\/2021\/01\/9782716317559_virus.png","width":800,"height":1298,"caption":"Tout savoir sur les virus"},{"@type":"BreadcrumbList","@id":"https:\/\/editionsdudauphin.com\/en\/livre\/subjects\/health-wellness\/health\/healing6process\/tout-savoir-sur-les-virus-et-y-faire-face#breadcrumb","itemListElement":[{"@type":"ListItem","position":1,"name":"Accueil","item":"https:\/\/editionsdudauphin.com\/en"},{"@type":"ListItem","position":2,"name":"Boutique","item":"https:\/\/editionsdudauphin.com\/boutique"},{"@type":"ListItem","position":3,"name":"Tout savoir sur les virus et y faire face"}]},{"@type":"WebSite","@id":"https:\/\/editionsdudauphin.com\/en#website","url":"https:\/\/editionsdudauphin.com\/en","name":"\u00c9ditions du Dauphin","description":"","potentialAction":[{"@type":"SearchAction","target":{"@type":"EntryPoint","urlTemplate":"https:\/\/editionsdudauphin.com\/en?s={search_term_string}"},"query-input":{"@type":"PropertyValueSpecification","valueRequired":true,"valueName":"search_term_string"}}],"inLanguage":"en-US"}]}},"_links":{"self":[{"href":"https:\/\/editionsdudauphin.com\/en\/wp-json\/wp\/v2\/product\/8650","targetHints":{"allow":["GET"]}}],"collection":[{"href":"https:\/\/editionsdudauphin.com\/en\/wp-json\/wp\/v2\/product"}],"about":[{"href":"https:\/\/editionsdudauphin.com\/en\/wp-json\/wp\/v2\/types\/product"}],"wp:featuredmedia":[{"embeddable":true,"href":"https:\/\/editionsdudauphin.com\/en\/wp-json\/wp\/v2\/media\/18176"}],"wp:attachment":[{"href":"https:\/\/editionsdudauphin.com\/en\/wp-json\/wp\/v2\/media?parent=8650"}],"wp:term":[{"taxonomy":"product_brand","embeddable":true,"href":"https:\/\/editionsdudauphin.com\/en\/wp-json\/wp\/v2\/product_brand?post=8650"},{"taxonomy":"product_cat","embeddable":true,"href":"https:\/\/editionsdudauphin.com\/en\/wp-json\/wp\/v2\/product_cat?post=8650"},{"taxonomy":"product_tag","embeddable":true,"href":"https:\/\/editionsdudauphin.com\/en\/wp-json\/wp\/v2\/product_tag?post=8650"}],"curies":[{"name":"wp","href":"https:\/\/api.w.org\/{rel}","templated":true}]}}