{"id":8670,"date":"2019-08-29T17:38:00","date_gmt":"2019-08-29T15:38:00","guid":{"rendered":"https:\/\/editionsdudauphin.com\/livre\/uncategorized\/se-guerir-par-le-pardon-se-liberer-pour-mieux-vivre"},"modified":"2021-03-12T16:51:03","modified_gmt":"2021-03-12T15:51:03","slug":"se-guerir-par-le-pardon-se-liberer-pour-mieux-vivre","status":"publish","type":"product","link":"https:\/\/editionsdudauphin.com\/en\/livre\/subjects\/personal-growth-psycho\/personal-growth\/se-guerir-par-le-pardon-se-liberer-pour-mieux-vivre","title":{"rendered":"Se gu\u00e9rir par le pardon &#8211; lib\u00e9rez vous de vos traumas"},"content":{"rendered":"<p>How can we learn to forgive? Should we forgive everything?<\/p>\n<p>Some pains are sometimes so deep that they remain in memory a whole life, maintaining a vicious\u00a0and toxic cycle for the individual and sometimes even for a community.<\/p>\n<p>Is it right to keep a suffer inside us, sometimes over several generations?<\/p>\n<p>By a real reconsideration, we can arrive at forgiveness, starting with the harm done to us. By\u00a0forgiving the other, we free ourselves from this evil and help the other to get rid of it too. Beyond\u00a0the identified sufferings, the author reveals unconscious wounds of the soul. He denounces family\u00a0loyalties and beliefs that condone &#8220;community&#8221; suffering, and commits to freeing ourselves from\u00a0collective resentments which come from certain periods in the history of humanity. We have to\u00a0remember all of the tragic events.<\/p>\n<p>By honoring this duty through memorials and commemorations, we face a collective resentment\u00a0that we must rid ourselves of in order to live better. The author brings to this memory duty a\u00a0power to forgive, offering the reader the opportunity to emancipate himself from the vicious circle\u00a0of suffering.<\/p>\n<p>To know more about the author&#8217;s association :\u00a0<a href=\"https:\/\/www.therapiearchetypale.fr\/\" target=\"_blank\" rel=\"noopener\">https:\/\/www.therapiearchetypale.fr\/<\/a><\/p>\n","protected":false},"excerpt":{"rendered":"<p>How can we learn to forgive? Should we forgive everything?  [&#8230;]<\/p>\n","protected":false},"featured_media":5153,"template":"","meta":{"_acf_changed":false,"wpupg_custom_link":[],"wpupg_custom_link_behaviour":[],"wpupg_custom_link_nofollow":[],"wpupg_custom_image":[],"wpupg_custom_image_id":[]},"product_brand":[],"product_cat":[168],"product_tag":[],"class_list":{"0":"post-8670","1":"product","2":"type-product","3":"status-publish","4":"has-post-thumbnail","6":"product_cat-personal-growth","8":"first","9":"instock","10":"taxable","11":"shipping-taxable","12":"purchasable","13":"product-type-simple"},"acf":[],"yoast_head":"<!-- This site is optimized with the Yoast SEO plugin v27.3 - https:\/\/yoast.com\/product\/yoast-seo-wordpress\/ -->\n<title>Se gu\u00e9rir par le pardon - lib\u00e9rez vous de vos traumas<\/title>\n<meta name=\"description\" content=\"Lib\u00e9rez-vous de vos traumas ! Dans ce livre, l&#039;auteur vous aide \u00e0 sortir de vos traumatisme par le pardon qui devient une v\u00e9ritable recette de libert\u00e9 !\" \/>\n<meta name=\"robots\" content=\"index, follow, max-snippet:-1, max-image-preview:large, max-video-preview:-1\" \/>\n<link rel=\"canonical\" href=\"https:\/\/editionsdudauphin.com\/en\/livre\/subjects\/personal-growth-psycho\/personal-growth\/se-guerir-par-le-pardon-se-liberer-pour-mieux-vivre\" \/>\n<meta property=\"og:locale\" content=\"en_US\" \/>\n<meta property=\"og:type\" content=\"article\" \/>\n<meta property=\"og:title\" content=\"Se gu\u00e9rir par le pardon - lib\u00e9rez vous de vos traumas\" \/>\n<meta property=\"og:description\" content=\"Lib\u00e9rez-vous de vos traumas ! Dans ce livre, l&#039;auteur vous aide \u00e0 sortir de vos traumatisme par le pardon qui devient une v\u00e9ritable recette de libert\u00e9 !\" \/>\n<meta property=\"og:url\" content=\"https:\/\/editionsdudauphin.com\/en\/livre\/subjects\/personal-growth-psycho\/personal-growth\/se-guerir-par-le-pardon-se-liberer-pour-mieux-vivre\" \/>\n<meta property=\"og:site_name\" content=\"\u00c9ditions du Dauphin\" \/>\n<meta property=\"article:modified_time\" content=\"2021-03-12T15:51:03+00:00\" \/>\n<meta property=\"og:image\" content=\"https:\/\/editionsdudauphin.com\/wp-content\/uploads\/2017\/09\/9782716317047_pardon_trauma.jpg\" \/>\n\t<meta property=\"og:image:width\" content=\"1180\" \/>\n\t<meta property=\"og:image:height\" content=\"1747\" \/>\n\t<meta property=\"og:image:type\" content=\"image\/jpeg\" \/>\n<meta name=\"twitter:card\" content=\"summary_large_image\" \/>\n<meta name=\"twitter:label1\" content=\"Est. reading time\" \/>\n\t<meta name=\"twitter:data1\" content=\"1 minute\" \/>\n<script type=\"application\/ld+json\" class=\"yoast-schema-graph\">{\"@context\":\"https:\\\/\\\/schema.org\",\"@graph\":[{\"@type\":\"WebPage\",\"@id\":\"https:\\\/\\\/editionsdudauphin.com\\\/en\\\/livre\\\/subjects\\\/personal-growth-psycho\\\/personal-growth\\\/se-guerir-par-le-pardon-se-liberer-pour-mieux-vivre\",\"url\":\"https:\\\/\\\/editionsdudauphin.com\\\/en\\\/livre\\\/subjects\\\/personal-growth-psycho\\\/personal-growth\\\/se-guerir-par-le-pardon-se-liberer-pour-mieux-vivre\",\"name\":\"Se gu\u00e9rir par le pardon - lib\u00e9rez vous de vos traumas\",\"isPartOf\":{\"@id\":\"https:\\\/\\\/editionsdudauphin.com\\\/en#website\"},\"primaryImageOfPage\":{\"@id\":\"https:\\\/\\\/editionsdudauphin.com\\\/en\\\/livre\\\/subjects\\\/personal-growth-psycho\\\/personal-growth\\\/se-guerir-par-le-pardon-se-liberer-pour-mieux-vivre#primaryimage\"},\"image\":{\"@id\":\"https:\\\/\\\/editionsdudauphin.com\\\/en\\\/livre\\\/subjects\\\/personal-growth-psycho\\\/personal-growth\\\/se-guerir-par-le-pardon-se-liberer-pour-mieux-vivre#primaryimage\"},\"thumbnailUrl\":\"https:\\\/\\\/editionsdudauphin.com\\\/wp-content\\\/uploads\\\/2017\\\/09\\\/9782716317047_pardon_trauma.jpg\",\"datePublished\":\"2019-08-29T15:38:00+00:00\",\"dateModified\":\"2021-03-12T15:51:03+00:00\",\"description\":\"Lib\u00e9rez-vous de vos traumas ! Dans ce livre, l'auteur vous aide \u00e0 sortir de vos traumatisme par le pardon qui devient une v\u00e9ritable recette de libert\u00e9 !\",\"breadcrumb\":{\"@id\":\"https:\\\/\\\/editionsdudauphin.com\\\/en\\\/livre\\\/subjects\\\/personal-growth-psycho\\\/personal-growth\\\/se-guerir-par-le-pardon-se-liberer-pour-mieux-vivre#breadcrumb\"},\"inLanguage\":\"en-US\",\"potentialAction\":[{\"@type\":\"ReadAction\",\"target\":[\"https:\\\/\\\/editionsdudauphin.com\\\/en\\\/livre\\\/subjects\\\/personal-growth-psycho\\\/personal-growth\\\/se-guerir-par-le-pardon-se-liberer-pour-mieux-vivre\"]}]},{\"@type\":\"ImageObject\",\"inLanguage\":\"en-US\",\"@id\":\"https:\\\/\\\/editionsdudauphin.com\\\/en\\\/livre\\\/subjects\\\/personal-growth-psycho\\\/personal-growth\\\/se-guerir-par-le-pardon-se-liberer-pour-mieux-vivre#primaryimage\",\"url\":\"https:\\\/\\\/editionsdudauphin.com\\\/wp-content\\\/uploads\\\/2017\\\/09\\\/9782716317047_pardon_trauma.jpg\",\"contentUrl\":\"https:\\\/\\\/editionsdudauphin.com\\\/wp-content\\\/uploads\\\/2017\\\/09\\\/9782716317047_pardon_trauma.jpg\",\"width\":1180,\"height\":1747,\"caption\":\"livre se gu\u00e9rir par le pardon se lib\u00e9rer de ses traumas\"},{\"@type\":\"BreadcrumbList\",\"@id\":\"https:\\\/\\\/editionsdudauphin.com\\\/en\\\/livre\\\/subjects\\\/personal-growth-psycho\\\/personal-growth\\\/se-guerir-par-le-pardon-se-liberer-pour-mieux-vivre#breadcrumb\",\"itemListElement\":[{\"@type\":\"ListItem\",\"position\":1,\"name\":\"Accueil\",\"item\":\"https:\\\/\\\/editionsdudauphin.com\\\/en\"},{\"@type\":\"ListItem\",\"position\":2,\"name\":\"Boutique\",\"item\":\"https:\\\/\\\/editionsdudauphin.com\\\/boutique\"},{\"@type\":\"ListItem\",\"position\":3,\"name\":\"Se gu\u00e9rir par le pardon &#8211; lib\u00e9rez vous de vos traumas\"}]},{\"@type\":\"WebSite\",\"@id\":\"https:\\\/\\\/editionsdudauphin.com\\\/en#website\",\"url\":\"https:\\\/\\\/editionsdudauphin.com\\\/en\",\"name\":\"\u00c9ditions du Dauphin\",\"description\":\"\",\"potentialAction\":[{\"@type\":\"SearchAction\",\"target\":{\"@type\":\"EntryPoint\",\"urlTemplate\":\"https:\\\/\\\/editionsdudauphin.com\\\/en?s={search_term_string}\"},\"query-input\":{\"@type\":\"PropertyValueSpecification\",\"valueRequired\":true,\"valueName\":\"search_term_string\"}}],\"inLanguage\":\"en-US\"}]}<\/script>\n<!-- \/ Yoast SEO plugin. -->","yoast_head_json":{"title":"Se gu\u00e9rir par le pardon - lib\u00e9rez vous de vos traumas","description":"Lib\u00e9rez-vous de vos traumas ! Dans ce livre, l'auteur vous aide \u00e0 sortir de vos traumatisme par le pardon qui devient une v\u00e9ritable recette de libert\u00e9 !","robots":{"index":"index","follow":"follow","max-snippet":"max-snippet:-1","max-image-preview":"max-image-preview:large","max-video-preview":"max-video-preview:-1"},"canonical":"https:\/\/editionsdudauphin.com\/en\/livre\/subjects\/personal-growth-psycho\/personal-growth\/se-guerir-par-le-pardon-se-liberer-pour-mieux-vivre","og_locale":"en_US","og_type":"article","og_title":"Se gu\u00e9rir par le pardon - lib\u00e9rez vous de vos traumas","og_description":"Lib\u00e9rez-vous de vos traumas ! Dans ce livre, l'auteur vous aide \u00e0 sortir de vos traumatisme par le pardon qui devient une v\u00e9ritable recette de libert\u00e9 !","og_url":"https:\/\/editionsdudauphin.com\/en\/livre\/subjects\/personal-growth-psycho\/personal-growth\/se-guerir-par-le-pardon-se-liberer-pour-mieux-vivre","og_site_name":"\u00c9ditions du Dauphin","article_modified_time":"2021-03-12T15:51:03+00:00","og_image":[{"width":1180,"height":1747,"url":"https:\/\/editionsdudauphin.com\/wp-content\/uploads\/2017\/09\/9782716317047_pardon_trauma.jpg","type":"image\/jpeg"}],"twitter_card":"summary_large_image","twitter_misc":{"Est. reading time":"1 minute"},"schema":{"@context":"https:\/\/schema.org","@graph":[{"@type":"WebPage","@id":"https:\/\/editionsdudauphin.com\/en\/livre\/subjects\/personal-growth-psycho\/personal-growth\/se-guerir-par-le-pardon-se-liberer-pour-mieux-vivre","url":"https:\/\/editionsdudauphin.com\/en\/livre\/subjects\/personal-growth-psycho\/personal-growth\/se-guerir-par-le-pardon-se-liberer-pour-mieux-vivre","name":"Se gu\u00e9rir par le pardon - lib\u00e9rez vous de vos traumas","isPartOf":{"@id":"https:\/\/editionsdudauphin.com\/en#website"},"primaryImageOfPage":{"@id":"https:\/\/editionsdudauphin.com\/en\/livre\/subjects\/personal-growth-psycho\/personal-growth\/se-guerir-par-le-pardon-se-liberer-pour-mieux-vivre#primaryimage"},"image":{"@id":"https:\/\/editionsdudauphin.com\/en\/livre\/subjects\/personal-growth-psycho\/personal-growth\/se-guerir-par-le-pardon-se-liberer-pour-mieux-vivre#primaryimage"},"thumbnailUrl":"https:\/\/editionsdudauphin.com\/wp-content\/uploads\/2017\/09\/9782716317047_pardon_trauma.jpg","datePublished":"2019-08-29T15:38:00+00:00","dateModified":"2021-03-12T15:51:03+00:00","description":"Lib\u00e9rez-vous de vos traumas ! Dans ce livre, l'auteur vous aide \u00e0 sortir de vos traumatisme par le pardon qui devient une v\u00e9ritable recette de libert\u00e9 !","breadcrumb":{"@id":"https:\/\/editionsdudauphin.com\/en\/livre\/subjects\/personal-growth-psycho\/personal-growth\/se-guerir-par-le-pardon-se-liberer-pour-mieux-vivre#breadcrumb"},"inLanguage":"en-US","potentialAction":[{"@type":"ReadAction","target":["https:\/\/editionsdudauphin.com\/en\/livre\/subjects\/personal-growth-psycho\/personal-growth\/se-guerir-par-le-pardon-se-liberer-pour-mieux-vivre"]}]},{"@type":"ImageObject","inLanguage":"en-US","@id":"https:\/\/editionsdudauphin.com\/en\/livre\/subjects\/personal-growth-psycho\/personal-growth\/se-guerir-par-le-pardon-se-liberer-pour-mieux-vivre#primaryimage","url":"https:\/\/editionsdudauphin.com\/wp-content\/uploads\/2017\/09\/9782716317047_pardon_trauma.jpg","contentUrl":"https:\/\/editionsdudauphin.com\/wp-content\/uploads\/2017\/09\/9782716317047_pardon_trauma.jpg","width":1180,"height":1747,"caption":"livre se gu\u00e9rir par le pardon se lib\u00e9rer de ses traumas"},{"@type":"BreadcrumbList","@id":"https:\/\/editionsdudauphin.com\/en\/livre\/subjects\/personal-growth-psycho\/personal-growth\/se-guerir-par-le-pardon-se-liberer-pour-mieux-vivre#breadcrumb","itemListElement":[{"@type":"ListItem","position":1,"name":"Accueil","item":"https:\/\/editionsdudauphin.com\/en"},{"@type":"ListItem","position":2,"name":"Boutique","item":"https:\/\/editionsdudauphin.com\/boutique"},{"@type":"ListItem","position":3,"name":"Se gu\u00e9rir par le pardon &#8211; lib\u00e9rez vous de vos traumas"}]},{"@type":"WebSite","@id":"https:\/\/editionsdudauphin.com\/en#website","url":"https:\/\/editionsdudauphin.com\/en","name":"\u00c9ditions du Dauphin","description":"","potentialAction":[{"@type":"SearchAction","target":{"@type":"EntryPoint","urlTemplate":"https:\/\/editionsdudauphin.com\/en?s={search_term_string}"},"query-input":{"@type":"PropertyValueSpecification","valueRequired":true,"valueName":"search_term_string"}}],"inLanguage":"en-US"}]}},"_links":{"self":[{"href":"https:\/\/editionsdudauphin.com\/en\/wp-json\/wp\/v2\/product\/8670","targetHints":{"allow":["GET"]}}],"collection":[{"href":"https:\/\/editionsdudauphin.com\/en\/wp-json\/wp\/v2\/product"}],"about":[{"href":"https:\/\/editionsdudauphin.com\/en\/wp-json\/wp\/v2\/types\/product"}],"wp:featuredmedia":[{"embeddable":true,"href":"https:\/\/editionsdudauphin.com\/en\/wp-json\/wp\/v2\/media\/5153"}],"wp:attachment":[{"href":"https:\/\/editionsdudauphin.com\/en\/wp-json\/wp\/v2\/media?parent=8670"}],"wp:term":[{"taxonomy":"product_brand","embeddable":true,"href":"https:\/\/editionsdudauphin.com\/en\/wp-json\/wp\/v2\/product_brand?post=8670"},{"taxonomy":"product_cat","embeddable":true,"href":"https:\/\/editionsdudauphin.com\/en\/wp-json\/wp\/v2\/product_cat?post=8670"},{"taxonomy":"product_tag","embeddable":true,"href":"https:\/\/editionsdudauphin.com\/en\/wp-json\/wp\/v2\/product_tag?post=8670"}],"curies":[{"name":"wp","href":"https:\/\/api.w.org\/{rel}","templated":true}]}}